{"id":7430,"date":"2024-02-25T13:53:21","date_gmt":"2024-02-25T18:53:21","guid":{"rendered":"https:\/\/centroferreterofarvel.com\/?post_type=product&#038;p=7430"},"modified":"2024-04-11T16:07:22","modified_gmt":"2024-04-11T21:07:22","slug":"lima-redonda-8-fina","status":"publish","type":"product","link":"https:\/\/centroferreterofarvel.com\/index.php\/producto\/lima-redonda-8-fina\/","title":{"rendered":"LIMA REDONDA 8&#8243; FINA"},"content":{"rendered":"<p>La Lima Redonda Bastarda es una herramienta vers\u00e1til y esencial para diversas aplicaciones, desde trabajos de construcci\u00f3n hasta tareas de precisi\u00f3n. La lima redonda se distingue por su forma cil\u00edndrica, ideal para acceder a \u00e1reas de dif\u00edcil alcance y para trabajar en superficies curvas. Su dise\u00f1o permite realizar trabajos de precisi\u00f3n en diversos materiales. Su dise\u00f1o redondo facilita el acceso a espacios estrechos y la convierte en un complemento esencial para tu caja de herramientas.<\/p>\n","protected":false},"excerpt":{"rendered":"<p>Herramienta Esencial para Trabajos de Precisi\u00f3n: Lima Redonda Bastarda.<\/p>\n","protected":false},"featured_media":7431,"comment_status":"open","ping_status":"closed","template":"","meta":{"_uag_custom_page_level_css":""},"product_cat":[139,145],"product_tag":[1147,318,643,1151,1148,1146,1149,1150],"jetpack_sharing_enabled":true,"uagb_featured_image_src":{"full":["https:\/\/centroferreterofarvel.com\/wp-content\/uploads\/2024\/02\/LIMA-REDONDA-8-FINA.png",1080,1350,false],"thumbnail":["https:\/\/centroferreterofarvel.com\/wp-content\/uploads\/2024\/02\/LIMA-REDONDA-8-FINA-150x150.png",150,150,true],"medium":["https:\/\/centroferreterofarvel.com\/wp-content\/uploads\/2024\/02\/LIMA-REDONDA-8-FINA-240x300.png",240,300,true],"medium_large":["https:\/\/centroferreterofarvel.com\/wp-content\/uploads\/2024\/02\/LIMA-REDONDA-8-FINA-768x960.png",768,960,true],"large":["https:\/\/centroferreterofarvel.com\/wp-content\/uploads\/2024\/02\/LIMA-REDONDA-8-FINA-819x1024.png",819,1024,true],"1536x1536":["https:\/\/centroferreterofarvel.com\/wp-content\/uploads\/2024\/02\/LIMA-REDONDA-8-FINA.png",1080,1350,false],"2048x2048":["https:\/\/centroferreterofarvel.com\/wp-content\/uploads\/2024\/02\/LIMA-REDONDA-8-FINA.png",1080,1350,false],"mailpoet_newsletter_max":["https:\/\/centroferreterofarvel.com\/wp-content\/uploads\/2024\/02\/LIMA-REDONDA-8-FINA.png",1080,1350,false],"woocommerce_thumbnail":["https:\/\/centroferreterofarvel.com\/wp-content\/uploads\/2024\/02\/LIMA-REDONDA-8-FINA-450x450.png",450,450,true],"woocommerce_single":["https:\/\/centroferreterofarvel.com\/wp-content\/uploads\/2024\/02\/LIMA-REDONDA-8-FINA-600x750.png",600,750,true],"woocommerce_gallery_thumbnail":["https:\/\/centroferreterofarvel.com\/wp-content\/uploads\/2024\/02\/LIMA-REDONDA-8-FINA-100x100.png",100,100,true]},"uagb_author_info":{"display_name":"centroferreterofarvel","author_link":"https:\/\/centroferreterofarvel.com\/index.php\/author\/"},"uagb_comment_info":0,"uagb_excerpt":"Herramienta Esencial para Trabajos de Precisi\u00f3n: Lima Redonda Bastarda.","_links":{"self":[{"href":"https:\/\/centroferreterofarvel.com\/index.php\/wp-json\/wp\/v2\/product\/7430"}],"collection":[{"href":"https:\/\/centroferreterofarvel.com\/index.php\/wp-json\/wp\/v2\/product"}],"about":[{"href":"https:\/\/centroferreterofarvel.com\/index.php\/wp-json\/wp\/v2\/types\/product"}],"replies":[{"embeddable":true,"href":"https:\/\/centroferreterofarvel.com\/index.php\/wp-json\/wp\/v2\/comments?post=7430"}],"version-history":[{"count":3,"href":"https:\/\/centroferreterofarvel.com\/index.php\/wp-json\/wp\/v2\/product\/7430\/revisions"}],"predecessor-version":[{"id":10152,"href":"https:\/\/centroferreterofarvel.com\/index.php\/wp-json\/wp\/v2\/product\/7430\/revisions\/10152"}],"wp:featuredmedia":[{"embeddable":true,"href":"https:\/\/centroferreterofarvel.com\/index.php\/wp-json\/wp\/v2\/media\/7431"}],"wp:attachment":[{"href":"https:\/\/centroferreterofarvel.com\/index.php\/wp-json\/wp\/v2\/media?parent=7430"}],"wp:term":[{"taxonomy":"product_cat","embeddable":true,"href":"https:\/\/centroferreterofarvel.com\/index.php\/wp-json\/wp\/v2\/product_cat?post=7430"},{"taxonomy":"product_tag","embeddable":true,"href":"https:\/\/centroferreterofarvel.com\/index.php\/wp-json\/wp\/v2\/product_tag?post=7430"}],"curies":[{"name":"wp","href":"https:\/\/api.w.org\/{rel}","templated":true}]}}