{"id":7433,"date":"2024-02-25T14:01:29","date_gmt":"2024-02-25T19:01:29","guid":{"rendered":"https:\/\/centroferreterofarvel.com\/?post_type=product&#038;p=7433"},"modified":"2024-04-11T16:06:26","modified_gmt":"2024-04-11T21:06:26","slug":"limpiador-de-contacto-220ml","status":"publish","type":"product","link":"https:\/\/centroferreterofarvel.com\/index.php\/producto\/limpiador-de-contacto-220ml\/","title":{"rendered":"LIMPIADOR DE CONTACTO 220ML"},"content":{"rendered":"<p>Descubre el Limpiador de Contactos de 220 ml, la soluci\u00f3n ideal para mantener tus dispositivos electr\u00f3nicos y conexiones en \u00f3ptimas condiciones. Con su f\u00f3rmula avanzada, este limpiador proporciona una limpieza profunda y efectiva, asegurando un rendimiento el\u00e9ctrico confiable. El Limpiador de Contactos est\u00e1 formulado con ingredientes de alta calidad para disolver y eliminar de manera eficaz residuos de \u00f3xido, polvo, suciedad y otros contaminantes que afectan el rendimiento de los contactos el\u00e9ctricos. Mant\u00e9n tus conexiones el\u00e9ctricas en perfecto estado con el Limpiador de Contactos de 220 ml.<\/p>\n","protected":false},"excerpt":{"rendered":"<p>Potente Limpiador de Contactos El\u00e9ctricos &#8211; 220 ml.<\/p>\n","protected":false},"featured_media":7434,"comment_status":"open","ping_status":"closed","template":"","meta":{"_uag_custom_page_level_css":""},"product_cat":[15,131],"product_tag":[1156,1154,1152,1155,1153],"jetpack_sharing_enabled":true,"uagb_featured_image_src":{"full":["https:\/\/centroferreterofarvel.com\/wp-content\/uploads\/2024\/02\/LIMPIADOR-DE-CONTACTO-220ML.png",1080,1350,false],"thumbnail":["https:\/\/centroferreterofarvel.com\/wp-content\/uploads\/2024\/02\/LIMPIADOR-DE-CONTACTO-220ML-150x150.png",150,150,true],"medium":["https:\/\/centroferreterofarvel.com\/wp-content\/uploads\/2024\/02\/LIMPIADOR-DE-CONTACTO-220ML-240x300.png",240,300,true],"medium_large":["https:\/\/centroferreterofarvel.com\/wp-content\/uploads\/2024\/02\/LIMPIADOR-DE-CONTACTO-220ML-768x960.png",768,960,true],"large":["https:\/\/centroferreterofarvel.com\/wp-content\/uploads\/2024\/02\/LIMPIADOR-DE-CONTACTO-220ML-819x1024.png",819,1024,true],"1536x1536":["https:\/\/centroferreterofarvel.com\/wp-content\/uploads\/2024\/02\/LIMPIADOR-DE-CONTACTO-220ML.png",1080,1350,false],"2048x2048":["https:\/\/centroferreterofarvel.com\/wp-content\/uploads\/2024\/02\/LIMPIADOR-DE-CONTACTO-220ML.png",1080,1350,false],"mailpoet_newsletter_max":["https:\/\/centroferreterofarvel.com\/wp-content\/uploads\/2024\/02\/LIMPIADOR-DE-CONTACTO-220ML.png",1080,1350,false],"woocommerce_thumbnail":["https:\/\/centroferreterofarvel.com\/wp-content\/uploads\/2024\/02\/LIMPIADOR-DE-CONTACTO-220ML-450x450.png",450,450,true],"woocommerce_single":["https:\/\/centroferreterofarvel.com\/wp-content\/uploads\/2024\/02\/LIMPIADOR-DE-CONTACTO-220ML-600x750.png",600,750,true],"woocommerce_gallery_thumbnail":["https:\/\/centroferreterofarvel.com\/wp-content\/uploads\/2024\/02\/LIMPIADOR-DE-CONTACTO-220ML-100x100.png",100,100,true]},"uagb_author_info":{"display_name":"centroferreterofarvel","author_link":"https:\/\/centroferreterofarvel.com\/index.php\/author\/"},"uagb_comment_info":0,"uagb_excerpt":"Potente Limpiador de Contactos El\u00e9ctricos - 220 ml.","_links":{"self":[{"href":"https:\/\/centroferreterofarvel.com\/index.php\/wp-json\/wp\/v2\/product\/7433"}],"collection":[{"href":"https:\/\/centroferreterofarvel.com\/index.php\/wp-json\/wp\/v2\/product"}],"about":[{"href":"https:\/\/centroferreterofarvel.com\/index.php\/wp-json\/wp\/v2\/types\/product"}],"replies":[{"embeddable":true,"href":"https:\/\/centroferreterofarvel.com\/index.php\/wp-json\/wp\/v2\/comments?post=7433"}],"version-history":[{"count":3,"href":"https:\/\/centroferreterofarvel.com\/index.php\/wp-json\/wp\/v2\/product\/7433\/revisions"}],"predecessor-version":[{"id":10151,"href":"https:\/\/centroferreterofarvel.com\/index.php\/wp-json\/wp\/v2\/product\/7433\/revisions\/10151"}],"wp:featuredmedia":[{"embeddable":true,"href":"https:\/\/centroferreterofarvel.com\/index.php\/wp-json\/wp\/v2\/media\/7434"}],"wp:attachment":[{"href":"https:\/\/centroferreterofarvel.com\/index.php\/wp-json\/wp\/v2\/media?parent=7433"}],"wp:term":[{"taxonomy":"product_cat","embeddable":true,"href":"https:\/\/centroferreterofarvel.com\/index.php\/wp-json\/wp\/v2\/product_cat?post=7433"},{"taxonomy":"product_tag","embeddable":true,"href":"https:\/\/centroferreterofarvel.com\/index.php\/wp-json\/wp\/v2\/product_tag?post=7433"}],"curies":[{"name":"wp","href":"https:\/\/api.w.org\/{rel}","templated":true}]}}