{"id":7482,"date":"2024-02-25T16:04:08","date_gmt":"2024-02-25T21:04:08","guid":{"rendered":"https:\/\/centroferreterofarvel.com\/?post_type=product&#038;p=7482"},"modified":"2024-07-08T12:49:21","modified_gmt":"2024-07-08T17:49:21","slug":"llave-pico-lord-10blst-pro-comando","status":"publish","type":"product","link":"https:\/\/centroferreterofarvel.com\/index.php\/producto\/llave-pico-lord-10blst-pro-comando\/","title":{"rendered":"LLAVE PICO LORO COMANDO"},"content":{"rendered":"<p>La Llave Pico Lord Comando es la elecci\u00f3n ideal para profesionales que buscan una herramienta robusta y confiable. Dise\u00f1ada para ofrecer un rendimiento excepcional en diversos trabajos, esta llave es esencial en tu caja de herramientas. El acabado profesional no solo contribuye a la est\u00e9tica de la herramienta, sino que tambi\u00e9n protege contra la corrosi\u00f3n, asegurando una larga vida \u00fatil. La resistencia a la oxidaci\u00f3n y al desgaste mejora la durabilidad de la llave. Afronta tus desaf\u00edos profesionales con la confianza que brinda la Llave Pico Lord Comando.<\/p>\n","protected":false},"excerpt":{"rendered":"<p>Llave Pico Lord Comando: Herramienta de Alto Rendimiento para Profesionales.<\/p>\n","protected":false},"featured_media":9405,"comment_status":"open","ping_status":"closed","template":"","meta":{"_uag_custom_page_level_css":""},"product_cat":[139,146],"product_tag":[989,506,1189,1188,1190],"jetpack_sharing_enabled":true,"uagb_featured_image_src":{"full":["https:\/\/centroferreterofarvel.com\/wp-content\/uploads\/2024\/02\/LLAVE-PICOLORD-10BLST-PRO-COMANDO-1.png",1080,1350,false],"thumbnail":["https:\/\/centroferreterofarvel.com\/wp-content\/uploads\/2024\/02\/LLAVE-PICOLORD-10BLST-PRO-COMANDO-1-150x150.png",150,150,true],"medium":["https:\/\/centroferreterofarvel.com\/wp-content\/uploads\/2024\/02\/LLAVE-PICOLORD-10BLST-PRO-COMANDO-1-240x300.png",240,300,true],"medium_large":["https:\/\/centroferreterofarvel.com\/wp-content\/uploads\/2024\/02\/LLAVE-PICOLORD-10BLST-PRO-COMANDO-1-768x960.png",768,960,true],"large":["https:\/\/centroferreterofarvel.com\/wp-content\/uploads\/2024\/02\/LLAVE-PICOLORD-10BLST-PRO-COMANDO-1-819x1024.png",819,1024,true],"1536x1536":["https:\/\/centroferreterofarvel.com\/wp-content\/uploads\/2024\/02\/LLAVE-PICOLORD-10BLST-PRO-COMANDO-1.png",1080,1350,false],"2048x2048":["https:\/\/centroferreterofarvel.com\/wp-content\/uploads\/2024\/02\/LLAVE-PICOLORD-10BLST-PRO-COMANDO-1.png",1080,1350,false],"mailpoet_newsletter_max":["https:\/\/centroferreterofarvel.com\/wp-content\/uploads\/2024\/02\/LLAVE-PICOLORD-10BLST-PRO-COMANDO-1.png",1080,1350,false],"woocommerce_thumbnail":["https:\/\/centroferreterofarvel.com\/wp-content\/uploads\/2024\/02\/LLAVE-PICOLORD-10BLST-PRO-COMANDO-1-450x450.png",450,450,true],"woocommerce_single":["https:\/\/centroferreterofarvel.com\/wp-content\/uploads\/2024\/02\/LLAVE-PICOLORD-10BLST-PRO-COMANDO-1-600x750.png",600,750,true],"woocommerce_gallery_thumbnail":["https:\/\/centroferreterofarvel.com\/wp-content\/uploads\/2024\/02\/LLAVE-PICOLORD-10BLST-PRO-COMANDO-1-100x100.png",100,100,true]},"uagb_author_info":{"display_name":"centroferreterofarvel","author_link":"https:\/\/centroferreterofarvel.com\/index.php\/author\/"},"uagb_comment_info":0,"uagb_excerpt":"Llave Pico Lord Comando: Herramienta de Alto Rendimiento para Profesionales.","_links":{"self":[{"href":"https:\/\/centroferreterofarvel.com\/index.php\/wp-json\/wp\/v2\/product\/7482"}],"collection":[{"href":"https:\/\/centroferreterofarvel.com\/index.php\/wp-json\/wp\/v2\/product"}],"about":[{"href":"https:\/\/centroferreterofarvel.com\/index.php\/wp-json\/wp\/v2\/types\/product"}],"replies":[{"embeddable":true,"href":"https:\/\/centroferreterofarvel.com\/index.php\/wp-json\/wp\/v2\/comments?post=7482"}],"version-history":[{"count":6,"href":"https:\/\/centroferreterofarvel.com\/index.php\/wp-json\/wp\/v2\/product\/7482\/revisions"}],"predecessor-version":[{"id":11157,"href":"https:\/\/centroferreterofarvel.com\/index.php\/wp-json\/wp\/v2\/product\/7482\/revisions\/11157"}],"wp:featuredmedia":[{"embeddable":true,"href":"https:\/\/centroferreterofarvel.com\/index.php\/wp-json\/wp\/v2\/media\/9405"}],"wp:attachment":[{"href":"https:\/\/centroferreterofarvel.com\/index.php\/wp-json\/wp\/v2\/media?parent=7482"}],"wp:term":[{"taxonomy":"product_cat","embeddable":true,"href":"https:\/\/centroferreterofarvel.com\/index.php\/wp-json\/wp\/v2\/product_cat?post=7482"},{"taxonomy":"product_tag","embeddable":true,"href":"https:\/\/centroferreterofarvel.com\/index.php\/wp-json\/wp\/v2\/product_tag?post=7482"}],"curies":[{"name":"wp","href":"https:\/\/api.w.org\/{rel}","templated":true}]}}