{"id":7488,"date":"2024-02-25T17:46:59","date_gmt":"2024-02-25T22:46:59","guid":{"rendered":"https:\/\/centroferreterofarvel.com\/?post_type=product&#038;p=7488"},"modified":"2024-04-11T15:44:15","modified_gmt":"2024-04-11T20:44:15","slug":"llave-tubo-universal-10-qsb","status":"publish","type":"product","link":"https:\/\/centroferreterofarvel.com\/index.php\/producto\/llave-tubo-universal-10-qsb\/","title":{"rendered":"LLAVE TUBO UNIVERSAL 10 QSB"},"content":{"rendered":"<p>La Llave Tubo Universal 10 QSB es una herramienta esencial para cualquier profesional de la plomer\u00eda, as\u00ed como para entusiastas del bricolaje. La llave tubo universal est\u00e1 dise\u00f1ada para adaptarse a una variedad de tama\u00f1os de tubos. Con capacidad para trabajar con tubos de hasta 10 pulgadas, se convierte en una herramienta vers\u00e1til que puede abordar una amplia gama de proyectos de plomer\u00eda y reparaci\u00f3n. Agrega esta herramienta vers\u00e1til a tu kit y disfruta de la facilidad de ajustes precisos en una variedad de proyectos.<\/p>\n","protected":false},"excerpt":{"rendered":"<p>Llave Tubo Universal 10 QSB: La Herramienta Indispensable para Plomer\u00eda y M\u00e1s.<\/p>\n","protected":false},"featured_media":7489,"comment_status":"open","ping_status":"closed","template":"","meta":{"_uag_custom_page_level_css":""},"product_cat":[139,146],"product_tag":[313,506,1192,1193,642,1194],"jetpack_sharing_enabled":true,"uagb_featured_image_src":{"full":["https:\/\/centroferreterofarvel.com\/wp-content\/uploads\/2024\/02\/LLAVE-TUBO-UNIVERSAL-10-QSB.png",1080,1350,false],"thumbnail":["https:\/\/centroferreterofarvel.com\/wp-content\/uploads\/2024\/02\/LLAVE-TUBO-UNIVERSAL-10-QSB-150x150.png",150,150,true],"medium":["https:\/\/centroferreterofarvel.com\/wp-content\/uploads\/2024\/02\/LLAVE-TUBO-UNIVERSAL-10-QSB-240x300.png",240,300,true],"medium_large":["https:\/\/centroferreterofarvel.com\/wp-content\/uploads\/2024\/02\/LLAVE-TUBO-UNIVERSAL-10-QSB-768x960.png",768,960,true],"large":["https:\/\/centroferreterofarvel.com\/wp-content\/uploads\/2024\/02\/LLAVE-TUBO-UNIVERSAL-10-QSB-819x1024.png",819,1024,true],"1536x1536":["https:\/\/centroferreterofarvel.com\/wp-content\/uploads\/2024\/02\/LLAVE-TUBO-UNIVERSAL-10-QSB.png",1080,1350,false],"2048x2048":["https:\/\/centroferreterofarvel.com\/wp-content\/uploads\/2024\/02\/LLAVE-TUBO-UNIVERSAL-10-QSB.png",1080,1350,false],"mailpoet_newsletter_max":["https:\/\/centroferreterofarvel.com\/wp-content\/uploads\/2024\/02\/LLAVE-TUBO-UNIVERSAL-10-QSB.png",1080,1350,false],"woocommerce_thumbnail":["https:\/\/centroferreterofarvel.com\/wp-content\/uploads\/2024\/02\/LLAVE-TUBO-UNIVERSAL-10-QSB-450x450.png",450,450,true],"woocommerce_single":["https:\/\/centroferreterofarvel.com\/wp-content\/uploads\/2024\/02\/LLAVE-TUBO-UNIVERSAL-10-QSB-600x750.png",600,750,true],"woocommerce_gallery_thumbnail":["https:\/\/centroferreterofarvel.com\/wp-content\/uploads\/2024\/02\/LLAVE-TUBO-UNIVERSAL-10-QSB-100x100.png",100,100,true]},"uagb_author_info":{"display_name":"centroferreterofarvel","author_link":"https:\/\/centroferreterofarvel.com\/index.php\/author\/"},"uagb_comment_info":0,"uagb_excerpt":"Llave Tubo Universal 10 QSB: La Herramienta Indispensable para Plomer\u00eda y M\u00e1s.","_links":{"self":[{"href":"https:\/\/centroferreterofarvel.com\/index.php\/wp-json\/wp\/v2\/product\/7488"}],"collection":[{"href":"https:\/\/centroferreterofarvel.com\/index.php\/wp-json\/wp\/v2\/product"}],"about":[{"href":"https:\/\/centroferreterofarvel.com\/index.php\/wp-json\/wp\/v2\/types\/product"}],"replies":[{"embeddable":true,"href":"https:\/\/centroferreterofarvel.com\/index.php\/wp-json\/wp\/v2\/comments?post=7488"}],"version-history":[{"count":2,"href":"https:\/\/centroferreterofarvel.com\/index.php\/wp-json\/wp\/v2\/product\/7488\/revisions"}],"predecessor-version":[{"id":8230,"href":"https:\/\/centroferreterofarvel.com\/index.php\/wp-json\/wp\/v2\/product\/7488\/revisions\/8230"}],"wp:featuredmedia":[{"embeddable":true,"href":"https:\/\/centroferreterofarvel.com\/index.php\/wp-json\/wp\/v2\/media\/7489"}],"wp:attachment":[{"href":"https:\/\/centroferreterofarvel.com\/index.php\/wp-json\/wp\/v2\/media?parent=7488"}],"wp:term":[{"taxonomy":"product_cat","embeddable":true,"href":"https:\/\/centroferreterofarvel.com\/index.php\/wp-json\/wp\/v2\/product_cat?post=7488"},{"taxonomy":"product_tag","embeddable":true,"href":"https:\/\/centroferreterofarvel.com\/index.php\/wp-json\/wp\/v2\/product_tag?post=7488"}],"curies":[{"name":"wp","href":"https:\/\/api.w.org\/{rel}","templated":true}]}}