{"id":7497,"date":"2024-02-25T18:06:16","date_gmt":"2024-02-25T23:06:16","guid":{"rendered":"https:\/\/centroferreterofarvel.com\/?post_type=product&#038;p=7497"},"modified":"2024-04-11T15:39:48","modified_gmt":"2024-04-11T20:39:48","slug":"manguera-1-2-cristal-truper","status":"publish","type":"product","link":"https:\/\/centroferreterofarvel.com\/index.php\/producto\/manguera-1-2-cristal-truper\/","title":{"rendered":"MANGUERA 1\/2 CRISTAL TRUPER"},"content":{"rendered":"<p>La Manguera de Cristal 1\/2 Truper es la soluci\u00f3n perfecta para tus necesidades de riego en el hogar, el jard\u00edn o cualquier entorno donde se requiera un suministro de agua confiable y eficiente. La manguera est\u00e1 fabricada con material de cristal de alta resistencia que proporciona durabilidad y flexibilidad. Este material asegura que la manguera pueda soportar el desgaste diario y las condiciones ambientales adversas. Conf\u00eda en la calidad Truper para satisfacer tus necesidades de riego de manera eficiente y duradera.<\/p>\n","protected":false},"excerpt":{"rendered":"<p>Manguera de Cristal 1\/2 Truper: Resistente y Vers\u00e1til para tus Necesidades de Riego.<\/p>\n","protected":false},"featured_media":7498,"comment_status":"open","ping_status":"closed","template":"","meta":{"_uag_custom_page_level_css":""},"product_cat":[15,129],"product_tag":[1204,1205,1206,1202,1203],"jetpack_sharing_enabled":true,"uagb_featured_image_src":{"full":["https:\/\/centroferreterofarvel.com\/wp-content\/uploads\/2024\/02\/MANGUERA-12-CRISTAL-TRUPER.png",1080,1350,false],"thumbnail":["https:\/\/centroferreterofarvel.com\/wp-content\/uploads\/2024\/02\/MANGUERA-12-CRISTAL-TRUPER-150x150.png",150,150,true],"medium":["https:\/\/centroferreterofarvel.com\/wp-content\/uploads\/2024\/02\/MANGUERA-12-CRISTAL-TRUPER-240x300.png",240,300,true],"medium_large":["https:\/\/centroferreterofarvel.com\/wp-content\/uploads\/2024\/02\/MANGUERA-12-CRISTAL-TRUPER-768x960.png",768,960,true],"large":["https:\/\/centroferreterofarvel.com\/wp-content\/uploads\/2024\/02\/MANGUERA-12-CRISTAL-TRUPER-819x1024.png",819,1024,true],"1536x1536":["https:\/\/centroferreterofarvel.com\/wp-content\/uploads\/2024\/02\/MANGUERA-12-CRISTAL-TRUPER.png",1080,1350,false],"2048x2048":["https:\/\/centroferreterofarvel.com\/wp-content\/uploads\/2024\/02\/MANGUERA-12-CRISTAL-TRUPER.png",1080,1350,false],"mailpoet_newsletter_max":["https:\/\/centroferreterofarvel.com\/wp-content\/uploads\/2024\/02\/MANGUERA-12-CRISTAL-TRUPER.png",1080,1350,false],"woocommerce_thumbnail":["https:\/\/centroferreterofarvel.com\/wp-content\/uploads\/2024\/02\/MANGUERA-12-CRISTAL-TRUPER-450x450.png",450,450,true],"woocommerce_single":["https:\/\/centroferreterofarvel.com\/wp-content\/uploads\/2024\/02\/MANGUERA-12-CRISTAL-TRUPER-600x750.png",600,750,true],"woocommerce_gallery_thumbnail":["https:\/\/centroferreterofarvel.com\/wp-content\/uploads\/2024\/02\/MANGUERA-12-CRISTAL-TRUPER-100x100.png",100,100,true]},"uagb_author_info":{"display_name":"centroferreterofarvel","author_link":"https:\/\/centroferreterofarvel.com\/index.php\/author\/"},"uagb_comment_info":0,"uagb_excerpt":"Manguera de Cristal 1\/2 Truper: Resistente y Vers\u00e1til para tus Necesidades de Riego.","_links":{"self":[{"href":"https:\/\/centroferreterofarvel.com\/index.php\/wp-json\/wp\/v2\/product\/7497"}],"collection":[{"href":"https:\/\/centroferreterofarvel.com\/index.php\/wp-json\/wp\/v2\/product"}],"about":[{"href":"https:\/\/centroferreterofarvel.com\/index.php\/wp-json\/wp\/v2\/types\/product"}],"replies":[{"embeddable":true,"href":"https:\/\/centroferreterofarvel.com\/index.php\/wp-json\/wp\/v2\/comments?post=7497"}],"version-history":[{"count":2,"href":"https:\/\/centroferreterofarvel.com\/index.php\/wp-json\/wp\/v2\/product\/7497\/revisions"}],"predecessor-version":[{"id":8238,"href":"https:\/\/centroferreterofarvel.com\/index.php\/wp-json\/wp\/v2\/product\/7497\/revisions\/8238"}],"wp:featuredmedia":[{"embeddable":true,"href":"https:\/\/centroferreterofarvel.com\/index.php\/wp-json\/wp\/v2\/media\/7498"}],"wp:attachment":[{"href":"https:\/\/centroferreterofarvel.com\/index.php\/wp-json\/wp\/v2\/media?parent=7497"}],"wp:term":[{"taxonomy":"product_cat","embeddable":true,"href":"https:\/\/centroferreterofarvel.com\/index.php\/wp-json\/wp\/v2\/product_cat?post=7497"},{"taxonomy":"product_tag","embeddable":true,"href":"https:\/\/centroferreterofarvel.com\/index.php\/wp-json\/wp\/v2\/product_tag?post=7497"}],"curies":[{"name":"wp","href":"https:\/\/api.w.org\/{rel}","templated":true}]}}