{"id":7509,"date":"2024-02-25T18:25:28","date_gmt":"2024-02-25T23:25:28","guid":{"rendered":"https:\/\/centroferreterofarvel.com\/?post_type=product&#038;p=7509"},"modified":"2024-04-11T15:37:29","modified_gmt":"2024-04-11T20:37:29","slug":"manguera-elect-poliet-negra-1-2-plg-c","status":"publish","type":"product","link":"https:\/\/centroferreterofarvel.com\/index.php\/producto\/manguera-elect-poliet-negra-1-2-plg-c\/","title":{"rendered":"MANGUERA EL\u00c9CTRICA POLIETILENO NEGRA 1\/2 PULGADA"},"content":{"rendered":"<p>La Manguera El\u00e9ctrica de Polietileno Negra de 1\/2 Pulgada es la elecci\u00f3n ideal para tus necesidades de conducci\u00f3n el\u00e9ctrica. Con un di\u00e1metro de 1\/2 pulgada, esta manguera es adecuada para una amplia gama de aplicaciones el\u00e9ctricas, ofreciendo versatilidad en la conducci\u00f3n de cables en diferentes entornos. La Manguera El\u00e9ctrica de Polietileno Negra de 1\/2 Pulgada es la soluci\u00f3n perfecta para tus necesidades de conducci\u00f3n el\u00e9ctrica. Su dise\u00f1o robusto, flexibilidad y versatilidad la convierten en una opci\u00f3n confiable para diversas aplicaciones. Conf\u00eda en esta manguera para proporcionar la protecci\u00f3n necesaria a tus cables el\u00e9ctricos.<\/p>\n","protected":false},"excerpt":{"rendered":"<p>Manguera El\u00e9ctrica de Polietileno Negra 1\/2 Pulgada: Versatilidad y Confiabilidad.<\/p>\n","protected":false},"featured_media":7510,"comment_status":"open","ping_status":"closed","template":"","meta":{"_uag_custom_page_level_css":""},"product_cat":[114,33],"product_tag":[344,313,539,324],"jetpack_sharing_enabled":true,"uagb_featured_image_src":{"full":["https:\/\/centroferreterofarvel.com\/wp-content\/uploads\/2024\/02\/MANGUERA-ELECT.-POLIET.-NEGRA-12-PLG.-C.png",1080,1350,false],"thumbnail":["https:\/\/centroferreterofarvel.com\/wp-content\/uploads\/2024\/02\/MANGUERA-ELECT.-POLIET.-NEGRA-12-PLG.-C-150x150.png",150,150,true],"medium":["https:\/\/centroferreterofarvel.com\/wp-content\/uploads\/2024\/02\/MANGUERA-ELECT.-POLIET.-NEGRA-12-PLG.-C-240x300.png",240,300,true],"medium_large":["https:\/\/centroferreterofarvel.com\/wp-content\/uploads\/2024\/02\/MANGUERA-ELECT.-POLIET.-NEGRA-12-PLG.-C-768x960.png",768,960,true],"large":["https:\/\/centroferreterofarvel.com\/wp-content\/uploads\/2024\/02\/MANGUERA-ELECT.-POLIET.-NEGRA-12-PLG.-C-819x1024.png",819,1024,true],"1536x1536":["https:\/\/centroferreterofarvel.com\/wp-content\/uploads\/2024\/02\/MANGUERA-ELECT.-POLIET.-NEGRA-12-PLG.-C.png",1080,1350,false],"2048x2048":["https:\/\/centroferreterofarvel.com\/wp-content\/uploads\/2024\/02\/MANGUERA-ELECT.-POLIET.-NEGRA-12-PLG.-C.png",1080,1350,false],"mailpoet_newsletter_max":["https:\/\/centroferreterofarvel.com\/wp-content\/uploads\/2024\/02\/MANGUERA-ELECT.-POLIET.-NEGRA-12-PLG.-C.png",1080,1350,false],"woocommerce_thumbnail":["https:\/\/centroferreterofarvel.com\/wp-content\/uploads\/2024\/02\/MANGUERA-ELECT.-POLIET.-NEGRA-12-PLG.-C-450x450.png",450,450,true],"woocommerce_single":["https:\/\/centroferreterofarvel.com\/wp-content\/uploads\/2024\/02\/MANGUERA-ELECT.-POLIET.-NEGRA-12-PLG.-C-600x750.png",600,750,true],"woocommerce_gallery_thumbnail":["https:\/\/centroferreterofarvel.com\/wp-content\/uploads\/2024\/02\/MANGUERA-ELECT.-POLIET.-NEGRA-12-PLG.-C-100x100.png",100,100,true]},"uagb_author_info":{"display_name":"centroferreterofarvel","author_link":"https:\/\/centroferreterofarvel.com\/index.php\/author\/"},"uagb_comment_info":0,"uagb_excerpt":"Manguera El\u00e9ctrica de Polietileno Negra 1\/2 Pulgada: Versatilidad y Confiabilidad.","_links":{"self":[{"href":"https:\/\/centroferreterofarvel.com\/index.php\/wp-json\/wp\/v2\/product\/7509"}],"collection":[{"href":"https:\/\/centroferreterofarvel.com\/index.php\/wp-json\/wp\/v2\/product"}],"about":[{"href":"https:\/\/centroferreterofarvel.com\/index.php\/wp-json\/wp\/v2\/types\/product"}],"replies":[{"embeddable":true,"href":"https:\/\/centroferreterofarvel.com\/index.php\/wp-json\/wp\/v2\/comments?post=7509"}],"version-history":[{"count":4,"href":"https:\/\/centroferreterofarvel.com\/index.php\/wp-json\/wp\/v2\/product\/7509\/revisions"}],"predecessor-version":[{"id":9635,"href":"https:\/\/centroferreterofarvel.com\/index.php\/wp-json\/wp\/v2\/product\/7509\/revisions\/9635"}],"wp:featuredmedia":[{"embeddable":true,"href":"https:\/\/centroferreterofarvel.com\/index.php\/wp-json\/wp\/v2\/media\/7510"}],"wp:attachment":[{"href":"https:\/\/centroferreterofarvel.com\/index.php\/wp-json\/wp\/v2\/media?parent=7509"}],"wp:term":[{"taxonomy":"product_cat","embeddable":true,"href":"https:\/\/centroferreterofarvel.com\/index.php\/wp-json\/wp\/v2\/product_cat?post=7509"},{"taxonomy":"product_tag","embeddable":true,"href":"https:\/\/centroferreterofarvel.com\/index.php\/wp-json\/wp\/v2\/product_tag?post=7509"}],"curies":[{"name":"wp","href":"https:\/\/api.w.org\/{rel}","templated":true}]}}