{"id":7512,"date":"2024-02-25T18:30:37","date_gmt":"2024-02-25T23:30:37","guid":{"rendered":"https:\/\/centroferreterofarvel.com\/?post_type=product&#038;p=7512"},"modified":"2024-04-11T15:35:32","modified_gmt":"2024-04-11T20:35:32","slug":"manguera-gas-in-am-5-16-50m-amarilla","status":"publish","type":"product","link":"https:\/\/centroferreterofarvel.com\/index.php\/producto\/manguera-gas-in-am-5-16-50m-amarilla\/","title":{"rendered":"MANGUERA DE GAS AMARILLA"},"content":{"rendered":"<p>La Manguera Amarilla para Gas\/Industrial de 5\/16 pulgadas con longitud de 50 metros es la elecci\u00f3n perfecta para garantizar la seguridad y eficiencia en la conducci\u00f3n de gas e instalaciones industriales. Cumple con las normativas de seguridad pertinentes, asegurando un rendimiento confiable y la protecci\u00f3n de las instalaciones y el personal. La Manguera Amarilla para Gas\/Industrial de 5\/16 pulgadas y 50 metros es la opci\u00f3n perfecta para garantizar la seguridad y eficiencia en proyectos industriales. Conf\u00eda en esta manguera para una conducci\u00f3n de gas segura y confiable en tu entorno de trabajo.<\/p>\n","protected":false},"excerpt":{"rendered":"<p>Manguera Amarilla para Gas\/Industrial 5\/16 &#8211; 50 Metros: Seguridad y Confiabilidad.<\/p>\n","protected":false},"featured_media":7513,"comment_status":"open","ping_status":"closed","template":"","meta":{"_uag_custom_page_level_css":""},"product_cat":[15,129],"product_tag":[1221,1218,1219,1220,1222],"jetpack_sharing_enabled":true,"uagb_featured_image_src":{"full":["https:\/\/centroferreterofarvel.com\/wp-content\/uploads\/2024\/02\/MANGUERA-GASIN.AM_.516.50M-AMARILLA.png",1080,1350,false],"thumbnail":["https:\/\/centroferreterofarvel.com\/wp-content\/uploads\/2024\/02\/MANGUERA-GASIN.AM_.516.50M-AMARILLA-150x150.png",150,150,true],"medium":["https:\/\/centroferreterofarvel.com\/wp-content\/uploads\/2024\/02\/MANGUERA-GASIN.AM_.516.50M-AMARILLA-240x300.png",240,300,true],"medium_large":["https:\/\/centroferreterofarvel.com\/wp-content\/uploads\/2024\/02\/MANGUERA-GASIN.AM_.516.50M-AMARILLA-768x960.png",768,960,true],"large":["https:\/\/centroferreterofarvel.com\/wp-content\/uploads\/2024\/02\/MANGUERA-GASIN.AM_.516.50M-AMARILLA-819x1024.png",819,1024,true],"1536x1536":["https:\/\/centroferreterofarvel.com\/wp-content\/uploads\/2024\/02\/MANGUERA-GASIN.AM_.516.50M-AMARILLA.png",1080,1350,false],"2048x2048":["https:\/\/centroferreterofarvel.com\/wp-content\/uploads\/2024\/02\/MANGUERA-GASIN.AM_.516.50M-AMARILLA.png",1080,1350,false],"mailpoet_newsletter_max":["https:\/\/centroferreterofarvel.com\/wp-content\/uploads\/2024\/02\/MANGUERA-GASIN.AM_.516.50M-AMARILLA.png",1080,1350,false],"woocommerce_thumbnail":["https:\/\/centroferreterofarvel.com\/wp-content\/uploads\/2024\/02\/MANGUERA-GASIN.AM_.516.50M-AMARILLA-450x450.png",450,450,true],"woocommerce_single":["https:\/\/centroferreterofarvel.com\/wp-content\/uploads\/2024\/02\/MANGUERA-GASIN.AM_.516.50M-AMARILLA-600x750.png",600,750,true],"woocommerce_gallery_thumbnail":["https:\/\/centroferreterofarvel.com\/wp-content\/uploads\/2024\/02\/MANGUERA-GASIN.AM_.516.50M-AMARILLA-100x100.png",100,100,true]},"uagb_author_info":{"display_name":"centroferreterofarvel","author_link":"https:\/\/centroferreterofarvel.com\/index.php\/author\/"},"uagb_comment_info":0,"uagb_excerpt":"Manguera Amarilla para Gas\/Industrial 5\/16 - 50 Metros: Seguridad y Confiabilidad.","_links":{"self":[{"href":"https:\/\/centroferreterofarvel.com\/index.php\/wp-json\/wp\/v2\/product\/7512"}],"collection":[{"href":"https:\/\/centroferreterofarvel.com\/index.php\/wp-json\/wp\/v2\/product"}],"about":[{"href":"https:\/\/centroferreterofarvel.com\/index.php\/wp-json\/wp\/v2\/types\/product"}],"replies":[{"embeddable":true,"href":"https:\/\/centroferreterofarvel.com\/index.php\/wp-json\/wp\/v2\/comments?post=7512"}],"version-history":[{"count":4,"href":"https:\/\/centroferreterofarvel.com\/index.php\/wp-json\/wp\/v2\/product\/7512\/revisions"}],"predecessor-version":[{"id":7515,"href":"https:\/\/centroferreterofarvel.com\/index.php\/wp-json\/wp\/v2\/product\/7512\/revisions\/7515"}],"wp:featuredmedia":[{"embeddable":true,"href":"https:\/\/centroferreterofarvel.com\/index.php\/wp-json\/wp\/v2\/media\/7513"}],"wp:attachment":[{"href":"https:\/\/centroferreterofarvel.com\/index.php\/wp-json\/wp\/v2\/media?parent=7512"}],"wp:term":[{"taxonomy":"product_cat","embeddable":true,"href":"https:\/\/centroferreterofarvel.com\/index.php\/wp-json\/wp\/v2\/product_cat?post=7512"},{"taxonomy":"product_tag","embeddable":true,"href":"https:\/\/centroferreterofarvel.com\/index.php\/wp-json\/wp\/v2\/product_tag?post=7512"}],"curies":[{"name":"wp","href":"https:\/\/api.w.org\/{rel}","templated":true}]}}