{"id":7516,"date":"2024-02-25T18:37:51","date_gmt":"2024-02-25T23:37:51","guid":{"rendered":"https:\/\/centroferreterofarvel.com\/?post_type=product&#038;p=7516"},"modified":"2024-04-11T15:34:55","modified_gmt":"2024-04-11T20:34:55","slug":"manguera-inodoro-comando-rosca","status":"publish","type":"product","link":"https:\/\/centroferreterofarvel.com\/index.php\/producto\/manguera-inodoro-comando-rosca\/","title":{"rendered":"MANGUERA INODORO COMANDO ROSCA"},"content":{"rendered":"<p>La Manguera para Inodoro con Rosca es un componente esencial para mantener la eficiencia y la higiene en tu ba\u00f1o. Su dise\u00f1o intuitivo permite una instalaci\u00f3n r\u00e1pida y sencilla, incluso para aquellos con poca experiencia en plomer\u00eda.\u00a0 La rosca y las dimensiones de la manguera est\u00e1n dise\u00f1adas para ser compatibles con la mayor\u00eda de los inodoros y sistemas sanitarios. La Manguera para Inodoro con Rosca es la soluci\u00f3n que buscas para mantener tu sistema sanitario funcionando de manera eficiente y sin problemas. Asegura una conexi\u00f3n segura y duradera con esta manguera dise\u00f1ada para satisfacer las necesidades espec\u00edficas de tu inodoro.<\/p>\n","protected":false},"excerpt":{"rendered":"<p>Manguera para Inodoro con Rosca &#8211; Asegura la Eficiencia de Tu Ba\u00f1o<\/p>\n","protected":false},"featured_media":7517,"comment_status":"open","ping_status":"closed","template":"","meta":{"_uag_custom_page_level_css":""},"product_cat":[168,22],"product_tag":[391,487,522,1183,520,1223,892,1224],"jetpack_sharing_enabled":true,"uagb_featured_image_src":{"full":["https:\/\/centroferreterofarvel.com\/wp-content\/uploads\/2024\/02\/MANGUERA-INODORO-COMANDO-ROSCA.png",1080,1350,false],"thumbnail":["https:\/\/centroferreterofarvel.com\/wp-content\/uploads\/2024\/02\/MANGUERA-INODORO-COMANDO-ROSCA-150x150.png",150,150,true],"medium":["https:\/\/centroferreterofarvel.com\/wp-content\/uploads\/2024\/02\/MANGUERA-INODORO-COMANDO-ROSCA-240x300.png",240,300,true],"medium_large":["https:\/\/centroferreterofarvel.com\/wp-content\/uploads\/2024\/02\/MANGUERA-INODORO-COMANDO-ROSCA-768x960.png",768,960,true],"large":["https:\/\/centroferreterofarvel.com\/wp-content\/uploads\/2024\/02\/MANGUERA-INODORO-COMANDO-ROSCA-819x1024.png",819,1024,true],"1536x1536":["https:\/\/centroferreterofarvel.com\/wp-content\/uploads\/2024\/02\/MANGUERA-INODORO-COMANDO-ROSCA.png",1080,1350,false],"2048x2048":["https:\/\/centroferreterofarvel.com\/wp-content\/uploads\/2024\/02\/MANGUERA-INODORO-COMANDO-ROSCA.png",1080,1350,false],"mailpoet_newsletter_max":["https:\/\/centroferreterofarvel.com\/wp-content\/uploads\/2024\/02\/MANGUERA-INODORO-COMANDO-ROSCA.png",1080,1350,false],"woocommerce_thumbnail":["https:\/\/centroferreterofarvel.com\/wp-content\/uploads\/2024\/02\/MANGUERA-INODORO-COMANDO-ROSCA-450x450.png",450,450,true],"woocommerce_single":["https:\/\/centroferreterofarvel.com\/wp-content\/uploads\/2024\/02\/MANGUERA-INODORO-COMANDO-ROSCA-600x750.png",600,750,true],"woocommerce_gallery_thumbnail":["https:\/\/centroferreterofarvel.com\/wp-content\/uploads\/2024\/02\/MANGUERA-INODORO-COMANDO-ROSCA-100x100.png",100,100,true]},"uagb_author_info":{"display_name":"centroferreterofarvel","author_link":"https:\/\/centroferreterofarvel.com\/index.php\/author\/"},"uagb_comment_info":0,"uagb_excerpt":"Manguera para Inodoro con Rosca - Asegura la Eficiencia de Tu Ba\u00f1o","_links":{"self":[{"href":"https:\/\/centroferreterofarvel.com\/index.php\/wp-json\/wp\/v2\/product\/7516"}],"collection":[{"href":"https:\/\/centroferreterofarvel.com\/index.php\/wp-json\/wp\/v2\/product"}],"about":[{"href":"https:\/\/centroferreterofarvel.com\/index.php\/wp-json\/wp\/v2\/types\/product"}],"replies":[{"embeddable":true,"href":"https:\/\/centroferreterofarvel.com\/index.php\/wp-json\/wp\/v2\/comments?post=7516"}],"version-history":[{"count":2,"href":"https:\/\/centroferreterofarvel.com\/index.php\/wp-json\/wp\/v2\/product\/7516\/revisions"}],"predecessor-version":[{"id":8254,"href":"https:\/\/centroferreterofarvel.com\/index.php\/wp-json\/wp\/v2\/product\/7516\/revisions\/8254"}],"wp:featuredmedia":[{"embeddable":true,"href":"https:\/\/centroferreterofarvel.com\/index.php\/wp-json\/wp\/v2\/media\/7517"}],"wp:attachment":[{"href":"https:\/\/centroferreterofarvel.com\/index.php\/wp-json\/wp\/v2\/media?parent=7516"}],"wp:term":[{"taxonomy":"product_cat","embeddable":true,"href":"https:\/\/centroferreterofarvel.com\/index.php\/wp-json\/wp\/v2\/product_cat?post=7516"},{"taxonomy":"product_tag","embeddable":true,"href":"https:\/\/centroferreterofarvel.com\/index.php\/wp-json\/wp\/v2\/product_tag?post=7516"}],"curies":[{"name":"wp","href":"https:\/\/api.w.org\/{rel}","templated":true}]}}