{"id":7541,"date":"2024-02-25T19:10:26","date_gmt":"2024-02-26T00:10:26","guid":{"rendered":"https:\/\/centroferreterofarvel.com\/?post_type=product&#038;p=7541"},"modified":"2024-07-24T12:41:34","modified_gmt":"2024-07-24T17:41:34","slug":"manguera-para-jardin-1-2-truper-10m","status":"publish","type":"product","link":"https:\/\/centroferreterofarvel.com\/index.php\/producto\/manguera-para-jardin-1-2-truper-10m\/","title":{"rendered":"MANGUERA PARA JARD\u00cdN 1\/2 TRUPER"},"content":{"rendered":"<p>La manguera para jard\u00edn Truper de 1\/2 pulgada, es la herramienta perfecta para mantener tu jard\u00edn siempre verde y saludable. Fabricada con materiales de alta calidad, esta manguera es resistente a la intemperie y a la abrasi\u00f3n, garantizando su durabilidad y rendimiento a largo plazo. Su dise\u00f1o ligero y flexible facilita su manejo y almacenamiento, mientras que su conexi\u00f3n universal permite acoplarla a la mayor\u00eda de las llaves de agua y rociadores. Conf\u00eda en la manguera para jard\u00edn Truper para satisfacer todas tus necesidades de riego en el hogar o en el trabajo.<\/p>\n","protected":false},"excerpt":{"rendered":"<p>Manguera para Jard\u00edn 1\/2 Truper: Resistente y Vers\u00e1til para tus Tareas de Riego.<\/p>\n","protected":false},"featured_media":7542,"comment_status":"open","ping_status":"closed","template":"","meta":{"_uag_custom_page_level_css":""},"product_cat":[15,129],"product_tag":[1183,1662,1663,1664,341],"jetpack_sharing_enabled":true,"uagb_featured_image_src":{"full":["https:\/\/centroferreterofarvel.com\/wp-content\/uploads\/2024\/02\/MANGUERA-PARA-JARDIN-12-TRUPER-10M.png",1080,1350,false],"thumbnail":["https:\/\/centroferreterofarvel.com\/wp-content\/uploads\/2024\/02\/MANGUERA-PARA-JARDIN-12-TRUPER-10M-150x150.png",150,150,true],"medium":["https:\/\/centroferreterofarvel.com\/wp-content\/uploads\/2024\/02\/MANGUERA-PARA-JARDIN-12-TRUPER-10M-240x300.png",240,300,true],"medium_large":["https:\/\/centroferreterofarvel.com\/wp-content\/uploads\/2024\/02\/MANGUERA-PARA-JARDIN-12-TRUPER-10M-768x960.png",768,960,true],"large":["https:\/\/centroferreterofarvel.com\/wp-content\/uploads\/2024\/02\/MANGUERA-PARA-JARDIN-12-TRUPER-10M-819x1024.png",819,1024,true],"1536x1536":["https:\/\/centroferreterofarvel.com\/wp-content\/uploads\/2024\/02\/MANGUERA-PARA-JARDIN-12-TRUPER-10M.png",1080,1350,false],"2048x2048":["https:\/\/centroferreterofarvel.com\/wp-content\/uploads\/2024\/02\/MANGUERA-PARA-JARDIN-12-TRUPER-10M.png",1080,1350,false],"mailpoet_newsletter_max":["https:\/\/centroferreterofarvel.com\/wp-content\/uploads\/2024\/02\/MANGUERA-PARA-JARDIN-12-TRUPER-10M.png",1080,1350,false],"woocommerce_thumbnail":["https:\/\/centroferreterofarvel.com\/wp-content\/uploads\/2024\/02\/MANGUERA-PARA-JARDIN-12-TRUPER-10M-450x450.png",450,450,true],"woocommerce_single":["https:\/\/centroferreterofarvel.com\/wp-content\/uploads\/2024\/02\/MANGUERA-PARA-JARDIN-12-TRUPER-10M-600x750.png",600,750,true],"woocommerce_gallery_thumbnail":["https:\/\/centroferreterofarvel.com\/wp-content\/uploads\/2024\/02\/MANGUERA-PARA-JARDIN-12-TRUPER-10M-100x100.png",100,100,true]},"uagb_author_info":{"display_name":"centroferreterofarvel","author_link":"https:\/\/centroferreterofarvel.com\/index.php\/author\/"},"uagb_comment_info":0,"uagb_excerpt":"Manguera para Jard\u00edn 1\/2 Truper: Resistente y Vers\u00e1til para tus Tareas de Riego.","_links":{"self":[{"href":"https:\/\/centroferreterofarvel.com\/index.php\/wp-json\/wp\/v2\/product\/7541"}],"collection":[{"href":"https:\/\/centroferreterofarvel.com\/index.php\/wp-json\/wp\/v2\/product"}],"about":[{"href":"https:\/\/centroferreterofarvel.com\/index.php\/wp-json\/wp\/v2\/types\/product"}],"replies":[{"embeddable":true,"href":"https:\/\/centroferreterofarvel.com\/index.php\/wp-json\/wp\/v2\/comments?post=7541"}],"version-history":[{"count":3,"href":"https:\/\/centroferreterofarvel.com\/index.php\/wp-json\/wp\/v2\/product\/7541\/revisions"}],"predecessor-version":[{"id":9932,"href":"https:\/\/centroferreterofarvel.com\/index.php\/wp-json\/wp\/v2\/product\/7541\/revisions\/9932"}],"wp:featuredmedia":[{"embeddable":true,"href":"https:\/\/centroferreterofarvel.com\/index.php\/wp-json\/wp\/v2\/media\/7542"}],"wp:attachment":[{"href":"https:\/\/centroferreterofarvel.com\/index.php\/wp-json\/wp\/v2\/media?parent=7541"}],"wp:term":[{"taxonomy":"product_cat","embeddable":true,"href":"https:\/\/centroferreterofarvel.com\/index.php\/wp-json\/wp\/v2\/product_cat?post=7541"},{"taxonomy":"product_tag","embeddable":true,"href":"https:\/\/centroferreterofarvel.com\/index.php\/wp-json\/wp\/v2\/product_tag?post=7541"}],"curies":[{"name":"wp","href":"https:\/\/api.w.org\/{rel}","templated":true}]}}