{"id":7570,"date":"2024-02-25T20:04:16","date_gmt":"2024-02-26T01:04:16","guid":{"rendered":"https:\/\/centroferreterofarvel.com\/?post_type=product&#038;p=7570"},"modified":"2024-04-11T15:02:52","modified_gmt":"2024-04-11T20:02:52","slug":"mixto-interrup-no-neon-tomaco-2pe-blitz","status":"publish","type":"product","link":"https:\/\/centroferreterofarvel.com\/index.php\/producto\/mixto-interrup-no-neon-tomaco-2pe-blitz\/","title":{"rendered":"INTERRUPTOR NO NE\u00d3N + TOMACO 2P BLITZ"},"content":{"rendered":"<p>La Tomacorriente Mixto con Interruptor y Toma Corriente 2P+E de Blitz es la soluci\u00f3n ideal para brindar potencia y funcionalidad a tus espacios. Este dispositivo combina la conveniencia de un tomacorriente est\u00e1ndar con la versatilidad de un interruptor, proporcionando un control total sobre la alimentaci\u00f3n el\u00e9ctrica en un solo dispositivo. Con un dise\u00f1o moderno y est\u00e9ticamente agradable, esta tomacorriente se integra perfectamente en cualquier entorno. Su aspecto limpio y elegante complementa la decoraci\u00f3n de tu hogar u oficina. Asegura un suministro el\u00e9ctrico confiable y un control conveniente con este dispositivo todo en uno.<\/p>\n","protected":false},"excerpt":{"rendered":"<p>Toma Corriente Mixta con Interruptor y Toma Corriente 2P+E &#8211; Blitz: Potencia y Seguridad en un Solo Dispositivo.<\/p>\n","protected":false},"featured_media":7571,"comment_status":"open","ping_status":"closed","template":"","meta":{"_uag_custom_page_level_css":""},"product_cat":[37,33],"product_tag":[276,273,1244,264],"jetpack_sharing_enabled":true,"uagb_featured_image_src":{"full":["https:\/\/centroferreterofarvel.com\/wp-content\/uploads\/2024\/02\/MIXTO-INTERRUP-NO-NEON-TOMACO-2PE-BLITZ.png",1080,1350,false],"thumbnail":["https:\/\/centroferreterofarvel.com\/wp-content\/uploads\/2024\/02\/MIXTO-INTERRUP-NO-NEON-TOMACO-2PE-BLITZ-150x150.png",150,150,true],"medium":["https:\/\/centroferreterofarvel.com\/wp-content\/uploads\/2024\/02\/MIXTO-INTERRUP-NO-NEON-TOMACO-2PE-BLITZ-240x300.png",240,300,true],"medium_large":["https:\/\/centroferreterofarvel.com\/wp-content\/uploads\/2024\/02\/MIXTO-INTERRUP-NO-NEON-TOMACO-2PE-BLITZ-768x960.png",768,960,true],"large":["https:\/\/centroferreterofarvel.com\/wp-content\/uploads\/2024\/02\/MIXTO-INTERRUP-NO-NEON-TOMACO-2PE-BLITZ-819x1024.png",819,1024,true],"1536x1536":["https:\/\/centroferreterofarvel.com\/wp-content\/uploads\/2024\/02\/MIXTO-INTERRUP-NO-NEON-TOMACO-2PE-BLITZ.png",1080,1350,false],"2048x2048":["https:\/\/centroferreterofarvel.com\/wp-content\/uploads\/2024\/02\/MIXTO-INTERRUP-NO-NEON-TOMACO-2PE-BLITZ.png",1080,1350,false],"mailpoet_newsletter_max":["https:\/\/centroferreterofarvel.com\/wp-content\/uploads\/2024\/02\/MIXTO-INTERRUP-NO-NEON-TOMACO-2PE-BLITZ.png",1080,1350,false],"woocommerce_thumbnail":["https:\/\/centroferreterofarvel.com\/wp-content\/uploads\/2024\/02\/MIXTO-INTERRUP-NO-NEON-TOMACO-2PE-BLITZ-450x450.png",450,450,true],"woocommerce_single":["https:\/\/centroferreterofarvel.com\/wp-content\/uploads\/2024\/02\/MIXTO-INTERRUP-NO-NEON-TOMACO-2PE-BLITZ-600x750.png",600,750,true],"woocommerce_gallery_thumbnail":["https:\/\/centroferreterofarvel.com\/wp-content\/uploads\/2024\/02\/MIXTO-INTERRUP-NO-NEON-TOMACO-2PE-BLITZ-100x100.png",100,100,true]},"uagb_author_info":{"display_name":"centroferreterofarvel","author_link":"https:\/\/centroferreterofarvel.com\/index.php\/author\/"},"uagb_comment_info":0,"uagb_excerpt":"Toma Corriente Mixta con Interruptor y Toma Corriente 2P+E - Blitz: Potencia y Seguridad en un Solo Dispositivo.","_links":{"self":[{"href":"https:\/\/centroferreterofarvel.com\/index.php\/wp-json\/wp\/v2\/product\/7570"}],"collection":[{"href":"https:\/\/centroferreterofarvel.com\/index.php\/wp-json\/wp\/v2\/product"}],"about":[{"href":"https:\/\/centroferreterofarvel.com\/index.php\/wp-json\/wp\/v2\/types\/product"}],"replies":[{"embeddable":true,"href":"https:\/\/centroferreterofarvel.com\/index.php\/wp-json\/wp\/v2\/comments?post=7570"}],"version-history":[{"count":4,"href":"https:\/\/centroferreterofarvel.com\/index.php\/wp-json\/wp\/v2\/product\/7570\/revisions"}],"predecessor-version":[{"id":9692,"href":"https:\/\/centroferreterofarvel.com\/index.php\/wp-json\/wp\/v2\/product\/7570\/revisions\/9692"}],"wp:featuredmedia":[{"embeddable":true,"href":"https:\/\/centroferreterofarvel.com\/index.php\/wp-json\/wp\/v2\/media\/7571"}],"wp:attachment":[{"href":"https:\/\/centroferreterofarvel.com\/index.php\/wp-json\/wp\/v2\/media?parent=7570"}],"wp:term":[{"taxonomy":"product_cat","embeddable":true,"href":"https:\/\/centroferreterofarvel.com\/index.php\/wp-json\/wp\/v2\/product_cat?post=7570"},{"taxonomy":"product_tag","embeddable":true,"href":"https:\/\/centroferreterofarvel.com\/index.php\/wp-json\/wp\/v2\/product_tag?post=7570"}],"curies":[{"name":"wp","href":"https:\/\/api.w.org\/{rel}","templated":true}]}}