{"id":7591,"date":"2024-02-25T21:13:30","date_gmt":"2024-02-26T02:13:30","guid":{"rendered":"https:\/\/centroferreterofarvel.com\/?post_type=product&#038;p=7591"},"modified":"2024-04-11T14:51:52","modified_gmt":"2024-04-11T19:51:52","slug":"panel-monofasico-bifasico-6-espa-s-e-qol","status":"publish","type":"product","link":"https:\/\/centroferreterofarvel.com\/index.php\/producto\/panel-monofasico-bifasico-6-espa-s-e-qol\/","title":{"rendered":"PANEL MONOF\u00c1SICO &#8211; BIF\u00c1SICO 6 ESPACIOS"},"content":{"rendered":"<p>El panel monof\u00e1sico-bif\u00e1sico de 6 Espacios es una soluci\u00f3n vers\u00e1til y eficiente para satisfacer tus necesidades el\u00e9ctricas. Con capacidad para operar tanto en sistemas monof\u00e1sicos como bif\u00e1sicos, este panel te brinda la flexibilidad necesaria para adaptarte a diferentes configuraciones el\u00e9ctricas. Dise\u00f1ado con est\u00e1ndares de calidad premium, garantiza un rendimiento confiable y duradero. Ya sea para aplicaciones residenciales, comerciales o industriales, este panel es la elecci\u00f3n ideal para asegurar un suministro el\u00e9ctrico estable y seguro. Aprovecha la versatilidad y la fiabilidad de este panel monof\u00e1sico-bif\u00e1sico para tus proyectos el\u00e9ctricos.<\/p>\n","protected":false},"excerpt":{"rendered":"<p>Panel Monof\u00e1sico-Bif\u00e1sico 6 Eapacios: Soluci\u00f3n Eficiente para tus Necesidades El\u00e9ctricas.<\/p>\n","protected":false},"featured_media":7592,"comment_status":"open","ping_status":"closed","template":"","meta":{"_uag_custom_page_level_css":""},"product_cat":[33,111],"product_tag":[1249,276,273,275],"jetpack_sharing_enabled":true,"uagb_featured_image_src":{"full":["https:\/\/centroferreterofarvel.com\/wp-content\/uploads\/2024\/02\/PANEL-MONOFASICO-BIFASICO-6-ESPA-S.E-QOL.png",1080,1350,false],"thumbnail":["https:\/\/centroferreterofarvel.com\/wp-content\/uploads\/2024\/02\/PANEL-MONOFASICO-BIFASICO-6-ESPA-S.E-QOL-150x150.png",150,150,true],"medium":["https:\/\/centroferreterofarvel.com\/wp-content\/uploads\/2024\/02\/PANEL-MONOFASICO-BIFASICO-6-ESPA-S.E-QOL-240x300.png",240,300,true],"medium_large":["https:\/\/centroferreterofarvel.com\/wp-content\/uploads\/2024\/02\/PANEL-MONOFASICO-BIFASICO-6-ESPA-S.E-QOL-768x960.png",768,960,true],"large":["https:\/\/centroferreterofarvel.com\/wp-content\/uploads\/2024\/02\/PANEL-MONOFASICO-BIFASICO-6-ESPA-S.E-QOL-819x1024.png",819,1024,true],"1536x1536":["https:\/\/centroferreterofarvel.com\/wp-content\/uploads\/2024\/02\/PANEL-MONOFASICO-BIFASICO-6-ESPA-S.E-QOL.png",1080,1350,false],"2048x2048":["https:\/\/centroferreterofarvel.com\/wp-content\/uploads\/2024\/02\/PANEL-MONOFASICO-BIFASICO-6-ESPA-S.E-QOL.png",1080,1350,false],"mailpoet_newsletter_max":["https:\/\/centroferreterofarvel.com\/wp-content\/uploads\/2024\/02\/PANEL-MONOFASICO-BIFASICO-6-ESPA-S.E-QOL.png",1080,1350,false],"woocommerce_thumbnail":["https:\/\/centroferreterofarvel.com\/wp-content\/uploads\/2024\/02\/PANEL-MONOFASICO-BIFASICO-6-ESPA-S.E-QOL-450x450.png",450,450,true],"woocommerce_single":["https:\/\/centroferreterofarvel.com\/wp-content\/uploads\/2024\/02\/PANEL-MONOFASICO-BIFASICO-6-ESPA-S.E-QOL-600x750.png",600,750,true],"woocommerce_gallery_thumbnail":["https:\/\/centroferreterofarvel.com\/wp-content\/uploads\/2024\/02\/PANEL-MONOFASICO-BIFASICO-6-ESPA-S.E-QOL-100x100.png",100,100,true]},"uagb_author_info":{"display_name":"centroferreterofarvel","author_link":"https:\/\/centroferreterofarvel.com\/index.php\/author\/"},"uagb_comment_info":0,"uagb_excerpt":"Panel Monof\u00e1sico-Bif\u00e1sico 6 Eapacios: Soluci\u00f3n Eficiente para tus Necesidades El\u00e9ctricas.","_links":{"self":[{"href":"https:\/\/centroferreterofarvel.com\/index.php\/wp-json\/wp\/v2\/product\/7591"}],"collection":[{"href":"https:\/\/centroferreterofarvel.com\/index.php\/wp-json\/wp\/v2\/product"}],"about":[{"href":"https:\/\/centroferreterofarvel.com\/index.php\/wp-json\/wp\/v2\/types\/product"}],"replies":[{"embeddable":true,"href":"https:\/\/centroferreterofarvel.com\/index.php\/wp-json\/wp\/v2\/comments?post=7591"}],"version-history":[{"count":6,"href":"https:\/\/centroferreterofarvel.com\/index.php\/wp-json\/wp\/v2\/product\/7591\/revisions"}],"predecessor-version":[{"id":10140,"href":"https:\/\/centroferreterofarvel.com\/index.php\/wp-json\/wp\/v2\/product\/7591\/revisions\/10140"}],"wp:featuredmedia":[{"embeddable":true,"href":"https:\/\/centroferreterofarvel.com\/index.php\/wp-json\/wp\/v2\/media\/7592"}],"wp:attachment":[{"href":"https:\/\/centroferreterofarvel.com\/index.php\/wp-json\/wp\/v2\/media?parent=7591"}],"wp:term":[{"taxonomy":"product_cat","embeddable":true,"href":"https:\/\/centroferreterofarvel.com\/index.php\/wp-json\/wp\/v2\/product_cat?post=7591"},{"taxonomy":"product_tag","embeddable":true,"href":"https:\/\/centroferreterofarvel.com\/index.php\/wp-json\/wp\/v2\/product_tag?post=7591"}],"curies":[{"name":"wp","href":"https:\/\/api.w.org\/{rel}","templated":true}]}}