{"id":7594,"date":"2024-02-25T21:22:18","date_gmt":"2024-02-26T02:22:18","guid":{"rendered":"https:\/\/centroferreterofarvel.com\/?post_type=product&#038;p=7594"},"modified":"2024-04-11T14:42:18","modified_gmt":"2024-04-11T19:42:18","slug":"pega-super-blue-abro-3g","status":"publish","type":"product","link":"https:\/\/centroferreterofarvel.com\/index.php\/producto\/pega-super-blue-abro-3g\/","title":{"rendered":"PEGA SUPER BLUE ABRO 3G"},"content":{"rendered":"<p>La Pega Super Blue ABRO 3G es una goma adhesiva de alta calidad dise\u00f1ada para proporcionar uniones fuertes y duraderas en una variedad de materiales. La Pega Super Blue ABRO 3G ofrece una fuerza de adhesi\u00f3n excepcional, asegurando uniones s\u00f3lidas y resistentes en diversos sustratos, como pl\u00e1stico, metal, madera, cer\u00e1mica y m\u00e1s. La Pega Super Blue ABRO 3G es la elecci\u00f3n perfecta cuando se busca un adhesivo vers\u00e1til, fuerte y confiable para una variedad de necesidades de uni\u00f3n. Ya sea en casa, en el taller o en el trabajo, esta goma adhesiva ofrece un rendimiento excepcional.<\/p>\n","protected":false},"excerpt":{"rendered":"<p>Pega Super Blue ABRO 3G: Uni\u00f3n Fuerte y Duradera.<\/p>\n","protected":false},"featured_media":7595,"comment_status":"open","ping_status":"closed","template":"","meta":{"_uag_custom_page_level_css":""},"product_cat":[162,35],"product_tag":[1253,1254,1255],"jetpack_sharing_enabled":true,"uagb_featured_image_src":{"full":["https:\/\/centroferreterofarvel.com\/wp-content\/uploads\/2024\/02\/PEGA-SUPER-BLUE-ABRO-3G.png",1080,1350,false],"thumbnail":["https:\/\/centroferreterofarvel.com\/wp-content\/uploads\/2024\/02\/PEGA-SUPER-BLUE-ABRO-3G-150x150.png",150,150,true],"medium":["https:\/\/centroferreterofarvel.com\/wp-content\/uploads\/2024\/02\/PEGA-SUPER-BLUE-ABRO-3G-240x300.png",240,300,true],"medium_large":["https:\/\/centroferreterofarvel.com\/wp-content\/uploads\/2024\/02\/PEGA-SUPER-BLUE-ABRO-3G-768x960.png",768,960,true],"large":["https:\/\/centroferreterofarvel.com\/wp-content\/uploads\/2024\/02\/PEGA-SUPER-BLUE-ABRO-3G-819x1024.png",819,1024,true],"1536x1536":["https:\/\/centroferreterofarvel.com\/wp-content\/uploads\/2024\/02\/PEGA-SUPER-BLUE-ABRO-3G.png",1080,1350,false],"2048x2048":["https:\/\/centroferreterofarvel.com\/wp-content\/uploads\/2024\/02\/PEGA-SUPER-BLUE-ABRO-3G.png",1080,1350,false],"mailpoet_newsletter_max":["https:\/\/centroferreterofarvel.com\/wp-content\/uploads\/2024\/02\/PEGA-SUPER-BLUE-ABRO-3G.png",1080,1350,false],"woocommerce_thumbnail":["https:\/\/centroferreterofarvel.com\/wp-content\/uploads\/2024\/02\/PEGA-SUPER-BLUE-ABRO-3G-450x450.png",450,450,true],"woocommerce_single":["https:\/\/centroferreterofarvel.com\/wp-content\/uploads\/2024\/02\/PEGA-SUPER-BLUE-ABRO-3G-600x750.png",600,750,true],"woocommerce_gallery_thumbnail":["https:\/\/centroferreterofarvel.com\/wp-content\/uploads\/2024\/02\/PEGA-SUPER-BLUE-ABRO-3G-100x100.png",100,100,true]},"uagb_author_info":{"display_name":"centroferreterofarvel","author_link":"https:\/\/centroferreterofarvel.com\/index.php\/author\/"},"uagb_comment_info":0,"uagb_excerpt":"Pega Super Blue ABRO 3G: Uni\u00f3n Fuerte y Duradera.","_links":{"self":[{"href":"https:\/\/centroferreterofarvel.com\/index.php\/wp-json\/wp\/v2\/product\/7594"}],"collection":[{"href":"https:\/\/centroferreterofarvel.com\/index.php\/wp-json\/wp\/v2\/product"}],"about":[{"href":"https:\/\/centroferreterofarvel.com\/index.php\/wp-json\/wp\/v2\/types\/product"}],"replies":[{"embeddable":true,"href":"https:\/\/centroferreterofarvel.com\/index.php\/wp-json\/wp\/v2\/comments?post=7594"}],"version-history":[{"count":2,"href":"https:\/\/centroferreterofarvel.com\/index.php\/wp-json\/wp\/v2\/product\/7594\/revisions"}],"predecessor-version":[{"id":8402,"href":"https:\/\/centroferreterofarvel.com\/index.php\/wp-json\/wp\/v2\/product\/7594\/revisions\/8402"}],"wp:featuredmedia":[{"embeddable":true,"href":"https:\/\/centroferreterofarvel.com\/index.php\/wp-json\/wp\/v2\/media\/7595"}],"wp:attachment":[{"href":"https:\/\/centroferreterofarvel.com\/index.php\/wp-json\/wp\/v2\/media?parent=7594"}],"wp:term":[{"taxonomy":"product_cat","embeddable":true,"href":"https:\/\/centroferreterofarvel.com\/index.php\/wp-json\/wp\/v2\/product_cat?post=7594"},{"taxonomy":"product_tag","embeddable":true,"href":"https:\/\/centroferreterofarvel.com\/index.php\/wp-json\/wp\/v2\/product_tag?post=7594"}],"curies":[{"name":"wp","href":"https:\/\/api.w.org\/{rel}","templated":true}]}}