{"id":7618,"date":"2024-02-25T22:58:17","date_gmt":"2024-02-26T03:58:17","guid":{"rendered":"https:\/\/centroferreterofarvel.com\/?post_type=product&#038;p=7618"},"modified":"2024-07-22T12:59:58","modified_gmt":"2024-07-22T17:59:58","slug":"permatex-form-empaque-3-oz","status":"publish","type":"product","link":"https:\/\/centroferreterofarvel.com\/index.php\/producto\/permatex-form-empaque-3-oz\/","title":{"rendered":"PERMATEX"},"content":{"rendered":"<p>El Permatex Form-A-Gasket es un sellador y adhesivo vers\u00e1til que se ha ganado la confianza de profesionales y aficionados por igual. Este producto de Permatex ofrece una soluci\u00f3n eficaz para una variedad de aplicaciones, brindando sellado herm\u00e9tico y adhesi\u00f3n fuerte en diferentes superficies. Apto para una amplia gama de materiales, como metal, pl\u00e1stico, caucho y m\u00e1s, lo que lo hace vers\u00e1til para diversas aplicaciones. El Permatex Form-A-Gasket 3 oz destaca como un sellador y adhesivo confiable que cumple con los est\u00e1ndares de calidad de Permatex. Ya sea que est\u00e9s trabajando en reparaciones automotrices, proyectos de construcci\u00f3n o tareas de mantenimiento en el hogar, este producto ofrece un rendimiento consistente y duradero.<\/p>\n","protected":false},"excerpt":{"rendered":"<p>Permatex Form-A-Gasket: Sellador y Adhesivo de Confianza.<\/p>\n","protected":false},"featured_media":7619,"comment_status":"open","ping_status":"closed","template":"","meta":{"_uag_custom_page_level_css":""},"product_cat":[171,22],"product_tag":[858,1258,1253,468,1274,1259,1267,1275],"jetpack_sharing_enabled":true,"uagb_featured_image_src":{"full":["https:\/\/centroferreterofarvel.com\/wp-content\/uploads\/2024\/02\/PERMATEX-FORM.-EMPAQUE-3-OZ.png",1080,1350,false],"thumbnail":["https:\/\/centroferreterofarvel.com\/wp-content\/uploads\/2024\/02\/PERMATEX-FORM.-EMPAQUE-3-OZ-150x150.png",150,150,true],"medium":["https:\/\/centroferreterofarvel.com\/wp-content\/uploads\/2024\/02\/PERMATEX-FORM.-EMPAQUE-3-OZ-240x300.png",240,300,true],"medium_large":["https:\/\/centroferreterofarvel.com\/wp-content\/uploads\/2024\/02\/PERMATEX-FORM.-EMPAQUE-3-OZ-768x960.png",768,960,true],"large":["https:\/\/centroferreterofarvel.com\/wp-content\/uploads\/2024\/02\/PERMATEX-FORM.-EMPAQUE-3-OZ-819x1024.png",819,1024,true],"1536x1536":["https:\/\/centroferreterofarvel.com\/wp-content\/uploads\/2024\/02\/PERMATEX-FORM.-EMPAQUE-3-OZ.png",1080,1350,false],"2048x2048":["https:\/\/centroferreterofarvel.com\/wp-content\/uploads\/2024\/02\/PERMATEX-FORM.-EMPAQUE-3-OZ.png",1080,1350,false],"mailpoet_newsletter_max":["https:\/\/centroferreterofarvel.com\/wp-content\/uploads\/2024\/02\/PERMATEX-FORM.-EMPAQUE-3-OZ.png",1080,1350,false],"woocommerce_thumbnail":["https:\/\/centroferreterofarvel.com\/wp-content\/uploads\/2024\/02\/PERMATEX-FORM.-EMPAQUE-3-OZ-450x450.png",450,450,true],"woocommerce_single":["https:\/\/centroferreterofarvel.com\/wp-content\/uploads\/2024\/02\/PERMATEX-FORM.-EMPAQUE-3-OZ-600x750.png",600,750,true],"woocommerce_gallery_thumbnail":["https:\/\/centroferreterofarvel.com\/wp-content\/uploads\/2024\/02\/PERMATEX-FORM.-EMPAQUE-3-OZ-100x100.png",100,100,true]},"uagb_author_info":{"display_name":"centroferreterofarvel","author_link":"https:\/\/centroferreterofarvel.com\/index.php\/author\/"},"uagb_comment_info":0,"uagb_excerpt":"Permatex Form-A-Gasket: Sellador y Adhesivo de Confianza.","_links":{"self":[{"href":"https:\/\/centroferreterofarvel.com\/index.php\/wp-json\/wp\/v2\/product\/7618"}],"collection":[{"href":"https:\/\/centroferreterofarvel.com\/index.php\/wp-json\/wp\/v2\/product"}],"about":[{"href":"https:\/\/centroferreterofarvel.com\/index.php\/wp-json\/wp\/v2\/types\/product"}],"replies":[{"embeddable":true,"href":"https:\/\/centroferreterofarvel.com\/index.php\/wp-json\/wp\/v2\/comments?post=7618"}],"version-history":[{"count":5,"href":"https:\/\/centroferreterofarvel.com\/index.php\/wp-json\/wp\/v2\/product\/7618\/revisions"}],"predecessor-version":[{"id":11239,"href":"https:\/\/centroferreterofarvel.com\/index.php\/wp-json\/wp\/v2\/product\/7618\/revisions\/11239"}],"wp:featuredmedia":[{"embeddable":true,"href":"https:\/\/centroferreterofarvel.com\/index.php\/wp-json\/wp\/v2\/media\/7619"}],"wp:attachment":[{"href":"https:\/\/centroferreterofarvel.com\/index.php\/wp-json\/wp\/v2\/media?parent=7618"}],"wp:term":[{"taxonomy":"product_cat","embeddable":true,"href":"https:\/\/centroferreterofarvel.com\/index.php\/wp-json\/wp\/v2\/product_cat?post=7618"},{"taxonomy":"product_tag","embeddable":true,"href":"https:\/\/centroferreterofarvel.com\/index.php\/wp-json\/wp\/v2\/product_tag?post=7618"}],"curies":[{"name":"wp","href":"https:\/\/api.w.org\/{rel}","templated":true}]}}