{"id":7647,"date":"2024-02-25T23:55:57","date_gmt":"2024-02-26T04:55:57","guid":{"rendered":"https:\/\/centroferreterofarvel.com\/?post_type=product&#038;p=7647"},"modified":"2024-03-28T12:10:44","modified_gmt":"2024-03-28T17:10:44","slug":"pistola-plastica-para-riego-qsb","status":"publish","type":"product","link":"https:\/\/centroferreterofarvel.com\/index.php\/producto\/pistola-plastica-para-riego-qsb\/","title":{"rendered":"PISTOLA PL\u00c1STICA PARA RIEGO QSB"},"content":{"rendered":"<p>La Pistola Pl\u00e1stica para Riego QSB es la elecci\u00f3n perfecta para mantener tu jard\u00edn bien hidratado y saludable. Con un dise\u00f1o ergon\u00f3mico y funcionalidades vers\u00e1tiles, esta pistola te brinda un control total sobre el riego de tus plantas y \u00e1reas verdes. La Pistola Pl\u00e1stica para Riego QSB se convierte en tu aliada para mantener tu jard\u00edn en excelente estado y proporcionar la cantidad adecuada de agua a tus plantas.<\/p>\n","protected":false},"excerpt":{"rendered":"<p>Pistola Pl\u00e1stica para Riego QSB: La Herramienta Ideal para Cuidar tu Jard\u00edn.<\/p>\n","protected":false},"featured_media":7648,"comment_status":"open","ping_status":"closed","template":"","meta":{"_uag_custom_page_level_css":""},"product_cat":[15,129],"product_tag":[1312,1311,1310,1313,1298,1314],"jetpack_sharing_enabled":true,"uagb_featured_image_src":{"full":["https:\/\/centroferreterofarvel.com\/wp-content\/uploads\/2024\/02\/PISTOLA-PLASTICA-PARA-RIEGO-QSB.png",1080,1350,false],"thumbnail":["https:\/\/centroferreterofarvel.com\/wp-content\/uploads\/2024\/02\/PISTOLA-PLASTICA-PARA-RIEGO-QSB-150x150.png",150,150,true],"medium":["https:\/\/centroferreterofarvel.com\/wp-content\/uploads\/2024\/02\/PISTOLA-PLASTICA-PARA-RIEGO-QSB-240x300.png",240,300,true],"medium_large":["https:\/\/centroferreterofarvel.com\/wp-content\/uploads\/2024\/02\/PISTOLA-PLASTICA-PARA-RIEGO-QSB-768x960.png",768,960,true],"large":["https:\/\/centroferreterofarvel.com\/wp-content\/uploads\/2024\/02\/PISTOLA-PLASTICA-PARA-RIEGO-QSB-819x1024.png",819,1024,true],"1536x1536":["https:\/\/centroferreterofarvel.com\/wp-content\/uploads\/2024\/02\/PISTOLA-PLASTICA-PARA-RIEGO-QSB.png",1080,1350,false],"2048x2048":["https:\/\/centroferreterofarvel.com\/wp-content\/uploads\/2024\/02\/PISTOLA-PLASTICA-PARA-RIEGO-QSB.png",1080,1350,false],"mailpoet_newsletter_max":["https:\/\/centroferreterofarvel.com\/wp-content\/uploads\/2024\/02\/PISTOLA-PLASTICA-PARA-RIEGO-QSB.png",1080,1350,false],"woocommerce_thumbnail":["https:\/\/centroferreterofarvel.com\/wp-content\/uploads\/2024\/02\/PISTOLA-PLASTICA-PARA-RIEGO-QSB-450x450.png",450,450,true],"woocommerce_single":["https:\/\/centroferreterofarvel.com\/wp-content\/uploads\/2024\/02\/PISTOLA-PLASTICA-PARA-RIEGO-QSB-600x750.png",600,750,true],"woocommerce_gallery_thumbnail":["https:\/\/centroferreterofarvel.com\/wp-content\/uploads\/2024\/02\/PISTOLA-PLASTICA-PARA-RIEGO-QSB-100x100.png",100,100,true]},"uagb_author_info":{"display_name":"centroferreterofarvel","author_link":"https:\/\/centroferreterofarvel.com\/index.php\/author\/"},"uagb_comment_info":0,"uagb_excerpt":"Pistola Pl\u00e1stica para Riego QSB: La Herramienta Ideal para Cuidar tu Jard\u00edn.","_links":{"self":[{"href":"https:\/\/centroferreterofarvel.com\/index.php\/wp-json\/wp\/v2\/product\/7647"}],"collection":[{"href":"https:\/\/centroferreterofarvel.com\/index.php\/wp-json\/wp\/v2\/product"}],"about":[{"href":"https:\/\/centroferreterofarvel.com\/index.php\/wp-json\/wp\/v2\/types\/product"}],"replies":[{"embeddable":true,"href":"https:\/\/centroferreterofarvel.com\/index.php\/wp-json\/wp\/v2\/comments?post=7647"}],"version-history":[{"count":4,"href":"https:\/\/centroferreterofarvel.com\/index.php\/wp-json\/wp\/v2\/product\/7647\/revisions"}],"predecessor-version":[{"id":9596,"href":"https:\/\/centroferreterofarvel.com\/index.php\/wp-json\/wp\/v2\/product\/7647\/revisions\/9596"}],"wp:featuredmedia":[{"embeddable":true,"href":"https:\/\/centroferreterofarvel.com\/index.php\/wp-json\/wp\/v2\/media\/7648"}],"wp:attachment":[{"href":"https:\/\/centroferreterofarvel.com\/index.php\/wp-json\/wp\/v2\/media?parent=7647"}],"wp:term":[{"taxonomy":"product_cat","embeddable":true,"href":"https:\/\/centroferreterofarvel.com\/index.php\/wp-json\/wp\/v2\/product_cat?post=7647"},{"taxonomy":"product_tag","embeddable":true,"href":"https:\/\/centroferreterofarvel.com\/index.php\/wp-json\/wp\/v2\/product_tag?post=7647"}],"curies":[{"name":"wp","href":"https:\/\/api.w.org\/{rel}","templated":true}]}}