{"id":7666,"date":"2024-02-26T00:35:31","date_gmt":"2024-02-26T05:35:31","guid":{"rendered":"https:\/\/centroferreterofarvel.com\/?post_type=product&#038;p=7666"},"modified":"2024-04-11T13:40:55","modified_gmt":"2024-04-11T18:40:55","slug":"plastico-negro-proceplast-1-5mts","status":"publish","type":"product","link":"https:\/\/centroferreterofarvel.com\/index.php\/producto\/plastico-negro-proceplast-1-5mts\/","title":{"rendered":"PL\u00c1STICO  NEGRO PROCEPLAST 1.5MTS"},"content":{"rendered":"<p>El Pl\u00e1stico Negro Proceplast de 1.5 Metros es la elecci\u00f3n ideal para una amplia variedad de aplicaciones gracias a su versatilidad y durabilidad. Fabricado por Proceplast, l\u00edder en la industria de materiales pl\u00e1sticos, este producto ofrece soluciones confiables para tus proyectos. El color negro del pl\u00e1stico no solo proporciona un aspecto est\u00e9tico, sino que tambi\u00e9n puede ayudar a bloquear la luz en ciertas aplicaciones, como en proyectos de jardiner\u00eda. Proceplast es reconocido por ofrecer productos de alta calidad en la industria de materiales pl\u00e1sticos, lo que garantiza que est\u00e1s obteniendo un producto confiable y de alto rendimiento.<\/p>\n","protected":false},"excerpt":{"rendered":"<p>Pl\u00e1stico Negro Proceplast 1.5 Metros: Versatilidad y Resistencia para tus Proyectos.<\/p>\n","protected":false},"featured_media":7667,"comment_status":"open","ping_status":"closed","template":"","meta":{"_uag_custom_page_level_css":""},"product_cat":[35,159],"product_tag":[1332,1329,1330,1331],"jetpack_sharing_enabled":true,"uagb_featured_image_src":{"full":["https:\/\/centroferreterofarvel.com\/wp-content\/uploads\/2024\/02\/PLASTICO-NEGRO-PROCEPLAST-1.5MTS.png",1080,1350,false],"thumbnail":["https:\/\/centroferreterofarvel.com\/wp-content\/uploads\/2024\/02\/PLASTICO-NEGRO-PROCEPLAST-1.5MTS-150x150.png",150,150,true],"medium":["https:\/\/centroferreterofarvel.com\/wp-content\/uploads\/2024\/02\/PLASTICO-NEGRO-PROCEPLAST-1.5MTS-240x300.png",240,300,true],"medium_large":["https:\/\/centroferreterofarvel.com\/wp-content\/uploads\/2024\/02\/PLASTICO-NEGRO-PROCEPLAST-1.5MTS-768x960.png",768,960,true],"large":["https:\/\/centroferreterofarvel.com\/wp-content\/uploads\/2024\/02\/PLASTICO-NEGRO-PROCEPLAST-1.5MTS-819x1024.png",819,1024,true],"1536x1536":["https:\/\/centroferreterofarvel.com\/wp-content\/uploads\/2024\/02\/PLASTICO-NEGRO-PROCEPLAST-1.5MTS.png",1080,1350,false],"2048x2048":["https:\/\/centroferreterofarvel.com\/wp-content\/uploads\/2024\/02\/PLASTICO-NEGRO-PROCEPLAST-1.5MTS.png",1080,1350,false],"mailpoet_newsletter_max":["https:\/\/centroferreterofarvel.com\/wp-content\/uploads\/2024\/02\/PLASTICO-NEGRO-PROCEPLAST-1.5MTS.png",1080,1350,false],"woocommerce_thumbnail":["https:\/\/centroferreterofarvel.com\/wp-content\/uploads\/2024\/02\/PLASTICO-NEGRO-PROCEPLAST-1.5MTS-450x450.png",450,450,true],"woocommerce_single":["https:\/\/centroferreterofarvel.com\/wp-content\/uploads\/2024\/02\/PLASTICO-NEGRO-PROCEPLAST-1.5MTS-600x750.png",600,750,true],"woocommerce_gallery_thumbnail":["https:\/\/centroferreterofarvel.com\/wp-content\/uploads\/2024\/02\/PLASTICO-NEGRO-PROCEPLAST-1.5MTS-100x100.png",100,100,true]},"uagb_author_info":{"display_name":"centroferreterofarvel","author_link":"https:\/\/centroferreterofarvel.com\/index.php\/author\/"},"uagb_comment_info":0,"uagb_excerpt":"Pl\u00e1stico Negro Proceplast 1.5 Metros: Versatilidad y Resistencia para tus Proyectos.","_links":{"self":[{"href":"https:\/\/centroferreterofarvel.com\/index.php\/wp-json\/wp\/v2\/product\/7666"}],"collection":[{"href":"https:\/\/centroferreterofarvel.com\/index.php\/wp-json\/wp\/v2\/product"}],"about":[{"href":"https:\/\/centroferreterofarvel.com\/index.php\/wp-json\/wp\/v2\/types\/product"}],"replies":[{"embeddable":true,"href":"https:\/\/centroferreterofarvel.com\/index.php\/wp-json\/wp\/v2\/comments?post=7666"}],"version-history":[{"count":4,"href":"https:\/\/centroferreterofarvel.com\/index.php\/wp-json\/wp\/v2\/product\/7666\/revisions"}],"predecessor-version":[{"id":10133,"href":"https:\/\/centroferreterofarvel.com\/index.php\/wp-json\/wp\/v2\/product\/7666\/revisions\/10133"}],"wp:featuredmedia":[{"embeddable":true,"href":"https:\/\/centroferreterofarvel.com\/index.php\/wp-json\/wp\/v2\/media\/7667"}],"wp:attachment":[{"href":"https:\/\/centroferreterofarvel.com\/index.php\/wp-json\/wp\/v2\/media?parent=7666"}],"wp:term":[{"taxonomy":"product_cat","embeddable":true,"href":"https:\/\/centroferreterofarvel.com\/index.php\/wp-json\/wp\/v2\/product_cat?post=7666"},{"taxonomy":"product_tag","embeddable":true,"href":"https:\/\/centroferreterofarvel.com\/index.php\/wp-json\/wp\/v2\/product_tag?post=7666"}],"curies":[{"name":"wp","href":"https:\/\/api.w.org\/{rel}","templated":true}]}}