{"id":7675,"date":"2024-02-26T00:51:32","date_gmt":"2024-02-26T05:51:32","guid":{"rendered":"https:\/\/centroferreterofarvel.com\/?post_type=product&#038;p=7675"},"modified":"2024-04-11T13:14:28","modified_gmt":"2024-04-11T18:14:28","slug":"playo-de-extension-stanley","status":"publish","type":"product","link":"https:\/\/centroferreterofarvel.com\/index.php\/producto\/playo-de-extension-stanley\/","title":{"rendered":"PLAYO DE EXTENSI\u00d3N STANLEY"},"content":{"rendered":"<p>El Playo de Extensi\u00f3n Stanley es la herramienta perfecta para aquellas situaciones en las que necesitas alcanzar distancias mayores sin comprometer la fuerza y seguridad de la sujeci\u00f3n. Dise\u00f1ado para ofrecer una extensi\u00f3n adicional sin sacrificar la fuerza de sujeci\u00f3n. Ideal para asegurar objetos en situaciones donde se requiere mayor longitud. Con el Playo de Extensi\u00f3n Stanley, puedes enfrentar desaf\u00edos de sujeci\u00f3n que requieren mayor alcance sin comprometer la calidad y seguridad que esperas de las herramientas Stanley.<\/p>\n","protected":false},"excerpt":{"rendered":"<p>Playo de Extensi\u00f3n Stanley: Potencia y Seguridad para tus Proyectos.<\/p>\n","protected":false},"featured_media":7676,"comment_status":"open","ping_status":"closed","template":"","meta":{"_uag_custom_page_level_css":""},"product_cat":[139,146],"product_tag":[1346,1344,643,623,1342,1345,621],"jetpack_sharing_enabled":true,"uagb_featured_image_src":{"full":["https:\/\/centroferreterofarvel.com\/wp-content\/uploads\/2024\/02\/PLAYO-DE-EXTENSION-STANLEY.png",1080,1350,false],"thumbnail":["https:\/\/centroferreterofarvel.com\/wp-content\/uploads\/2024\/02\/PLAYO-DE-EXTENSION-STANLEY-150x150.png",150,150,true],"medium":["https:\/\/centroferreterofarvel.com\/wp-content\/uploads\/2024\/02\/PLAYO-DE-EXTENSION-STANLEY-240x300.png",240,300,true],"medium_large":["https:\/\/centroferreterofarvel.com\/wp-content\/uploads\/2024\/02\/PLAYO-DE-EXTENSION-STANLEY-768x960.png",768,960,true],"large":["https:\/\/centroferreterofarvel.com\/wp-content\/uploads\/2024\/02\/PLAYO-DE-EXTENSION-STANLEY-819x1024.png",819,1024,true],"1536x1536":["https:\/\/centroferreterofarvel.com\/wp-content\/uploads\/2024\/02\/PLAYO-DE-EXTENSION-STANLEY.png",1080,1350,false],"2048x2048":["https:\/\/centroferreterofarvel.com\/wp-content\/uploads\/2024\/02\/PLAYO-DE-EXTENSION-STANLEY.png",1080,1350,false],"mailpoet_newsletter_max":["https:\/\/centroferreterofarvel.com\/wp-content\/uploads\/2024\/02\/PLAYO-DE-EXTENSION-STANLEY.png",1080,1350,false],"woocommerce_thumbnail":["https:\/\/centroferreterofarvel.com\/wp-content\/uploads\/2024\/02\/PLAYO-DE-EXTENSION-STANLEY-450x450.png",450,450,true],"woocommerce_single":["https:\/\/centroferreterofarvel.com\/wp-content\/uploads\/2024\/02\/PLAYO-DE-EXTENSION-STANLEY-600x750.png",600,750,true],"woocommerce_gallery_thumbnail":["https:\/\/centroferreterofarvel.com\/wp-content\/uploads\/2024\/02\/PLAYO-DE-EXTENSION-STANLEY-100x100.png",100,100,true]},"uagb_author_info":{"display_name":"centroferreterofarvel","author_link":"https:\/\/centroferreterofarvel.com\/index.php\/author\/"},"uagb_comment_info":0,"uagb_excerpt":"Playo de Extensi\u00f3n Stanley: Potencia y Seguridad para tus Proyectos.","_links":{"self":[{"href":"https:\/\/centroferreterofarvel.com\/index.php\/wp-json\/wp\/v2\/product\/7675"}],"collection":[{"href":"https:\/\/centroferreterofarvel.com\/index.php\/wp-json\/wp\/v2\/product"}],"about":[{"href":"https:\/\/centroferreterofarvel.com\/index.php\/wp-json\/wp\/v2\/types\/product"}],"replies":[{"embeddable":true,"href":"https:\/\/centroferreterofarvel.com\/index.php\/wp-json\/wp\/v2\/comments?post=7675"}],"version-history":[{"count":3,"href":"https:\/\/centroferreterofarvel.com\/index.php\/wp-json\/wp\/v2\/product\/7675\/revisions"}],"predecessor-version":[{"id":9602,"href":"https:\/\/centroferreterofarvel.com\/index.php\/wp-json\/wp\/v2\/product\/7675\/revisions\/9602"}],"wp:featuredmedia":[{"embeddable":true,"href":"https:\/\/centroferreterofarvel.com\/index.php\/wp-json\/wp\/v2\/media\/7676"}],"wp:attachment":[{"href":"https:\/\/centroferreterofarvel.com\/index.php\/wp-json\/wp\/v2\/media?parent=7675"}],"wp:term":[{"taxonomy":"product_cat","embeddable":true,"href":"https:\/\/centroferreterofarvel.com\/index.php\/wp-json\/wp\/v2\/product_cat?post=7675"},{"taxonomy":"product_tag","embeddable":true,"href":"https:\/\/centroferreterofarvel.com\/index.php\/wp-json\/wp\/v2\/product_tag?post=7675"}],"curies":[{"name":"wp","href":"https:\/\/api.w.org\/{rel}","templated":true}]}}