{"id":7684,"date":"2024-02-26T01:11:39","date_gmt":"2024-02-26T06:11:39","guid":{"rendered":"https:\/\/centroferreterofarvel.com\/?post_type=product&#038;p=7684"},"modified":"2024-07-22T13:12:27","modified_gmt":"2024-07-22T18:12:27","slug":"punta-desarmador-ph2-3pz-pln-es-comando","status":"publish","type":"product","link":"https:\/\/centroferreterofarvel.com\/index.php\/producto\/punta-desarmador-ph2-3pz-pln-es-comando\/","title":{"rendered":"PUNTA DESARMADOR COMANDO"},"content":{"rendered":"<p>La Punta Desarmador Comando es una herramienta esencial que destaca por su calidad, durabilidad y precisi\u00f3n. Dise\u00f1ada para ofrecer un rendimiento \u00f3ptimo en una variedad de aplicaciones, esta punta se integra perfectamente con destornilladores y otras herramientas manuales. Fabricada con materiales de primera calidad, esta punta de desarmador est\u00e1 dise\u00f1ada para resistir el desgaste y proporcionar una larga vida \u00fatil. La Punta Desarmador Comando es un componente esencial para cualquier caja de herramientas, ofreciendo precisi\u00f3n y eficiencia en una variedad de aplicaciones.<\/p>\n","protected":false},"excerpt":{"rendered":"<p>Punta Desarmador Comando: Precisi\u00f3n y Eficiencia para Tus Proyectos.<\/p>\n","protected":false},"featured_media":9363,"comment_status":"open","ping_status":"closed","template":"","meta":{"_uag_custom_page_level_css":""},"product_cat":[133,132],"product_tag":[318,926,1352,643,625,319,1351],"jetpack_sharing_enabled":true,"uagb_featured_image_src":{"full":["https:\/\/centroferreterofarvel.com\/wp-content\/uploads\/2024\/02\/PUNTA-DESARMADOR-PH2-3PZ-PLN-ES-COMANDO-1.png",1080,1350,false],"thumbnail":["https:\/\/centroferreterofarvel.com\/wp-content\/uploads\/2024\/02\/PUNTA-DESARMADOR-PH2-3PZ-PLN-ES-COMANDO-1-150x150.png",150,150,true],"medium":["https:\/\/centroferreterofarvel.com\/wp-content\/uploads\/2024\/02\/PUNTA-DESARMADOR-PH2-3PZ-PLN-ES-COMANDO-1-240x300.png",240,300,true],"medium_large":["https:\/\/centroferreterofarvel.com\/wp-content\/uploads\/2024\/02\/PUNTA-DESARMADOR-PH2-3PZ-PLN-ES-COMANDO-1-768x960.png",768,960,true],"large":["https:\/\/centroferreterofarvel.com\/wp-content\/uploads\/2024\/02\/PUNTA-DESARMADOR-PH2-3PZ-PLN-ES-COMANDO-1-819x1024.png",819,1024,true],"1536x1536":["https:\/\/centroferreterofarvel.com\/wp-content\/uploads\/2024\/02\/PUNTA-DESARMADOR-PH2-3PZ-PLN-ES-COMANDO-1.png",1080,1350,false],"2048x2048":["https:\/\/centroferreterofarvel.com\/wp-content\/uploads\/2024\/02\/PUNTA-DESARMADOR-PH2-3PZ-PLN-ES-COMANDO-1.png",1080,1350,false],"mailpoet_newsletter_max":["https:\/\/centroferreterofarvel.com\/wp-content\/uploads\/2024\/02\/PUNTA-DESARMADOR-PH2-3PZ-PLN-ES-COMANDO-1.png",1080,1350,false],"woocommerce_thumbnail":["https:\/\/centroferreterofarvel.com\/wp-content\/uploads\/2024\/02\/PUNTA-DESARMADOR-PH2-3PZ-PLN-ES-COMANDO-1-450x450.png",450,450,true],"woocommerce_single":["https:\/\/centroferreterofarvel.com\/wp-content\/uploads\/2024\/02\/PUNTA-DESARMADOR-PH2-3PZ-PLN-ES-COMANDO-1-600x750.png",600,750,true],"woocommerce_gallery_thumbnail":["https:\/\/centroferreterofarvel.com\/wp-content\/uploads\/2024\/02\/PUNTA-DESARMADOR-PH2-3PZ-PLN-ES-COMANDO-1-100x100.png",100,100,true]},"uagb_author_info":{"display_name":"centroferreterofarvel","author_link":"https:\/\/centroferreterofarvel.com\/index.php\/author\/"},"uagb_comment_info":0,"uagb_excerpt":"Punta Desarmador Comando: Precisi\u00f3n y Eficiencia para Tus Proyectos.","_links":{"self":[{"href":"https:\/\/centroferreterofarvel.com\/index.php\/wp-json\/wp\/v2\/product\/7684"}],"collection":[{"href":"https:\/\/centroferreterofarvel.com\/index.php\/wp-json\/wp\/v2\/product"}],"about":[{"href":"https:\/\/centroferreterofarvel.com\/index.php\/wp-json\/wp\/v2\/types\/product"}],"replies":[{"embeddable":true,"href":"https:\/\/centroferreterofarvel.com\/index.php\/wp-json\/wp\/v2\/comments?post=7684"}],"version-history":[{"count":3,"href":"https:\/\/centroferreterofarvel.com\/index.php\/wp-json\/wp\/v2\/product\/7684\/revisions"}],"predecessor-version":[{"id":9605,"href":"https:\/\/centroferreterofarvel.com\/index.php\/wp-json\/wp\/v2\/product\/7684\/revisions\/9605"}],"wp:featuredmedia":[{"embeddable":true,"href":"https:\/\/centroferreterofarvel.com\/index.php\/wp-json\/wp\/v2\/media\/9363"}],"wp:attachment":[{"href":"https:\/\/centroferreterofarvel.com\/index.php\/wp-json\/wp\/v2\/media?parent=7684"}],"wp:term":[{"taxonomy":"product_cat","embeddable":true,"href":"https:\/\/centroferreterofarvel.com\/index.php\/wp-json\/wp\/v2\/product_cat?post=7684"},{"taxonomy":"product_tag","embeddable":true,"href":"https:\/\/centroferreterofarvel.com\/index.php\/wp-json\/wp\/v2\/product_tag?post=7684"}],"curies":[{"name":"wp","href":"https:\/\/api.w.org\/{rel}","templated":true}]}}