{"id":7693,"date":"2024-02-26T06:03:20","date_gmt":"2024-02-26T11:03:20","guid":{"rendered":"https:\/\/centroferreterofarvel.com\/?post_type=product&#038;p=7693"},"modified":"2024-04-03T15:55:57","modified_gmt":"2024-04-03T20:55:57","slug":"regleta-8-tomas","status":"publish","type":"product","link":"https:\/\/centroferreterofarvel.com\/index.php\/producto\/regleta-8-tomas\/","title":{"rendered":"REGLETA 8 TOMAS"},"content":{"rendered":"<p>La regleta de 8 tomas es la soluci\u00f3n ideal para mantener todos tus dispositivos electr\u00f3nicos conectados y organizados en un solo lugar. Con ocho enchufes disponibles, esta regleta te brinda la flexibilidad necesaria para alimentar m\u00faltiples dispositivos al mismo tiempo, desde equipos de oficina hasta dispositivos de entretenimiento en el hogar. Su dise\u00f1o compacto y resistente la hace perfecta para uso en el hogar, la oficina o cualquier otro entorno. Mant\u00e9n tus dispositivos cargados y listos para usar con esta pr\u00e1ctica regleta de 8 tomas.<\/p>\n<p>&nbsp;<\/p>\n","protected":false},"excerpt":{"rendered":"<p>Regleta de 8 Tomas: Soluci\u00f3n Pr\u00e1ctica para Conectar tus Dispositivos Electr\u00f3nicos<\/p>\n","protected":false},"featured_media":9321,"comment_status":"open","ping_status":"closed","template":"","meta":{"_uag_custom_page_level_css":""},"product_cat":[33,117],"product_tag":[1655,273,1357,1654,264],"jetpack_sharing_enabled":true,"uagb_featured_image_src":{"full":["https:\/\/centroferreterofarvel.com\/wp-content\/uploads\/2024\/02\/REGLETA-8-TOMAS-VOLTECK.png",1080,1350,false],"thumbnail":["https:\/\/centroferreterofarvel.com\/wp-content\/uploads\/2024\/02\/REGLETA-8-TOMAS-VOLTECK-150x150.png",150,150,true],"medium":["https:\/\/centroferreterofarvel.com\/wp-content\/uploads\/2024\/02\/REGLETA-8-TOMAS-VOLTECK-240x300.png",240,300,true],"medium_large":["https:\/\/centroferreterofarvel.com\/wp-content\/uploads\/2024\/02\/REGLETA-8-TOMAS-VOLTECK-768x960.png",768,960,true],"large":["https:\/\/centroferreterofarvel.com\/wp-content\/uploads\/2024\/02\/REGLETA-8-TOMAS-VOLTECK-819x1024.png",819,1024,true],"1536x1536":["https:\/\/centroferreterofarvel.com\/wp-content\/uploads\/2024\/02\/REGLETA-8-TOMAS-VOLTECK.png",1080,1350,false],"2048x2048":["https:\/\/centroferreterofarvel.com\/wp-content\/uploads\/2024\/02\/REGLETA-8-TOMAS-VOLTECK.png",1080,1350,false],"mailpoet_newsletter_max":["https:\/\/centroferreterofarvel.com\/wp-content\/uploads\/2024\/02\/REGLETA-8-TOMAS-VOLTECK.png",1080,1350,false],"woocommerce_thumbnail":["https:\/\/centroferreterofarvel.com\/wp-content\/uploads\/2024\/02\/REGLETA-8-TOMAS-VOLTECK-450x450.png",450,450,true],"woocommerce_single":["https:\/\/centroferreterofarvel.com\/wp-content\/uploads\/2024\/02\/REGLETA-8-TOMAS-VOLTECK-600x750.png",600,750,true],"woocommerce_gallery_thumbnail":["https:\/\/centroferreterofarvel.com\/wp-content\/uploads\/2024\/02\/REGLETA-8-TOMAS-VOLTECK-100x100.png",100,100,true]},"uagb_author_info":{"display_name":"centroferreterofarvel","author_link":"https:\/\/centroferreterofarvel.com\/index.php\/author\/"},"uagb_comment_info":0,"uagb_excerpt":"Regleta de 8 Tomas: Soluci\u00f3n Pr\u00e1ctica para Conectar tus Dispositivos Electr\u00f3nicos","_links":{"self":[{"href":"https:\/\/centroferreterofarvel.com\/index.php\/wp-json\/wp\/v2\/product\/7693"}],"collection":[{"href":"https:\/\/centroferreterofarvel.com\/index.php\/wp-json\/wp\/v2\/product"}],"about":[{"href":"https:\/\/centroferreterofarvel.com\/index.php\/wp-json\/wp\/v2\/types\/product"}],"replies":[{"embeddable":true,"href":"https:\/\/centroferreterofarvel.com\/index.php\/wp-json\/wp\/v2\/comments?post=7693"}],"version-history":[{"count":3,"href":"https:\/\/centroferreterofarvel.com\/index.php\/wp-json\/wp\/v2\/product\/7693\/revisions"}],"predecessor-version":[{"id":9787,"href":"https:\/\/centroferreterofarvel.com\/index.php\/wp-json\/wp\/v2\/product\/7693\/revisions\/9787"}],"wp:featuredmedia":[{"embeddable":true,"href":"https:\/\/centroferreterofarvel.com\/index.php\/wp-json\/wp\/v2\/media\/9321"}],"wp:attachment":[{"href":"https:\/\/centroferreterofarvel.com\/index.php\/wp-json\/wp\/v2\/media?parent=7693"}],"wp:term":[{"taxonomy":"product_cat","embeddable":true,"href":"https:\/\/centroferreterofarvel.com\/index.php\/wp-json\/wp\/v2\/product_cat?post=7693"},{"taxonomy":"product_tag","embeddable":true,"href":"https:\/\/centroferreterofarvel.com\/index.php\/wp-json\/wp\/v2\/product_tag?post=7693"}],"curies":[{"name":"wp","href":"https:\/\/api.w.org\/{rel}","templated":true}]}}