{"id":7706,"date":"2024-02-26T06:12:45","date_gmt":"2024-02-26T11:12:45","guid":{"rendered":"https:\/\/centroferreterofarvel.com\/?post_type=product&#038;p=7706"},"modified":"2024-04-10T16:55:21","modified_gmt":"2024-04-10T21:55:21","slug":"regulador-de-voltaje-1000-va-4puertos-usb","status":"publish","type":"product","link":"https:\/\/centroferreterofarvel.com\/index.php\/producto\/regulador-de-voltaje-1000-va-4puertos-usb\/","title":{"rendered":"REGULADOR DE VOLTAJE 1000 VA 4 PUERTOS USB"},"content":{"rendered":"<p>El Regulador de Voltaje de 1000 VA con 4 Puertos USB es una soluci\u00f3n eficiente para garantizar un suministro de energ\u00eda estable y proteger tus dispositivos electr\u00f3nicos. Los cuatro puertos USB integrados permiten la carga conveniente de dispositivos como tel\u00e9fonos, tabletas u otros dispositivos alimentados por USB. El Regulador de Voltaje de 1000 VA con 4 Puertos USB es una herramienta esencial para mantener la estabilidad del suministro el\u00e9ctrico y proteger tus valiosos dispositivos electr\u00f3nicos. Con su capacidad de regulaci\u00f3n y funciones de protecci\u00f3n, es una elecci\u00f3n confiable para asegurar un rendimiento \u00f3ptimo de tus equipos.<\/p>\n","protected":false},"excerpt":{"rendered":"<p>Regulador de Voltaje 1000 VA con 4 Puertos USB: Mant\u00e9n un Suministro de Energ\u00eda Estable.<\/p>\n","protected":false},"featured_media":7707,"comment_status":"open","ping_status":"closed","template":"","meta":{"_uag_custom_page_level_css":""},"product_cat":[33,117],"product_tag":[273,1366,1365,1363,1368,1367,1364],"jetpack_sharing_enabled":true,"uagb_featured_image_src":{"full":["https:\/\/centroferreterofarvel.com\/wp-content\/uploads\/2024\/02\/REGULADOR-DE-VOLTAJE-1000-VA-4PUERTOS-USB.png",1080,1350,false],"thumbnail":["https:\/\/centroferreterofarvel.com\/wp-content\/uploads\/2024\/02\/REGULADOR-DE-VOLTAJE-1000-VA-4PUERTOS-USB-150x150.png",150,150,true],"medium":["https:\/\/centroferreterofarvel.com\/wp-content\/uploads\/2024\/02\/REGULADOR-DE-VOLTAJE-1000-VA-4PUERTOS-USB-240x300.png",240,300,true],"medium_large":["https:\/\/centroferreterofarvel.com\/wp-content\/uploads\/2024\/02\/REGULADOR-DE-VOLTAJE-1000-VA-4PUERTOS-USB-768x960.png",768,960,true],"large":["https:\/\/centroferreterofarvel.com\/wp-content\/uploads\/2024\/02\/REGULADOR-DE-VOLTAJE-1000-VA-4PUERTOS-USB-819x1024.png",819,1024,true],"1536x1536":["https:\/\/centroferreterofarvel.com\/wp-content\/uploads\/2024\/02\/REGULADOR-DE-VOLTAJE-1000-VA-4PUERTOS-USB.png",1080,1350,false],"2048x2048":["https:\/\/centroferreterofarvel.com\/wp-content\/uploads\/2024\/02\/REGULADOR-DE-VOLTAJE-1000-VA-4PUERTOS-USB.png",1080,1350,false],"mailpoet_newsletter_max":["https:\/\/centroferreterofarvel.com\/wp-content\/uploads\/2024\/02\/REGULADOR-DE-VOLTAJE-1000-VA-4PUERTOS-USB.png",1080,1350,false],"woocommerce_thumbnail":["https:\/\/centroferreterofarvel.com\/wp-content\/uploads\/2024\/02\/REGULADOR-DE-VOLTAJE-1000-VA-4PUERTOS-USB-450x450.png",450,450,true],"woocommerce_single":["https:\/\/centroferreterofarvel.com\/wp-content\/uploads\/2024\/02\/REGULADOR-DE-VOLTAJE-1000-VA-4PUERTOS-USB-600x750.png",600,750,true],"woocommerce_gallery_thumbnail":["https:\/\/centroferreterofarvel.com\/wp-content\/uploads\/2024\/02\/REGULADOR-DE-VOLTAJE-1000-VA-4PUERTOS-USB-100x100.png",100,100,true]},"uagb_author_info":{"display_name":"centroferreterofarvel","author_link":"https:\/\/centroferreterofarvel.com\/index.php\/author\/"},"uagb_comment_info":0,"uagb_excerpt":"Regulador de Voltaje 1000 VA con 4 Puertos USB: Mant\u00e9n un Suministro de Energ\u00eda Estable.","_links":{"self":[{"href":"https:\/\/centroferreterofarvel.com\/index.php\/wp-json\/wp\/v2\/product\/7706"}],"collection":[{"href":"https:\/\/centroferreterofarvel.com\/index.php\/wp-json\/wp\/v2\/product"}],"about":[{"href":"https:\/\/centroferreterofarvel.com\/index.php\/wp-json\/wp\/v2\/types\/product"}],"replies":[{"embeddable":true,"href":"https:\/\/centroferreterofarvel.com\/index.php\/wp-json\/wp\/v2\/comments?post=7706"}],"version-history":[{"count":3,"href":"https:\/\/centroferreterofarvel.com\/index.php\/wp-json\/wp\/v2\/product\/7706\/revisions"}],"predecessor-version":[{"id":9944,"href":"https:\/\/centroferreterofarvel.com\/index.php\/wp-json\/wp\/v2\/product\/7706\/revisions\/9944"}],"wp:featuredmedia":[{"embeddable":true,"href":"https:\/\/centroferreterofarvel.com\/index.php\/wp-json\/wp\/v2\/media\/7707"}],"wp:attachment":[{"href":"https:\/\/centroferreterofarvel.com\/index.php\/wp-json\/wp\/v2\/media?parent=7706"}],"wp:term":[{"taxonomy":"product_cat","embeddable":true,"href":"https:\/\/centroferreterofarvel.com\/index.php\/wp-json\/wp\/v2\/product_cat?post=7706"},{"taxonomy":"product_tag","embeddable":true,"href":"https:\/\/centroferreterofarvel.com\/index.php\/wp-json\/wp\/v2\/product_tag?post=7706"}],"curies":[{"name":"wp","href":"https:\/\/api.w.org\/{rel}","templated":true}]}}