{"id":7727,"date":"2024-02-26T06:29:51","date_gmt":"2024-02-26T11:29:51","guid":{"rendered":"https:\/\/centroferreterofarvel.com\/?post_type=product&#038;p=7727"},"modified":"2024-04-10T16:52:56","modified_gmt":"2024-04-10T21:52:56","slug":"remachadora-pop-alum-3-16x1-comando-funda-x10","status":"publish","type":"product","link":"https:\/\/centroferreterofarvel.com\/index.php\/producto\/remachadora-pop-alum-3-16x1-comando-funda-x10\/","title":{"rendered":"REMACHADORA POP ALUMINIO COMANDO FUNDA X 10"},"content":{"rendered":"<p>La Remachadora Pop Aluminio de la marca Comando es la elecci\u00f3n perfecta para aplicaciones que requieren uniones fuertes y duraderas en materiales de aluminio. Con un di\u00e1metro y una longitud, esta remachadora es vers\u00e1til y adecuada para una variedad de proyectos, desde trabajos en l\u00e1minas hasta aplicaciones de carpinter\u00eda de aluminio. A\u00f1ade la Remachadora Pop Aluminio de Comando a tu colecci\u00f3n de herramientas y experimenta la facilidad y eficacia en la fijaci\u00f3n de materiales de aluminio. Sea cual sea tu proyecto, esta remachadora te brinda la confianza y rendimiento que necesitas. \u00a1Haz que cada remache cuente con Comando!<\/p>\n","protected":false},"excerpt":{"rendered":"<p>Remachadora POP Aluminio: Calidad y Versatilidad en una Herramienta.<\/p>\n","protected":false},"featured_media":7728,"comment_status":"open","ping_status":"closed","template":"","meta":{"_uag_custom_page_level_css":""},"product_cat":[139,149],"product_tag":[643,623,987,1377,1383,1382,1380,1381],"jetpack_sharing_enabled":true,"uagb_featured_image_src":{"full":["https:\/\/centroferreterofarvel.com\/wp-content\/uploads\/2024\/02\/REMACHADORA-POP-ALUM-316X1-COMANDO-FUNDA-X10.png",1080,1350,false],"thumbnail":["https:\/\/centroferreterofarvel.com\/wp-content\/uploads\/2024\/02\/REMACHADORA-POP-ALUM-316X1-COMANDO-FUNDA-X10-150x150.png",150,150,true],"medium":["https:\/\/centroferreterofarvel.com\/wp-content\/uploads\/2024\/02\/REMACHADORA-POP-ALUM-316X1-COMANDO-FUNDA-X10-240x300.png",240,300,true],"medium_large":["https:\/\/centroferreterofarvel.com\/wp-content\/uploads\/2024\/02\/REMACHADORA-POP-ALUM-316X1-COMANDO-FUNDA-X10-768x960.png",768,960,true],"large":["https:\/\/centroferreterofarvel.com\/wp-content\/uploads\/2024\/02\/REMACHADORA-POP-ALUM-316X1-COMANDO-FUNDA-X10-819x1024.png",819,1024,true],"1536x1536":["https:\/\/centroferreterofarvel.com\/wp-content\/uploads\/2024\/02\/REMACHADORA-POP-ALUM-316X1-COMANDO-FUNDA-X10.png",1080,1350,false],"2048x2048":["https:\/\/centroferreterofarvel.com\/wp-content\/uploads\/2024\/02\/REMACHADORA-POP-ALUM-316X1-COMANDO-FUNDA-X10.png",1080,1350,false],"mailpoet_newsletter_max":["https:\/\/centroferreterofarvel.com\/wp-content\/uploads\/2024\/02\/REMACHADORA-POP-ALUM-316X1-COMANDO-FUNDA-X10.png",1080,1350,false],"woocommerce_thumbnail":["https:\/\/centroferreterofarvel.com\/wp-content\/uploads\/2024\/02\/REMACHADORA-POP-ALUM-316X1-COMANDO-FUNDA-X10-450x450.png",450,450,true],"woocommerce_single":["https:\/\/centroferreterofarvel.com\/wp-content\/uploads\/2024\/02\/REMACHADORA-POP-ALUM-316X1-COMANDO-FUNDA-X10-600x750.png",600,750,true],"woocommerce_gallery_thumbnail":["https:\/\/centroferreterofarvel.com\/wp-content\/uploads\/2024\/02\/REMACHADORA-POP-ALUM-316X1-COMANDO-FUNDA-X10-100x100.png",100,100,true]},"uagb_author_info":{"display_name":"centroferreterofarvel","author_link":"https:\/\/centroferreterofarvel.com\/index.php\/author\/"},"uagb_comment_info":0,"uagb_excerpt":"Remachadora POP Aluminio: Calidad y Versatilidad en una Herramienta.","_links":{"self":[{"href":"https:\/\/centroferreterofarvel.com\/index.php\/wp-json\/wp\/v2\/product\/7727"}],"collection":[{"href":"https:\/\/centroferreterofarvel.com\/index.php\/wp-json\/wp\/v2\/product"}],"about":[{"href":"https:\/\/centroferreterofarvel.com\/index.php\/wp-json\/wp\/v2\/types\/product"}],"replies":[{"embeddable":true,"href":"https:\/\/centroferreterofarvel.com\/index.php\/wp-json\/wp\/v2\/comments?post=7727"}],"version-history":[{"count":5,"href":"https:\/\/centroferreterofarvel.com\/index.php\/wp-json\/wp\/v2\/product\/7727\/revisions"}],"predecessor-version":[{"id":8660,"href":"https:\/\/centroferreterofarvel.com\/index.php\/wp-json\/wp\/v2\/product\/7727\/revisions\/8660"}],"wp:featuredmedia":[{"embeddable":true,"href":"https:\/\/centroferreterofarvel.com\/index.php\/wp-json\/wp\/v2\/media\/7728"}],"wp:attachment":[{"href":"https:\/\/centroferreterofarvel.com\/index.php\/wp-json\/wp\/v2\/media?parent=7727"}],"wp:term":[{"taxonomy":"product_cat","embeddable":true,"href":"https:\/\/centroferreterofarvel.com\/index.php\/wp-json\/wp\/v2\/product_cat?post=7727"},{"taxonomy":"product_tag","embeddable":true,"href":"https:\/\/centroferreterofarvel.com\/index.php\/wp-json\/wp\/v2\/product_tag?post=7727"}],"curies":[{"name":"wp","href":"https:\/\/api.w.org\/{rel}","templated":true}]}}