{"id":7734,"date":"2024-02-26T06:36:41","date_gmt":"2024-02-26T11:36:41","guid":{"rendered":"https:\/\/centroferreterofarvel.com\/?post_type=product&#038;p=7734"},"modified":"2024-03-27T16:16:40","modified_gmt":"2024-03-27T21:16:40","slug":"resina-selloflex","status":"publish","type":"product","link":"https:\/\/centroferreterofarvel.com\/index.php\/producto\/resina-selloflex\/","title":{"rendered":"RESINA SELLOFLEX"},"content":{"rendered":"<p>La Resina Selloflex es un producto innovador dise\u00f1ado para ofrecer un rendimiento excepcional en aplicaciones de adhesi\u00f3n y sellado. Esta resina se destaca por sus propiedades adhesivas de alta resistencia y versatilidad, proporcionando soluciones efectivas en una variedad de aplicaciones. La resina est\u00e1 formulada para resistir condiciones ambientales adversas, como humedad, temperatura y exposici\u00f3n a los rayos UV. Proporciona durabilidad a largo plazo. Descubre c\u00f3mo esta resina puede mejorar y simplificar tus proyectos de adhesi\u00f3n y sellado.<\/p>\n","protected":false},"excerpt":{"rendered":"<p>Resina Selloflex: Soluci\u00f3n Avanzada para Adhesi\u00f3n y Sellado.<\/p>\n","protected":false},"featured_media":9415,"comment_status":"open","ping_status":"closed","template":"","meta":{"_uag_custom_page_level_css":""},"product_cat":[35,164],"product_tag":[1262,1388,1259,1387],"jetpack_sharing_enabled":true,"uagb_featured_image_src":{"full":["https:\/\/centroferreterofarvel.com\/wp-content\/uploads\/2024\/02\/RESINA-SELLOFLEX-1.png",1080,1350,false],"thumbnail":["https:\/\/centroferreterofarvel.com\/wp-content\/uploads\/2024\/02\/RESINA-SELLOFLEX-1-150x150.png",150,150,true],"medium":["https:\/\/centroferreterofarvel.com\/wp-content\/uploads\/2024\/02\/RESINA-SELLOFLEX-1-240x300.png",240,300,true],"medium_large":["https:\/\/centroferreterofarvel.com\/wp-content\/uploads\/2024\/02\/RESINA-SELLOFLEX-1-768x960.png",768,960,true],"large":["https:\/\/centroferreterofarvel.com\/wp-content\/uploads\/2024\/02\/RESINA-SELLOFLEX-1-819x1024.png",819,1024,true],"1536x1536":["https:\/\/centroferreterofarvel.com\/wp-content\/uploads\/2024\/02\/RESINA-SELLOFLEX-1.png",1080,1350,false],"2048x2048":["https:\/\/centroferreterofarvel.com\/wp-content\/uploads\/2024\/02\/RESINA-SELLOFLEX-1.png",1080,1350,false],"mailpoet_newsletter_max":["https:\/\/centroferreterofarvel.com\/wp-content\/uploads\/2024\/02\/RESINA-SELLOFLEX-1.png",1080,1350,false],"woocommerce_thumbnail":["https:\/\/centroferreterofarvel.com\/wp-content\/uploads\/2024\/02\/RESINA-SELLOFLEX-1-450x450.png",450,450,true],"woocommerce_single":["https:\/\/centroferreterofarvel.com\/wp-content\/uploads\/2024\/02\/RESINA-SELLOFLEX-1-600x750.png",600,750,true],"woocommerce_gallery_thumbnail":["https:\/\/centroferreterofarvel.com\/wp-content\/uploads\/2024\/02\/RESINA-SELLOFLEX-1-100x100.png",100,100,true]},"uagb_author_info":{"display_name":"centroferreterofarvel","author_link":"https:\/\/centroferreterofarvel.com\/index.php\/author\/"},"uagb_comment_info":0,"uagb_excerpt":"Resina Selloflex: Soluci\u00f3n Avanzada para Adhesi\u00f3n y Sellado.","_links":{"self":[{"href":"https:\/\/centroferreterofarvel.com\/index.php\/wp-json\/wp\/v2\/product\/7734"}],"collection":[{"href":"https:\/\/centroferreterofarvel.com\/index.php\/wp-json\/wp\/v2\/product"}],"about":[{"href":"https:\/\/centroferreterofarvel.com\/index.php\/wp-json\/wp\/v2\/types\/product"}],"replies":[{"embeddable":true,"href":"https:\/\/centroferreterofarvel.com\/index.php\/wp-json\/wp\/v2\/comments?post=7734"}],"version-history":[{"count":3,"href":"https:\/\/centroferreterofarvel.com\/index.php\/wp-json\/wp\/v2\/product\/7734\/revisions"}],"predecessor-version":[{"id":9562,"href":"https:\/\/centroferreterofarvel.com\/index.php\/wp-json\/wp\/v2\/product\/7734\/revisions\/9562"}],"wp:featuredmedia":[{"embeddable":true,"href":"https:\/\/centroferreterofarvel.com\/index.php\/wp-json\/wp\/v2\/media\/9415"}],"wp:attachment":[{"href":"https:\/\/centroferreterofarvel.com\/index.php\/wp-json\/wp\/v2\/media?parent=7734"}],"wp:term":[{"taxonomy":"product_cat","embeddable":true,"href":"https:\/\/centroferreterofarvel.com\/index.php\/wp-json\/wp\/v2\/product_cat?post=7734"},{"taxonomy":"product_tag","embeddable":true,"href":"https:\/\/centroferreterofarvel.com\/index.php\/wp-json\/wp\/v2\/product_tag?post=7734"}],"curies":[{"name":"wp","href":"https:\/\/api.w.org\/{rel}","templated":true}]}}