{"id":7749,"date":"2024-02-26T06:48:59","date_gmt":"2024-02-26T11:48:59","guid":{"rendered":"https:\/\/centroferreterofarvel.com\/?post_type=product&#038;p=7749"},"modified":"2024-09-05T14:58:41","modified_gmt":"2024-09-05T19:58:41","slug":"sello-rojo-gel-lejia-500g","status":"publish","type":"product","link":"https:\/\/centroferreterofarvel.com\/index.php\/producto\/sello-rojo-gel-lejia-500g\/","title":{"rendered":"SELLO ROJO"},"content":{"rendered":"<p>El Sello Rojo Gel Lej\u00eda es una soluci\u00f3n eficaz para la desinfecci\u00f3n y limpieza en el hogar o entornos comerciales. Con su formulaci\u00f3n en gel, este producto proporciona una aplicaci\u00f3n precisa y controlada, asegurando una acci\u00f3n desinfectante eficiente en diversas superficies. La lej\u00eda Sello Rojo es conocida por su poder desinfectante, eliminando bacterias, virus y g\u00e9rmenes en superficies. Este producto en formato de gel permite una aplicaci\u00f3n directa, asegurando una cobertura uniforme y un contacto prolongado para una desinfecci\u00f3n efectiva. El Sello Rojo Gel Lej\u00eda es una opci\u00f3n conveniente y efectiva para mantener ambientes limpios y desinfectados.<\/p>\n","protected":false},"excerpt":{"rendered":"<p>Sello Rojo Gel Lej\u00eda: Poder Desinfectante en Forma de Gel.<\/p>\n","protected":false},"featured_media":7750,"comment_status":"open","ping_status":"closed","template":"","meta":{"_uag_custom_page_level_css":""},"product_cat":[22,178],"product_tag":[1396,1395,1393,1397,1392,1394],"jetpack_sharing_enabled":true,"uagb_featured_image_src":{"full":["https:\/\/centroferreterofarvel.com\/wp-content\/uploads\/2024\/02\/SELLO-ROJO-GEL-LEJIA-500G.png",1080,1350,false],"thumbnail":["https:\/\/centroferreterofarvel.com\/wp-content\/uploads\/2024\/02\/SELLO-ROJO-GEL-LEJIA-500G-150x150.png",150,150,true],"medium":["https:\/\/centroferreterofarvel.com\/wp-content\/uploads\/2024\/02\/SELLO-ROJO-GEL-LEJIA-500G-240x300.png",240,300,true],"medium_large":["https:\/\/centroferreterofarvel.com\/wp-content\/uploads\/2024\/02\/SELLO-ROJO-GEL-LEJIA-500G-768x960.png",768,960,true],"large":["https:\/\/centroferreterofarvel.com\/wp-content\/uploads\/2024\/02\/SELLO-ROJO-GEL-LEJIA-500G-819x1024.png",819,1024,true],"1536x1536":["https:\/\/centroferreterofarvel.com\/wp-content\/uploads\/2024\/02\/SELLO-ROJO-GEL-LEJIA-500G.png",1080,1350,false],"2048x2048":["https:\/\/centroferreterofarvel.com\/wp-content\/uploads\/2024\/02\/SELLO-ROJO-GEL-LEJIA-500G.png",1080,1350,false],"mailpoet_newsletter_max":["https:\/\/centroferreterofarvel.com\/wp-content\/uploads\/2024\/02\/SELLO-ROJO-GEL-LEJIA-500G.png",1080,1350,false],"woocommerce_thumbnail":["https:\/\/centroferreterofarvel.com\/wp-content\/uploads\/2024\/02\/SELLO-ROJO-GEL-LEJIA-500G-450x450.png",450,450,true],"woocommerce_single":["https:\/\/centroferreterofarvel.com\/wp-content\/uploads\/2024\/02\/SELLO-ROJO-GEL-LEJIA-500G-600x750.png",600,750,true],"woocommerce_gallery_thumbnail":["https:\/\/centroferreterofarvel.com\/wp-content\/uploads\/2024\/02\/SELLO-ROJO-GEL-LEJIA-500G-100x100.png",100,100,true]},"uagb_author_info":{"display_name":"centroferreterofarvel","author_link":"https:\/\/centroferreterofarvel.com\/index.php\/author\/"},"uagb_comment_info":0,"uagb_excerpt":"Sello Rojo Gel Lej\u00eda: Poder Desinfectante en Forma de Gel.","_links":{"self":[{"href":"https:\/\/centroferreterofarvel.com\/index.php\/wp-json\/wp\/v2\/product\/7749"}],"collection":[{"href":"https:\/\/centroferreterofarvel.com\/index.php\/wp-json\/wp\/v2\/product"}],"about":[{"href":"https:\/\/centroferreterofarvel.com\/index.php\/wp-json\/wp\/v2\/types\/product"}],"replies":[{"embeddable":true,"href":"https:\/\/centroferreterofarvel.com\/index.php\/wp-json\/wp\/v2\/comments?post=7749"}],"version-history":[{"count":4,"href":"https:\/\/centroferreterofarvel.com\/index.php\/wp-json\/wp\/v2\/product\/7749\/revisions"}],"predecessor-version":[{"id":11153,"href":"https:\/\/centroferreterofarvel.com\/index.php\/wp-json\/wp\/v2\/product\/7749\/revisions\/11153"}],"wp:featuredmedia":[{"embeddable":true,"href":"https:\/\/centroferreterofarvel.com\/index.php\/wp-json\/wp\/v2\/media\/7750"}],"wp:attachment":[{"href":"https:\/\/centroferreterofarvel.com\/index.php\/wp-json\/wp\/v2\/media?parent=7749"}],"wp:term":[{"taxonomy":"product_cat","embeddable":true,"href":"https:\/\/centroferreterofarvel.com\/index.php\/wp-json\/wp\/v2\/product_cat?post=7749"},{"taxonomy":"product_tag","embeddable":true,"href":"https:\/\/centroferreterofarvel.com\/index.php\/wp-json\/wp\/v2\/product_tag?post=7749"}],"curies":[{"name":"wp","href":"https:\/\/api.w.org\/{rel}","templated":true}]}}