{"id":7768,"date":"2024-02-26T07:11:44","date_gmt":"2024-02-26T12:11:44","guid":{"rendered":"https:\/\/centroferreterofarvel.com\/?post_type=product&#038;p=7768"},"modified":"2024-04-09T15:05:21","modified_gmt":"2024-04-09T20:05:21","slug":"sifon-acordeon-comando-11-2-fregadero","status":"publish","type":"product","link":"https:\/\/centroferreterofarvel.com\/index.php\/producto\/sifon-acordeon-comando-11-2-fregadero\/","title":{"rendered":"SIF\u00d3N  ACORDEON COMANDO 11\/2 FREGADERO"},"content":{"rendered":"<p>El Sif\u00f3n Acorde\u00f3n Comando 1 1\/2 para Fregadero es la elecci\u00f3n perfecta para garantizar un desag\u00fce eficiente y libre de problemas en tu fregadero. Este sif\u00f3n, con dise\u00f1o acorde\u00f3n, ofrece una soluci\u00f3n vers\u00e1til y de alta calidad para tu sistema de fontaner\u00eda. Su estructura extensible permite ajustar la longitud seg\u00fan las necesidades espec\u00edficas de tu instalaci\u00f3n, asegurando un encaje perfecto y una conexi\u00f3n herm\u00e9tica. Opta por el Sif\u00f3n Acorde\u00f3n Comando 1 1\/2 para Fregadero y disfruta de un desag\u00fce sin complicaciones y de la tranquilidad de un sistema de fontaner\u00eda confiable. Un componente esencial para mantener tu fregadero funcionando de manera \u00f3ptima.<\/p>\n","protected":false},"excerpt":{"rendered":"<p>Sif\u00f3n Acorde\u00f3n Comando 1 1\/2 para Fregadero &#8211; Soluci\u00f3n Pr\u00e1ctica y Eficiente.<\/p>\n","protected":false},"featured_media":7769,"comment_status":"open","ping_status":"closed","template":"","meta":{"_uag_custom_page_level_css":""},"product_cat":[22,178],"product_tag":[1031,486,1652,1416,1653],"jetpack_sharing_enabled":true,"uagb_featured_image_src":{"full":["https:\/\/centroferreterofarvel.com\/wp-content\/uploads\/2024\/02\/SIFON-ACORDEON-COMANDO-112-FREGADERO.png",1080,1350,false],"thumbnail":["https:\/\/centroferreterofarvel.com\/wp-content\/uploads\/2024\/02\/SIFON-ACORDEON-COMANDO-112-FREGADERO-150x150.png",150,150,true],"medium":["https:\/\/centroferreterofarvel.com\/wp-content\/uploads\/2024\/02\/SIFON-ACORDEON-COMANDO-112-FREGADERO-240x300.png",240,300,true],"medium_large":["https:\/\/centroferreterofarvel.com\/wp-content\/uploads\/2024\/02\/SIFON-ACORDEON-COMANDO-112-FREGADERO-768x960.png",768,960,true],"large":["https:\/\/centroferreterofarvel.com\/wp-content\/uploads\/2024\/02\/SIFON-ACORDEON-COMANDO-112-FREGADERO-819x1024.png",819,1024,true],"1536x1536":["https:\/\/centroferreterofarvel.com\/wp-content\/uploads\/2024\/02\/SIFON-ACORDEON-COMANDO-112-FREGADERO.png",1080,1350,false],"2048x2048":["https:\/\/centroferreterofarvel.com\/wp-content\/uploads\/2024\/02\/SIFON-ACORDEON-COMANDO-112-FREGADERO.png",1080,1350,false],"mailpoet_newsletter_max":["https:\/\/centroferreterofarvel.com\/wp-content\/uploads\/2024\/02\/SIFON-ACORDEON-COMANDO-112-FREGADERO.png",1080,1350,false],"woocommerce_thumbnail":["https:\/\/centroferreterofarvel.com\/wp-content\/uploads\/2024\/02\/SIFON-ACORDEON-COMANDO-112-FREGADERO-450x450.png",450,450,true],"woocommerce_single":["https:\/\/centroferreterofarvel.com\/wp-content\/uploads\/2024\/02\/SIFON-ACORDEON-COMANDO-112-FREGADERO-600x750.png",600,750,true],"woocommerce_gallery_thumbnail":["https:\/\/centroferreterofarvel.com\/wp-content\/uploads\/2024\/02\/SIFON-ACORDEON-COMANDO-112-FREGADERO-100x100.png",100,100,true]},"uagb_author_info":{"display_name":"centroferreterofarvel","author_link":"https:\/\/centroferreterofarvel.com\/index.php\/author\/"},"uagb_comment_info":0,"uagb_excerpt":"Sif\u00f3n Acorde\u00f3n Comando 1 1\/2 para Fregadero - Soluci\u00f3n Pr\u00e1ctica y Eficiente.","_links":{"self":[{"href":"https:\/\/centroferreterofarvel.com\/index.php\/wp-json\/wp\/v2\/product\/7768"}],"collection":[{"href":"https:\/\/centroferreterofarvel.com\/index.php\/wp-json\/wp\/v2\/product"}],"about":[{"href":"https:\/\/centroferreterofarvel.com\/index.php\/wp-json\/wp\/v2\/types\/product"}],"replies":[{"embeddable":true,"href":"https:\/\/centroferreterofarvel.com\/index.php\/wp-json\/wp\/v2\/comments?post=7768"}],"version-history":[{"count":4,"href":"https:\/\/centroferreterofarvel.com\/index.php\/wp-json\/wp\/v2\/product\/7768\/revisions"}],"predecessor-version":[{"id":10115,"href":"https:\/\/centroferreterofarvel.com\/index.php\/wp-json\/wp\/v2\/product\/7768\/revisions\/10115"}],"wp:featuredmedia":[{"embeddable":true,"href":"https:\/\/centroferreterofarvel.com\/index.php\/wp-json\/wp\/v2\/media\/7769"}],"wp:attachment":[{"href":"https:\/\/centroferreterofarvel.com\/index.php\/wp-json\/wp\/v2\/media?parent=7768"}],"wp:term":[{"taxonomy":"product_cat","embeddable":true,"href":"https:\/\/centroferreterofarvel.com\/index.php\/wp-json\/wp\/v2\/product_cat?post=7768"},{"taxonomy":"product_tag","embeddable":true,"href":"https:\/\/centroferreterofarvel.com\/index.php\/wp-json\/wp\/v2\/product_tag?post=7768"}],"curies":[{"name":"wp","href":"https:\/\/api.w.org\/{rel}","templated":true}]}}