{"id":7787,"date":"2024-02-26T08:03:59","date_gmt":"2024-02-26T13:03:59","guid":{"rendered":"https:\/\/centroferreterofarvel.com\/?post_type=product&#038;p=7787"},"modified":"2024-04-09T14:59:52","modified_gmt":"2024-04-09T19:59:52","slug":"suelda-estano-metro","status":"publish","type":"product","link":"https:\/\/centroferreterofarvel.com\/index.php\/producto\/suelda-estano-metro\/","title":{"rendered":"SUELDA ESTA\u00d1O METRO"},"content":{"rendered":"<p>El hilo de soldadura de esta\u00f1o por metro es un componente esencial para aquellos que buscan realizar uniones precisas y duraderas en proyectos de soldadura. Este producto, ofrecido por nuestra empresa, est\u00e1 dise\u00f1ado para proporcionar resultados de alta calidad en diversas aplicaciones. Nuestro hilo de soldadura de esta\u00f1o se caracteriza por su calidad confiable. Cada metro est\u00e1 fabricado con est\u00e1ndares rigurosos para garantizar un rendimiento consistente.<\/p>\n","protected":false},"excerpt":{"rendered":"<p>Hilo de Soldadura de Esta\u00f1o por Metro: Para Uniones Precisas y Duraderas.<\/p>\n","protected":false},"featured_media":9524,"comment_status":"open","ping_status":"closed","template":"","meta":{"_uag_custom_page_level_css":""},"product_cat":[134,132],"product_tag":[1442,1445,989,1443,1444,1441,833,1439],"jetpack_sharing_enabled":true,"uagb_featured_image_src":{"full":["https:\/\/centroferreterofarvel.com\/wp-content\/uploads\/2024\/02\/suelda-estano-metro-1.png",1080,1350,false],"thumbnail":["https:\/\/centroferreterofarvel.com\/wp-content\/uploads\/2024\/02\/suelda-estano-metro-1-150x150.png",150,150,true],"medium":["https:\/\/centroferreterofarvel.com\/wp-content\/uploads\/2024\/02\/suelda-estano-metro-1-240x300.png",240,300,true],"medium_large":["https:\/\/centroferreterofarvel.com\/wp-content\/uploads\/2024\/02\/suelda-estano-metro-1-768x960.png",768,960,true],"large":["https:\/\/centroferreterofarvel.com\/wp-content\/uploads\/2024\/02\/suelda-estano-metro-1-819x1024.png",819,1024,true],"1536x1536":["https:\/\/centroferreterofarvel.com\/wp-content\/uploads\/2024\/02\/suelda-estano-metro-1.png",1080,1350,false],"2048x2048":["https:\/\/centroferreterofarvel.com\/wp-content\/uploads\/2024\/02\/suelda-estano-metro-1.png",1080,1350,false],"mailpoet_newsletter_max":["https:\/\/centroferreterofarvel.com\/wp-content\/uploads\/2024\/02\/suelda-estano-metro-1.png",1080,1350,false],"woocommerce_thumbnail":["https:\/\/centroferreterofarvel.com\/wp-content\/uploads\/2024\/02\/suelda-estano-metro-1-450x450.png",450,450,true],"woocommerce_single":["https:\/\/centroferreterofarvel.com\/wp-content\/uploads\/2024\/02\/suelda-estano-metro-1-600x750.png",600,750,true],"woocommerce_gallery_thumbnail":["https:\/\/centroferreterofarvel.com\/wp-content\/uploads\/2024\/02\/suelda-estano-metro-1-100x100.png",100,100,true]},"uagb_author_info":{"display_name":"centroferreterofarvel","author_link":"https:\/\/centroferreterofarvel.com\/index.php\/author\/"},"uagb_comment_info":0,"uagb_excerpt":"Hilo de Soldadura de Esta\u00f1o por Metro: Para Uniones Precisas y Duraderas.","_links":{"self":[{"href":"https:\/\/centroferreterofarvel.com\/index.php\/wp-json\/wp\/v2\/product\/7787"}],"collection":[{"href":"https:\/\/centroferreterofarvel.com\/index.php\/wp-json\/wp\/v2\/product"}],"about":[{"href":"https:\/\/centroferreterofarvel.com\/index.php\/wp-json\/wp\/v2\/types\/product"}],"replies":[{"embeddable":true,"href":"https:\/\/centroferreterofarvel.com\/index.php\/wp-json\/wp\/v2\/comments?post=7787"}],"version-history":[{"count":3,"href":"https:\/\/centroferreterofarvel.com\/index.php\/wp-json\/wp\/v2\/product\/7787\/revisions"}],"predecessor-version":[{"id":8717,"href":"https:\/\/centroferreterofarvel.com\/index.php\/wp-json\/wp\/v2\/product\/7787\/revisions\/8717"}],"wp:featuredmedia":[{"embeddable":true,"href":"https:\/\/centroferreterofarvel.com\/index.php\/wp-json\/wp\/v2\/media\/9524"}],"wp:attachment":[{"href":"https:\/\/centroferreterofarvel.com\/index.php\/wp-json\/wp\/v2\/media?parent=7787"}],"wp:term":[{"taxonomy":"product_cat","embeddable":true,"href":"https:\/\/centroferreterofarvel.com\/index.php\/wp-json\/wp\/v2\/product_cat?post=7787"},{"taxonomy":"product_tag","embeddable":true,"href":"https:\/\/centroferreterofarvel.com\/index.php\/wp-json\/wp\/v2\/product_tag?post=7787"}],"curies":[{"name":"wp","href":"https:\/\/api.w.org\/{rel}","templated":true}]}}