{"id":7811,"date":"2024-02-26T08:36:38","date_gmt":"2024-02-26T13:36:38","guid":{"rendered":"https:\/\/centroferreterofarvel.com\/?post_type=product&#038;p=7811"},"modified":"2024-06-05T15:08:58","modified_gmt":"2024-06-05T20:08:58","slug":"tarraja-manual-4-pzs-1-2pa-1pp-tubo","status":"publish","type":"product","link":"https:\/\/centroferreterofarvel.com\/index.php\/producto\/tarraja-manual-4-pzs-1-2pa-1pp-tubo\/","title":{"rendered":"TARRAJA MANUAL 4 PZS 1\/2PA 1PP TUBO"},"content":{"rendered":"<p>La tarraja manual 4 pzs 1\/2pa 1pp tubo es una herramienta robusta y vers\u00e1til dise\u00f1ada para realizar roscas precisas en tubos, ofreciendo un rendimiento confiable en trabajos de plomer\u00eda, instalaci\u00f3n de tuber\u00edas y otros proyectos que requieran conexiones roscadas. Con un juego de cuatro terrajas, esta herramienta es compatible con tubos de diferentes tama\u00f1os, brindando versatilidad para adaptarse a diversas aplicaciones. Con su dise\u00f1o ergon\u00f3mico, precisi\u00f3n en el roscado y durabilidad, esta tarraja manual facilita la creaci\u00f3n de roscas confiables en tubos, asegurando conexiones s\u00f3lidas y duraderas en una variedad de aplicaciones.<\/p>\n","protected":false},"excerpt":{"rendered":"<p>Tarraja Manual 4 Pzs 1\/2pa 1pp Tubo: Herramienta Esencial Para Roscar Tubos Con Precisi\u00f3n.<\/p>\n","protected":false},"featured_media":7812,"comment_status":"open","ping_status":"closed","template":"","meta":{"_uag_custom_page_level_css":""},"product_cat":[139,146],"product_tag":[625,623,642,1477,1478,1194],"jetpack_sharing_enabled":true,"uagb_featured_image_src":{"full":["https:\/\/centroferreterofarvel.com\/wp-content\/uploads\/2024\/02\/TARRAJA-MANUAL-4-PZS-12PA-1PP-TUBO.png",1080,1350,false],"thumbnail":["https:\/\/centroferreterofarvel.com\/wp-content\/uploads\/2024\/02\/TARRAJA-MANUAL-4-PZS-12PA-1PP-TUBO-150x150.png",150,150,true],"medium":["https:\/\/centroferreterofarvel.com\/wp-content\/uploads\/2024\/02\/TARRAJA-MANUAL-4-PZS-12PA-1PP-TUBO-240x300.png",240,300,true],"medium_large":["https:\/\/centroferreterofarvel.com\/wp-content\/uploads\/2024\/02\/TARRAJA-MANUAL-4-PZS-12PA-1PP-TUBO-768x960.png",768,960,true],"large":["https:\/\/centroferreterofarvel.com\/wp-content\/uploads\/2024\/02\/TARRAJA-MANUAL-4-PZS-12PA-1PP-TUBO-819x1024.png",819,1024,true],"1536x1536":["https:\/\/centroferreterofarvel.com\/wp-content\/uploads\/2024\/02\/TARRAJA-MANUAL-4-PZS-12PA-1PP-TUBO.png",1080,1350,false],"2048x2048":["https:\/\/centroferreterofarvel.com\/wp-content\/uploads\/2024\/02\/TARRAJA-MANUAL-4-PZS-12PA-1PP-TUBO.png",1080,1350,false],"mailpoet_newsletter_max":["https:\/\/centroferreterofarvel.com\/wp-content\/uploads\/2024\/02\/TARRAJA-MANUAL-4-PZS-12PA-1PP-TUBO.png",1080,1350,false],"woocommerce_thumbnail":["https:\/\/centroferreterofarvel.com\/wp-content\/uploads\/2024\/02\/TARRAJA-MANUAL-4-PZS-12PA-1PP-TUBO-450x450.png",450,450,true],"woocommerce_single":["https:\/\/centroferreterofarvel.com\/wp-content\/uploads\/2024\/02\/TARRAJA-MANUAL-4-PZS-12PA-1PP-TUBO-600x750.png",600,750,true],"woocommerce_gallery_thumbnail":["https:\/\/centroferreterofarvel.com\/wp-content\/uploads\/2024\/02\/TARRAJA-MANUAL-4-PZS-12PA-1PP-TUBO-100x100.png",100,100,true]},"uagb_author_info":{"display_name":"centroferreterofarvel","author_link":"https:\/\/centroferreterofarvel.com\/index.php\/author\/"},"uagb_comment_info":0,"uagb_excerpt":"Tarraja Manual 4 Pzs 1\/2pa 1pp Tubo: Herramienta Esencial Para Roscar Tubos Con Precisi\u00f3n.","_links":{"self":[{"href":"https:\/\/centroferreterofarvel.com\/index.php\/wp-json\/wp\/v2\/product\/7811"}],"collection":[{"href":"https:\/\/centroferreterofarvel.com\/index.php\/wp-json\/wp\/v2\/product"}],"about":[{"href":"https:\/\/centroferreterofarvel.com\/index.php\/wp-json\/wp\/v2\/types\/product"}],"replies":[{"embeddable":true,"href":"https:\/\/centroferreterofarvel.com\/index.php\/wp-json\/wp\/v2\/comments?post=7811"}],"version-history":[{"count":3,"href":"https:\/\/centroferreterofarvel.com\/index.php\/wp-json\/wp\/v2\/product\/7811\/revisions"}],"predecessor-version":[{"id":8932,"href":"https:\/\/centroferreterofarvel.com\/index.php\/wp-json\/wp\/v2\/product\/7811\/revisions\/8932"}],"wp:featuredmedia":[{"embeddable":true,"href":"https:\/\/centroferreterofarvel.com\/index.php\/wp-json\/wp\/v2\/media\/7812"}],"wp:attachment":[{"href":"https:\/\/centroferreterofarvel.com\/index.php\/wp-json\/wp\/v2\/media?parent=7811"}],"wp:term":[{"taxonomy":"product_cat","embeddable":true,"href":"https:\/\/centroferreterofarvel.com\/index.php\/wp-json\/wp\/v2\/product_cat?post=7811"},{"taxonomy":"product_tag","embeddable":true,"href":"https:\/\/centroferreterofarvel.com\/index.php\/wp-json\/wp\/v2\/product_tag?post=7811"}],"curies":[{"name":"wp","href":"https:\/\/api.w.org\/{rel}","templated":true}]}}