{"id":7835,"date":"2024-02-26T09:15:28","date_gmt":"2024-02-26T14:15:28","guid":{"rendered":"https:\/\/centroferreterofarvel.com\/?post_type=product&#038;p=7835"},"modified":"2024-04-09T13:50:43","modified_gmt":"2024-04-09T18:50:43","slug":"timbre-inalambrico-32-tonos","status":"publish","type":"product","link":"https:\/\/centroferreterofarvel.com\/index.php\/producto\/timbre-inalambrico-32-tonos\/","title":{"rendered":"TIMBRE INALAMBRICO 32 TONOS"},"content":{"rendered":"<p>El timbre inal\u00e1mbrico 32 tonos es una soluci\u00f3n moderna y vers\u00e1til para la se\u00f1alizaci\u00f3n ac\u00fastica en diversos entornos, proporcionando una amplia gama de opciones de tonos para adaptarse a diferentes preferencias y necesidades. Proporciona la opci\u00f3n de ajustar el volumen del timbre, adapt\u00e1ndose as\u00ed a diferentes entornos y necesidades de sonido. El timbre inal\u00e1mbrico 32 tonos ofrece una soluci\u00f3n f\u00e1cil y adaptable para las necesidades de se\u00f1alizaci\u00f3n ac\u00fastica en diversos entornos, brindando a los usuarios opciones personalizables y un sistema conveniente de comunicaci\u00f3n auditiva.<\/p>\n","protected":false},"excerpt":{"rendered":"<p>Timbre Inal\u00e1mbrico 32 Tonos: Soluci\u00f3n Vers\u00e1til Y Personalizable Para Se\u00f1alizaci\u00f3n Ac\u00fastica.<\/p>\n","protected":false},"featured_media":7836,"comment_status":"open","ping_status":"closed","template":"","meta":{"_uag_custom_page_level_css":""},"product_cat":[37,33],"product_tag":[1497,301,1495,1496],"jetpack_sharing_enabled":true,"uagb_featured_image_src":{"full":["https:\/\/centroferreterofarvel.com\/wp-content\/uploads\/2024\/02\/TIMBRE-INALAMBRICO-32-TONOS.png",1080,1350,false],"thumbnail":["https:\/\/centroferreterofarvel.com\/wp-content\/uploads\/2024\/02\/TIMBRE-INALAMBRICO-32-TONOS-150x150.png",150,150,true],"medium":["https:\/\/centroferreterofarvel.com\/wp-content\/uploads\/2024\/02\/TIMBRE-INALAMBRICO-32-TONOS-240x300.png",240,300,true],"medium_large":["https:\/\/centroferreterofarvel.com\/wp-content\/uploads\/2024\/02\/TIMBRE-INALAMBRICO-32-TONOS-768x960.png",768,960,true],"large":["https:\/\/centroferreterofarvel.com\/wp-content\/uploads\/2024\/02\/TIMBRE-INALAMBRICO-32-TONOS-819x1024.png",819,1024,true],"1536x1536":["https:\/\/centroferreterofarvel.com\/wp-content\/uploads\/2024\/02\/TIMBRE-INALAMBRICO-32-TONOS.png",1080,1350,false],"2048x2048":["https:\/\/centroferreterofarvel.com\/wp-content\/uploads\/2024\/02\/TIMBRE-INALAMBRICO-32-TONOS.png",1080,1350,false],"mailpoet_newsletter_max":["https:\/\/centroferreterofarvel.com\/wp-content\/uploads\/2024\/02\/TIMBRE-INALAMBRICO-32-TONOS.png",1080,1350,false],"woocommerce_thumbnail":["https:\/\/centroferreterofarvel.com\/wp-content\/uploads\/2024\/02\/TIMBRE-INALAMBRICO-32-TONOS-450x450.png",450,450,true],"woocommerce_single":["https:\/\/centroferreterofarvel.com\/wp-content\/uploads\/2024\/02\/TIMBRE-INALAMBRICO-32-TONOS-600x750.png",600,750,true],"woocommerce_gallery_thumbnail":["https:\/\/centroferreterofarvel.com\/wp-content\/uploads\/2024\/02\/TIMBRE-INALAMBRICO-32-TONOS-100x100.png",100,100,true]},"uagb_author_info":{"display_name":"centroferreterofarvel","author_link":"https:\/\/centroferreterofarvel.com\/index.php\/author\/"},"uagb_comment_info":0,"uagb_excerpt":"Timbre Inal\u00e1mbrico 32 Tonos: Soluci\u00f3n Vers\u00e1til Y Personalizable Para Se\u00f1alizaci\u00f3n Ac\u00fastica.","_links":{"self":[{"href":"https:\/\/centroferreterofarvel.com\/index.php\/wp-json\/wp\/v2\/product\/7835"}],"collection":[{"href":"https:\/\/centroferreterofarvel.com\/index.php\/wp-json\/wp\/v2\/product"}],"about":[{"href":"https:\/\/centroferreterofarvel.com\/index.php\/wp-json\/wp\/v2\/types\/product"}],"replies":[{"embeddable":true,"href":"https:\/\/centroferreterofarvel.com\/index.php\/wp-json\/wp\/v2\/comments?post=7835"}],"version-history":[{"count":3,"href":"https:\/\/centroferreterofarvel.com\/index.php\/wp-json\/wp\/v2\/product\/7835\/revisions"}],"predecessor-version":[{"id":8951,"href":"https:\/\/centroferreterofarvel.com\/index.php\/wp-json\/wp\/v2\/product\/7835\/revisions\/8951"}],"wp:featuredmedia":[{"embeddable":true,"href":"https:\/\/centroferreterofarvel.com\/index.php\/wp-json\/wp\/v2\/media\/7836"}],"wp:attachment":[{"href":"https:\/\/centroferreterofarvel.com\/index.php\/wp-json\/wp\/v2\/media?parent=7835"}],"wp:term":[{"taxonomy":"product_cat","embeddable":true,"href":"https:\/\/centroferreterofarvel.com\/index.php\/wp-json\/wp\/v2\/product_cat?post=7835"},{"taxonomy":"product_tag","embeddable":true,"href":"https:\/\/centroferreterofarvel.com\/index.php\/wp-json\/wp\/v2\/product_tag?post=7835"}],"curies":[{"name":"wp","href":"https:\/\/api.w.org\/{rel}","templated":true}]}}