{"id":7847,"date":"2024-02-26T09:35:20","date_gmt":"2024-02-26T14:35:20","guid":{"rendered":"https:\/\/centroferreterofarvel.com\/?post_type=product&#038;p=7847"},"modified":"2024-04-09T13:22:18","modified_gmt":"2024-04-09T18:22:18","slug":"toma-sobrepuesto-evlite","status":"publish","type":"product","link":"https:\/\/centroferreterofarvel.com\/index.php\/producto\/toma-sobrepuesto-evlite\/","title":{"rendered":"TOMA SOBREPUESTO EVLITE"},"content":{"rendered":"<p>El toma sobrepuesto evlite es un componente el\u00e9ctrico dise\u00f1ado para ofrecer potencia y funcionalidad mientras agrega un toque de estilo vanguardista. Este modelo se instala en la superficie, lo que significa que no es necesario realizar cortes en la pared para su colocaci\u00f3n. Esto facilita la instalaci\u00f3n y evita complicaciones adicionales. Su dise\u00f1o sobrepuesto simplifica la instalaci\u00f3n, convirti\u00e9ndola en una opci\u00f3n vers\u00e1til y est\u00e9ticamente agradable para diversas aplicaciones.<\/p>\n","protected":false},"excerpt":{"rendered":"<p>Toma Sobrepuesto Evlite: Potencia Y Estilo En Un Dise\u00f1o Vanguardista.<\/p>\n","protected":false},"featured_media":7848,"comment_status":"open","ping_status":"closed","template":"","meta":{"_uag_custom_page_level_css":""},"product_cat":[33,119],"product_tag":[542,273,266,1500,1499,264],"jetpack_sharing_enabled":true,"uagb_featured_image_src":{"full":["https:\/\/centroferreterofarvel.com\/wp-content\/uploads\/2024\/02\/TOMA-SOBREPUESTO-EVLITE.png",1080,1350,false],"thumbnail":["https:\/\/centroferreterofarvel.com\/wp-content\/uploads\/2024\/02\/TOMA-SOBREPUESTO-EVLITE-150x150.png",150,150,true],"medium":["https:\/\/centroferreterofarvel.com\/wp-content\/uploads\/2024\/02\/TOMA-SOBREPUESTO-EVLITE-240x300.png",240,300,true],"medium_large":["https:\/\/centroferreterofarvel.com\/wp-content\/uploads\/2024\/02\/TOMA-SOBREPUESTO-EVLITE-768x960.png",768,960,true],"large":["https:\/\/centroferreterofarvel.com\/wp-content\/uploads\/2024\/02\/TOMA-SOBREPUESTO-EVLITE-819x1024.png",819,1024,true],"1536x1536":["https:\/\/centroferreterofarvel.com\/wp-content\/uploads\/2024\/02\/TOMA-SOBREPUESTO-EVLITE.png",1080,1350,false],"2048x2048":["https:\/\/centroferreterofarvel.com\/wp-content\/uploads\/2024\/02\/TOMA-SOBREPUESTO-EVLITE.png",1080,1350,false],"mailpoet_newsletter_max":["https:\/\/centroferreterofarvel.com\/wp-content\/uploads\/2024\/02\/TOMA-SOBREPUESTO-EVLITE.png",1080,1350,false],"woocommerce_thumbnail":["https:\/\/centroferreterofarvel.com\/wp-content\/uploads\/2024\/02\/TOMA-SOBREPUESTO-EVLITE-450x450.png",450,450,true],"woocommerce_single":["https:\/\/centroferreterofarvel.com\/wp-content\/uploads\/2024\/02\/TOMA-SOBREPUESTO-EVLITE-600x750.png",600,750,true],"woocommerce_gallery_thumbnail":["https:\/\/centroferreterofarvel.com\/wp-content\/uploads\/2024\/02\/TOMA-SOBREPUESTO-EVLITE-100x100.png",100,100,true]},"uagb_author_info":{"display_name":"centroferreterofarvel","author_link":"https:\/\/centroferreterofarvel.com\/index.php\/author\/"},"uagb_comment_info":0,"uagb_excerpt":"Toma Sobrepuesto Evlite: Potencia Y Estilo En Un Dise\u00f1o Vanguardista.","_links":{"self":[{"href":"https:\/\/centroferreterofarvel.com\/index.php\/wp-json\/wp\/v2\/product\/7847"}],"collection":[{"href":"https:\/\/centroferreterofarvel.com\/index.php\/wp-json\/wp\/v2\/product"}],"about":[{"href":"https:\/\/centroferreterofarvel.com\/index.php\/wp-json\/wp\/v2\/types\/product"}],"replies":[{"embeddable":true,"href":"https:\/\/centroferreterofarvel.com\/index.php\/wp-json\/wp\/v2\/comments?post=7847"}],"version-history":[{"count":3,"href":"https:\/\/centroferreterofarvel.com\/index.php\/wp-json\/wp\/v2\/product\/7847\/revisions"}],"predecessor-version":[{"id":8967,"href":"https:\/\/centroferreterofarvel.com\/index.php\/wp-json\/wp\/v2\/product\/7847\/revisions\/8967"}],"wp:featuredmedia":[{"embeddable":true,"href":"https:\/\/centroferreterofarvel.com\/index.php\/wp-json\/wp\/v2\/media\/7848"}],"wp:attachment":[{"href":"https:\/\/centroferreterofarvel.com\/index.php\/wp-json\/wp\/v2\/media?parent=7847"}],"wp:term":[{"taxonomy":"product_cat","embeddable":true,"href":"https:\/\/centroferreterofarvel.com\/index.php\/wp-json\/wp\/v2\/product_cat?post=7847"},{"taxonomy":"product_tag","embeddable":true,"href":"https:\/\/centroferreterofarvel.com\/index.php\/wp-json\/wp\/v2\/product_tag?post=7847"}],"curies":[{"name":"wp","href":"https:\/\/api.w.org\/{rel}","templated":true}]}}