{"id":7854,"date":"2024-02-26T09:43:31","date_gmt":"2024-02-26T14:43:31","guid":{"rendered":"https:\/\/centroferreterofarvel.com\/?post_type=product&#038;p=7854"},"modified":"2024-04-09T13:19:10","modified_gmt":"2024-04-09T18:19:10","slug":"tornillo-auto-c-arand-10x1-fx10","status":"publish","type":"product","link":"https:\/\/centroferreterofarvel.com\/index.php\/producto\/tornillo-auto-c-arand-10x1-fx10\/","title":{"rendered":"TORNILLO AUTOPERFORANTE"},"content":{"rendered":"<p>El Tornillo Autoperforante es la elecci\u00f3n perfecta para tus proyectos de construcci\u00f3n y fijaci\u00f3n. Este tornillo cuenta con una punta afilada que le permite perforar y fijarse de manera eficiente sin la necesidad de realizar perforaciones previas. Esto facilita y acelera el proceso de instalaci\u00f3n. Ideal para aplicaciones en madera, metal y otros materiales, este tornillo autoperforante se adapta a una variedad de entornos y proyectos, puedes estar seguro de contar con una soluci\u00f3n de fijaci\u00f3n eficiente y duradera para tus necesidades de construcci\u00f3n y montaje.<\/p>\n","protected":false},"excerpt":{"rendered":"<p>Tornillo Autoperforante Con Arandela 10&#215;1 &#8211; Pack De 10 Unidades: La Soluci\u00f3n Efectiva Para Tus Proyectos.<\/p>\n","protected":false},"featured_media":7855,"comment_status":"open","ping_status":"closed","template":"","meta":{"_uag_custom_page_level_css":""},"product_cat":[15,128],"product_tag":[1515,1518,1520,1519],"jetpack_sharing_enabled":true,"uagb_featured_image_src":{"full":["https:\/\/centroferreterofarvel.com\/wp-content\/uploads\/2024\/02\/TORNILLO-AUTO.CARAND-10X1-FX10.png",1080,1350,false],"thumbnail":["https:\/\/centroferreterofarvel.com\/wp-content\/uploads\/2024\/02\/TORNILLO-AUTO.CARAND-10X1-FX10-150x150.png",150,150,true],"medium":["https:\/\/centroferreterofarvel.com\/wp-content\/uploads\/2024\/02\/TORNILLO-AUTO.CARAND-10X1-FX10-240x300.png",240,300,true],"medium_large":["https:\/\/centroferreterofarvel.com\/wp-content\/uploads\/2024\/02\/TORNILLO-AUTO.CARAND-10X1-FX10-768x960.png",768,960,true],"large":["https:\/\/centroferreterofarvel.com\/wp-content\/uploads\/2024\/02\/TORNILLO-AUTO.CARAND-10X1-FX10-819x1024.png",819,1024,true],"1536x1536":["https:\/\/centroferreterofarvel.com\/wp-content\/uploads\/2024\/02\/TORNILLO-AUTO.CARAND-10X1-FX10.png",1080,1350,false],"2048x2048":["https:\/\/centroferreterofarvel.com\/wp-content\/uploads\/2024\/02\/TORNILLO-AUTO.CARAND-10X1-FX10.png",1080,1350,false],"mailpoet_newsletter_max":["https:\/\/centroferreterofarvel.com\/wp-content\/uploads\/2024\/02\/TORNILLO-AUTO.CARAND-10X1-FX10.png",1080,1350,false],"woocommerce_thumbnail":["https:\/\/centroferreterofarvel.com\/wp-content\/uploads\/2024\/02\/TORNILLO-AUTO.CARAND-10X1-FX10-450x450.png",450,450,true],"woocommerce_single":["https:\/\/centroferreterofarvel.com\/wp-content\/uploads\/2024\/02\/TORNILLO-AUTO.CARAND-10X1-FX10-600x750.png",600,750,true],"woocommerce_gallery_thumbnail":["https:\/\/centroferreterofarvel.com\/wp-content\/uploads\/2024\/02\/TORNILLO-AUTO.CARAND-10X1-FX10-100x100.png",100,100,true]},"uagb_author_info":{"display_name":"centroferreterofarvel","author_link":"https:\/\/centroferreterofarvel.com\/index.php\/author\/"},"uagb_comment_info":0,"uagb_excerpt":"Tornillo Autoperforante Con Arandela 10x1 - Pack De 10 Unidades: La Soluci\u00f3n Efectiva Para Tus Proyectos.","_links":{"self":[{"href":"https:\/\/centroferreterofarvel.com\/index.php\/wp-json\/wp\/v2\/product\/7854"}],"collection":[{"href":"https:\/\/centroferreterofarvel.com\/index.php\/wp-json\/wp\/v2\/product"}],"about":[{"href":"https:\/\/centroferreterofarvel.com\/index.php\/wp-json\/wp\/v2\/types\/product"}],"replies":[{"embeddable":true,"href":"https:\/\/centroferreterofarvel.com\/index.php\/wp-json\/wp\/v2\/comments?post=7854"}],"version-history":[{"count":3,"href":"https:\/\/centroferreterofarvel.com\/index.php\/wp-json\/wp\/v2\/product\/7854\/revisions"}],"predecessor-version":[{"id":9353,"href":"https:\/\/centroferreterofarvel.com\/index.php\/wp-json\/wp\/v2\/product\/7854\/revisions\/9353"}],"wp:featuredmedia":[{"embeddable":true,"href":"https:\/\/centroferreterofarvel.com\/index.php\/wp-json\/wp\/v2\/media\/7855"}],"wp:attachment":[{"href":"https:\/\/centroferreterofarvel.com\/index.php\/wp-json\/wp\/v2\/media?parent=7854"}],"wp:term":[{"taxonomy":"product_cat","embeddable":true,"href":"https:\/\/centroferreterofarvel.com\/index.php\/wp-json\/wp\/v2\/product_cat?post=7854"},{"taxonomy":"product_tag","embeddable":true,"href":"https:\/\/centroferreterofarvel.com\/index.php\/wp-json\/wp\/v2\/product_tag?post=7854"}],"curies":[{"name":"wp","href":"https:\/\/api.w.org\/{rel}","templated":true}]}}