{"id":7862,"date":"2024-02-26T09:51:22","date_gmt":"2024-02-26T14:51:22","guid":{"rendered":"https:\/\/centroferreterofarvel.com\/?post_type=product&#038;p=7862"},"modified":"2024-04-09T13:10:48","modified_gmt":"2024-04-09T18:10:48","slug":"tornillo-mdf-6x1-1-2-caja","status":"publish","type":"product","link":"https:\/\/centroferreterofarvel.com\/index.php\/producto\/tornillo-mdf-6x1-1-2-caja\/","title":{"rendered":"TORNILLO MDF FUNDA DE 10 UNIDADES"},"content":{"rendered":"<p>El tornillo mdf es una opci\u00f3n especializada dise\u00f1ada para trabajos espec\u00edficos en madera de densidad media (mdf). Este tornillo est\u00e1 dimensionado espec\u00edficamente para adaptarse a proyectos que involucren mdf. La rosca del tornillo est\u00e1 dise\u00f1ada para proporcionar una fijaci\u00f3n segura en el mdf, asegurando una sujeci\u00f3n firme y estable. Con el tornillo mdf, tendr\u00e1s una soluci\u00f3n especializada y confiable para tus proyectos en mdf y trabajos de carpinter\u00eda.<\/p>\n","protected":false},"excerpt":{"rendered":"<p>Tornillo Mdf: Soluci\u00f3n Especializada Para Trabajos En Madera.<\/p>\n","protected":false},"featured_media":8396,"comment_status":"open","ping_status":"closed","template":"","meta":{"_uag_custom_page_level_css":""},"product_cat":[15,128],"product_tag":[1522,1515,1521],"jetpack_sharing_enabled":true,"uagb_featured_image_src":{"full":["https:\/\/centroferreterofarvel.com\/wp-content\/uploads\/2024\/02\/TORNILLO-MDF-6X1-FUNDA-DE-10-U.png",1080,1350,false],"thumbnail":["https:\/\/centroferreterofarvel.com\/wp-content\/uploads\/2024\/02\/TORNILLO-MDF-6X1-FUNDA-DE-10-U-150x150.png",150,150,true],"medium":["https:\/\/centroferreterofarvel.com\/wp-content\/uploads\/2024\/02\/TORNILLO-MDF-6X1-FUNDA-DE-10-U-240x300.png",240,300,true],"medium_large":["https:\/\/centroferreterofarvel.com\/wp-content\/uploads\/2024\/02\/TORNILLO-MDF-6X1-FUNDA-DE-10-U-768x960.png",768,960,true],"large":["https:\/\/centroferreterofarvel.com\/wp-content\/uploads\/2024\/02\/TORNILLO-MDF-6X1-FUNDA-DE-10-U-819x1024.png",819,1024,true],"1536x1536":["https:\/\/centroferreterofarvel.com\/wp-content\/uploads\/2024\/02\/TORNILLO-MDF-6X1-FUNDA-DE-10-U.png",1080,1350,false],"2048x2048":["https:\/\/centroferreterofarvel.com\/wp-content\/uploads\/2024\/02\/TORNILLO-MDF-6X1-FUNDA-DE-10-U.png",1080,1350,false],"mailpoet_newsletter_max":["https:\/\/centroferreterofarvel.com\/wp-content\/uploads\/2024\/02\/TORNILLO-MDF-6X1-FUNDA-DE-10-U.png",1080,1350,false],"woocommerce_thumbnail":["https:\/\/centroferreterofarvel.com\/wp-content\/uploads\/2024\/02\/TORNILLO-MDF-6X1-FUNDA-DE-10-U-450x450.png",450,450,true],"woocommerce_single":["https:\/\/centroferreterofarvel.com\/wp-content\/uploads\/2024\/02\/TORNILLO-MDF-6X1-FUNDA-DE-10-U-600x750.png",600,750,true],"woocommerce_gallery_thumbnail":["https:\/\/centroferreterofarvel.com\/wp-content\/uploads\/2024\/02\/TORNILLO-MDF-6X1-FUNDA-DE-10-U-100x100.png",100,100,true]},"uagb_author_info":{"display_name":"centroferreterofarvel","author_link":"https:\/\/centroferreterofarvel.com\/index.php\/author\/"},"uagb_comment_info":0,"uagb_excerpt":"Tornillo Mdf: Soluci\u00f3n Especializada Para Trabajos En Madera.","_links":{"self":[{"href":"https:\/\/centroferreterofarvel.com\/index.php\/wp-json\/wp\/v2\/product\/7862"}],"collection":[{"href":"https:\/\/centroferreterofarvel.com\/index.php\/wp-json\/wp\/v2\/product"}],"about":[{"href":"https:\/\/centroferreterofarvel.com\/index.php\/wp-json\/wp\/v2\/types\/product"}],"replies":[{"embeddable":true,"href":"https:\/\/centroferreterofarvel.com\/index.php\/wp-json\/wp\/v2\/comments?post=7862"}],"version-history":[{"count":5,"href":"https:\/\/centroferreterofarvel.com\/index.php\/wp-json\/wp\/v2\/product\/7862\/revisions"}],"predecessor-version":[{"id":9349,"href":"https:\/\/centroferreterofarvel.com\/index.php\/wp-json\/wp\/v2\/product\/7862\/revisions\/9349"}],"wp:featuredmedia":[{"embeddable":true,"href":"https:\/\/centroferreterofarvel.com\/index.php\/wp-json\/wp\/v2\/media\/8396"}],"wp:attachment":[{"href":"https:\/\/centroferreterofarvel.com\/index.php\/wp-json\/wp\/v2\/media?parent=7862"}],"wp:term":[{"taxonomy":"product_cat","embeddable":true,"href":"https:\/\/centroferreterofarvel.com\/index.php\/wp-json\/wp\/v2\/product_cat?post=7862"},{"taxonomy":"product_tag","embeddable":true,"href":"https:\/\/centroferreterofarvel.com\/index.php\/wp-json\/wp\/v2\/product_tag?post=7862"}],"curies":[{"name":"wp","href":"https:\/\/api.w.org\/{rel}","templated":true}]}}