{"id":7872,"date":"2024-02-26T10:06:15","date_gmt":"2024-02-26T15:06:15","guid":{"rendered":"https:\/\/centroferreterofarvel.com\/?post_type=product&#038;p=7872"},"modified":"2024-03-26T15:49:30","modified_gmt":"2024-03-26T20:49:30","slug":"tubo-rosca-1-2-agua-caliente-rival-ac","status":"publish","type":"product","link":"https:\/\/centroferreterofarvel.com\/index.php\/producto\/tubo-rosca-1-2-agua-caliente-rival-ac\/","title":{"rendered":"TUBO ROSCA 1\/2 AGUA CALIENTE RIVAL AC"},"content":{"rendered":"<p>Nuestro tubo rosca 1\/2&#8243; agua caliente rival ac es la opci\u00f3n perfecta para garantizar un suministro confiable de agua caliente en tus instalaciones. Este tubo cuenta con una rosca de 1\/2&#8243;, proporcionando una conexi\u00f3n segura y eficiente en sistemas de plomer\u00eda. Con una s\u00f3lida reputaci\u00f3n en el mercado, la marca rival es sin\u00f3nimo de calidad y confiabilidad en productos de plomer\u00eda. Con el tubo rosca 1\/2&#8243; agua caliente rival ac, puedes estar seguro de contar con una soluci\u00f3n eficiente y duradera para tus necesidades de plomer\u00eda.<\/p>\n","protected":false},"excerpt":{"rendered":"<p>Tubo Rosca 1\/2&#8243; Agua Caliente Rival Ac: Soluciones Eficientes Para Plomer\u00eda.<\/p>\n","protected":false},"featured_media":7873,"comment_status":"open","ping_status":"closed","template":"","meta":{"_uag_custom_page_level_css":""},"product_cat":[22,172],"product_tag":[313,312,1194,1529,1530,1531,1527,1528],"jetpack_sharing_enabled":true,"uagb_featured_image_src":{"full":["https:\/\/centroferreterofarvel.com\/wp-content\/uploads\/2024\/02\/TUBO-ROSCA.12-AGUA-CALIENTE-RIVAL-AC.png",1080,1350,false],"thumbnail":["https:\/\/centroferreterofarvel.com\/wp-content\/uploads\/2024\/02\/TUBO-ROSCA.12-AGUA-CALIENTE-RIVAL-AC-150x150.png",150,150,true],"medium":["https:\/\/centroferreterofarvel.com\/wp-content\/uploads\/2024\/02\/TUBO-ROSCA.12-AGUA-CALIENTE-RIVAL-AC-240x300.png",240,300,true],"medium_large":["https:\/\/centroferreterofarvel.com\/wp-content\/uploads\/2024\/02\/TUBO-ROSCA.12-AGUA-CALIENTE-RIVAL-AC-768x960.png",768,960,true],"large":["https:\/\/centroferreterofarvel.com\/wp-content\/uploads\/2024\/02\/TUBO-ROSCA.12-AGUA-CALIENTE-RIVAL-AC-819x1024.png",819,1024,true],"1536x1536":["https:\/\/centroferreterofarvel.com\/wp-content\/uploads\/2024\/02\/TUBO-ROSCA.12-AGUA-CALIENTE-RIVAL-AC.png",1080,1350,false],"2048x2048":["https:\/\/centroferreterofarvel.com\/wp-content\/uploads\/2024\/02\/TUBO-ROSCA.12-AGUA-CALIENTE-RIVAL-AC.png",1080,1350,false],"mailpoet_newsletter_max":["https:\/\/centroferreterofarvel.com\/wp-content\/uploads\/2024\/02\/TUBO-ROSCA.12-AGUA-CALIENTE-RIVAL-AC.png",1080,1350,false],"woocommerce_thumbnail":["https:\/\/centroferreterofarvel.com\/wp-content\/uploads\/2024\/02\/TUBO-ROSCA.12-AGUA-CALIENTE-RIVAL-AC-450x450.png",450,450,true],"woocommerce_single":["https:\/\/centroferreterofarvel.com\/wp-content\/uploads\/2024\/02\/TUBO-ROSCA.12-AGUA-CALIENTE-RIVAL-AC-600x750.png",600,750,true],"woocommerce_gallery_thumbnail":["https:\/\/centroferreterofarvel.com\/wp-content\/uploads\/2024\/02\/TUBO-ROSCA.12-AGUA-CALIENTE-RIVAL-AC-100x100.png",100,100,true]},"uagb_author_info":{"display_name":"centroferreterofarvel","author_link":"https:\/\/centroferreterofarvel.com\/index.php\/author\/"},"uagb_comment_info":0,"uagb_excerpt":"Tubo Rosca 1\/2\" Agua Caliente Rival Ac: Soluciones Eficientes Para Plomer\u00eda.","_links":{"self":[{"href":"https:\/\/centroferreterofarvel.com\/index.php\/wp-json\/wp\/v2\/product\/7872"}],"collection":[{"href":"https:\/\/centroferreterofarvel.com\/index.php\/wp-json\/wp\/v2\/product"}],"about":[{"href":"https:\/\/centroferreterofarvel.com\/index.php\/wp-json\/wp\/v2\/types\/product"}],"replies":[{"embeddable":true,"href":"https:\/\/centroferreterofarvel.com\/index.php\/wp-json\/wp\/v2\/comments?post=7872"}],"version-history":[{"count":4,"href":"https:\/\/centroferreterofarvel.com\/index.php\/wp-json\/wp\/v2\/product\/7872\/revisions"}],"predecessor-version":[{"id":9069,"href":"https:\/\/centroferreterofarvel.com\/index.php\/wp-json\/wp\/v2\/product\/7872\/revisions\/9069"}],"wp:featuredmedia":[{"embeddable":true,"href":"https:\/\/centroferreterofarvel.com\/index.php\/wp-json\/wp\/v2\/media\/7873"}],"wp:attachment":[{"href":"https:\/\/centroferreterofarvel.com\/index.php\/wp-json\/wp\/v2\/media?parent=7872"}],"wp:term":[{"taxonomy":"product_cat","embeddable":true,"href":"https:\/\/centroferreterofarvel.com\/index.php\/wp-json\/wp\/v2\/product_cat?post=7872"},{"taxonomy":"product_tag","embeddable":true,"href":"https:\/\/centroferreterofarvel.com\/index.php\/wp-json\/wp\/v2\/product_tag?post=7872"}],"curies":[{"name":"wp","href":"https:\/\/api.w.org\/{rel}","templated":true}]}}