{"id":7878,"date":"2024-02-26T10:17:21","date_gmt":"2024-02-26T15:17:21","guid":{"rendered":"https:\/\/centroferreterofarvel.com\/?post_type=product&#038;p=7878"},"modified":"2024-04-09T13:01:16","modified_gmt":"2024-04-09T18:01:16","slug":"union-1-2-rival-ac","status":"publish","type":"product","link":"https:\/\/centroferreterofarvel.com\/index.php\/producto\/union-1-2-rival-ac\/","title":{"rendered":"UNI\u00d3N 1\/2 RIVAL AC"},"content":{"rendered":"<p>Si buscas asegurar una conexi\u00f3n segura y duradera en tus sistemas de plomer\u00eda, la uni\u00f3n 1\/2&#8243; rival ac es la opci\u00f3n perfecta. Con un tama\u00f1o de 1\/2&#8243;, esta uni\u00f3n es compatible con tuber\u00edas y accesorios de dimensiones similares, ofreciendo versatilidad en su aplicaci\u00f3n. Su dise\u00f1o con conexi\u00f3n roscada facilita la instalaci\u00f3n, permitiendo una uni\u00f3n firme y segura entre dos segmentos de tuber\u00eda, evitando posibles fugas. La uni\u00f3n rival ac simplifica el mantenimiento al permitir la desconexi\u00f3n y reconexi\u00f3n f\u00e1cil de segmentos de tuber\u00eda cuando sea necesario.<\/p>\n","protected":false},"excerpt":{"rendered":"<p>Uni\u00f3n 1\/2&#8243; Rival Ac: Conectividad Confiable Para Sistemas Hidr\u00e1ulicos.<\/p>\n","protected":false},"featured_media":9430,"comment_status":"open","ping_status":"closed","template":"","meta":{"_uag_custom_page_level_css":""},"product_cat":[22,172],"product_tag":[313,379,324,315,1537,1535,1536],"jetpack_sharing_enabled":true,"uagb_featured_image_src":{"full":["https:\/\/centroferreterofarvel.com\/wp-content\/uploads\/2024\/02\/UNION-1-2-RIVAL-AC.png",1080,1350,false],"thumbnail":["https:\/\/centroferreterofarvel.com\/wp-content\/uploads\/2024\/02\/UNION-1-2-RIVAL-AC-150x150.png",150,150,true],"medium":["https:\/\/centroferreterofarvel.com\/wp-content\/uploads\/2024\/02\/UNION-1-2-RIVAL-AC-240x300.png",240,300,true],"medium_large":["https:\/\/centroferreterofarvel.com\/wp-content\/uploads\/2024\/02\/UNION-1-2-RIVAL-AC-768x960.png",768,960,true],"large":["https:\/\/centroferreterofarvel.com\/wp-content\/uploads\/2024\/02\/UNION-1-2-RIVAL-AC-819x1024.png",819,1024,true],"1536x1536":["https:\/\/centroferreterofarvel.com\/wp-content\/uploads\/2024\/02\/UNION-1-2-RIVAL-AC.png",1080,1350,false],"2048x2048":["https:\/\/centroferreterofarvel.com\/wp-content\/uploads\/2024\/02\/UNION-1-2-RIVAL-AC.png",1080,1350,false],"mailpoet_newsletter_max":["https:\/\/centroferreterofarvel.com\/wp-content\/uploads\/2024\/02\/UNION-1-2-RIVAL-AC.png",1080,1350,false],"woocommerce_thumbnail":["https:\/\/centroferreterofarvel.com\/wp-content\/uploads\/2024\/02\/UNION-1-2-RIVAL-AC-450x450.png",450,450,true],"woocommerce_single":["https:\/\/centroferreterofarvel.com\/wp-content\/uploads\/2024\/02\/UNION-1-2-RIVAL-AC-600x750.png",600,750,true],"woocommerce_gallery_thumbnail":["https:\/\/centroferreterofarvel.com\/wp-content\/uploads\/2024\/02\/UNION-1-2-RIVAL-AC-100x100.png",100,100,true]},"uagb_author_info":{"display_name":"centroferreterofarvel","author_link":"https:\/\/centroferreterofarvel.com\/index.php\/author\/"},"uagb_comment_info":0,"uagb_excerpt":"Uni\u00f3n 1\/2\" Rival Ac: Conectividad Confiable Para Sistemas Hidr\u00e1ulicos.","_links":{"self":[{"href":"https:\/\/centroferreterofarvel.com\/index.php\/wp-json\/wp\/v2\/product\/7878"}],"collection":[{"href":"https:\/\/centroferreterofarvel.com\/index.php\/wp-json\/wp\/v2\/product"}],"about":[{"href":"https:\/\/centroferreterofarvel.com\/index.php\/wp-json\/wp\/v2\/types\/product"}],"replies":[{"embeddable":true,"href":"https:\/\/centroferreterofarvel.com\/index.php\/wp-json\/wp\/v2\/comments?post=7878"}],"version-history":[{"count":4,"href":"https:\/\/centroferreterofarvel.com\/index.php\/wp-json\/wp\/v2\/product\/7878\/revisions"}],"predecessor-version":[{"id":9781,"href":"https:\/\/centroferreterofarvel.com\/index.php\/wp-json\/wp\/v2\/product\/7878\/revisions\/9781"}],"wp:featuredmedia":[{"embeddable":true,"href":"https:\/\/centroferreterofarvel.com\/index.php\/wp-json\/wp\/v2\/media\/9430"}],"wp:attachment":[{"href":"https:\/\/centroferreterofarvel.com\/index.php\/wp-json\/wp\/v2\/media?parent=7878"}],"wp:term":[{"taxonomy":"product_cat","embeddable":true,"href":"https:\/\/centroferreterofarvel.com\/index.php\/wp-json\/wp\/v2\/product_cat?post=7878"},{"taxonomy":"product_tag","embeddable":true,"href":"https:\/\/centroferreterofarvel.com\/index.php\/wp-json\/wp\/v2\/product_tag?post=7878"}],"curies":[{"name":"wp","href":"https:\/\/api.w.org\/{rel}","templated":true}]}}