{"id":7895,"date":"2024-02-26T10:34:47","date_gmt":"2024-02-26T15:34:47","guid":{"rendered":"https:\/\/centroferreterofarvel.com\/?post_type=product&#038;p=7895"},"modified":"2024-04-09T12:51:41","modified_gmt":"2024-04-09T17:51:41","slug":"valvula-de-admision-pilotada","status":"publish","type":"product","link":"https:\/\/centroferreterofarvel.com\/index.php\/producto\/valvula-de-admision-pilotada\/","title":{"rendered":"V\u00c1LVULA DE ADMISI\u00d3N PILOTADA"},"content":{"rendered":"<p>Una V\u00e1lvula de Admisi\u00f3n Pilotada es un componente vital en sistemas de control de fluidos que opera mediante la regulaci\u00f3n de la entrada de l\u00edquido o gas en un sistema. La caracter\u00edstica m\u00e1s distintiva de esta v\u00e1lvula es su capacidad para ser controlada por un piloto externo. las V\u00e1lvulas de Admisi\u00f3n Pilotadas son componentes esenciales en sistemas de control de fluidos que ofrecen un control preciso, automatizado y confiable del flujo de l\u00edquidos y gases en una amplia gama de aplicaciones industriales y comerciales.<\/p>\n","protected":false},"excerpt":{"rendered":"<p>V\u00e1lvula de Admisi\u00f3n: Soluci\u00f3n Sanitaria.<\/p>\n","protected":false},"featured_media":7896,"comment_status":"open","ping_status":"closed","template":"","meta":{"_uag_custom_page_level_css":""},"product_cat":[167,22],"product_tag":[313,530,1126,1554,1553],"jetpack_sharing_enabled":true,"uagb_featured_image_src":{"full":["https:\/\/centroferreterofarvel.com\/wp-content\/uploads\/2024\/02\/VALVULA-DE-ADMISION-PILOTADA.png",1080,1350,false],"thumbnail":["https:\/\/centroferreterofarvel.com\/wp-content\/uploads\/2024\/02\/VALVULA-DE-ADMISION-PILOTADA-150x150.png",150,150,true],"medium":["https:\/\/centroferreterofarvel.com\/wp-content\/uploads\/2024\/02\/VALVULA-DE-ADMISION-PILOTADA-240x300.png",240,300,true],"medium_large":["https:\/\/centroferreterofarvel.com\/wp-content\/uploads\/2024\/02\/VALVULA-DE-ADMISION-PILOTADA-768x960.png",768,960,true],"large":["https:\/\/centroferreterofarvel.com\/wp-content\/uploads\/2024\/02\/VALVULA-DE-ADMISION-PILOTADA-819x1024.png",819,1024,true],"1536x1536":["https:\/\/centroferreterofarvel.com\/wp-content\/uploads\/2024\/02\/VALVULA-DE-ADMISION-PILOTADA.png",1080,1350,false],"2048x2048":["https:\/\/centroferreterofarvel.com\/wp-content\/uploads\/2024\/02\/VALVULA-DE-ADMISION-PILOTADA.png",1080,1350,false],"mailpoet_newsletter_max":["https:\/\/centroferreterofarvel.com\/wp-content\/uploads\/2024\/02\/VALVULA-DE-ADMISION-PILOTADA.png",1080,1350,false],"woocommerce_thumbnail":["https:\/\/centroferreterofarvel.com\/wp-content\/uploads\/2024\/02\/VALVULA-DE-ADMISION-PILOTADA-450x450.png",450,450,true],"woocommerce_single":["https:\/\/centroferreterofarvel.com\/wp-content\/uploads\/2024\/02\/VALVULA-DE-ADMISION-PILOTADA-600x750.png",600,750,true],"woocommerce_gallery_thumbnail":["https:\/\/centroferreterofarvel.com\/wp-content\/uploads\/2024\/02\/VALVULA-DE-ADMISION-PILOTADA-100x100.png",100,100,true]},"uagb_author_info":{"display_name":"centroferreterofarvel","author_link":"https:\/\/centroferreterofarvel.com\/index.php\/author\/"},"uagb_comment_info":0,"uagb_excerpt":"V\u00e1lvula de Admisi\u00f3n: Soluci\u00f3n Sanitaria.","_links":{"self":[{"href":"https:\/\/centroferreterofarvel.com\/index.php\/wp-json\/wp\/v2\/product\/7895"}],"collection":[{"href":"https:\/\/centroferreterofarvel.com\/index.php\/wp-json\/wp\/v2\/product"}],"about":[{"href":"https:\/\/centroferreterofarvel.com\/index.php\/wp-json\/wp\/v2\/types\/product"}],"replies":[{"embeddable":true,"href":"https:\/\/centroferreterofarvel.com\/index.php\/wp-json\/wp\/v2\/comments?post=7895"}],"version-history":[{"count":5,"href":"https:\/\/centroferreterofarvel.com\/index.php\/wp-json\/wp\/v2\/product\/7895\/revisions"}],"predecessor-version":[{"id":9784,"href":"https:\/\/centroferreterofarvel.com\/index.php\/wp-json\/wp\/v2\/product\/7895\/revisions\/9784"}],"wp:featuredmedia":[{"embeddable":true,"href":"https:\/\/centroferreterofarvel.com\/index.php\/wp-json\/wp\/v2\/media\/7896"}],"wp:attachment":[{"href":"https:\/\/centroferreterofarvel.com\/index.php\/wp-json\/wp\/v2\/media?parent=7895"}],"wp:term":[{"taxonomy":"product_cat","embeddable":true,"href":"https:\/\/centroferreterofarvel.com\/index.php\/wp-json\/wp\/v2\/product_cat?post=7895"},{"taxonomy":"product_tag","embeddable":true,"href":"https:\/\/centroferreterofarvel.com\/index.php\/wp-json\/wp\/v2\/product_tag?post=7895"}],"curies":[{"name":"wp","href":"https:\/\/api.w.org\/{rel}","templated":true}]}}