{"id":8055,"date":"2024-03-01T16:29:30","date_gmt":"2024-03-01T21:29:30","guid":{"rendered":"https:\/\/centroferreterofarvel.com\/?post_type=product&#038;p=8055"},"modified":"2024-04-09T12:25:02","modified_gmt":"2024-04-09T17:25:02","slug":"valvulita-1-2-fv","status":"publish","type":"product","link":"https:\/\/centroferreterofarvel.com\/index.php\/producto\/valvulita-1-2-fv\/","title":{"rendered":"VALVULITA 1\/2 FV"},"content":{"rendered":"<p>La Valvulita 1\/2 FV es un componente de fontaner\u00eda utilizado en sistemas de tuber\u00edas para controlar el flujo de l\u00edquidos, como agua potable. Fabricada por la marca FV, reconocida por su calidad y fiabilidad en productos de fontaner\u00eda. Esta v\u00e1lvula tiene un di\u00e1metro de 1\/2 pulgada y una rosca est\u00e1ndar que permite su instalaci\u00f3n en tuber\u00edas compatibles. a Valvulita 1\/2 FV es un componente esencial en sistemas de fontaner\u00eda, utilizado para controlar el flujo de agua de manera segura y eficiente en una variedad de aplicaciones residenciales, comerciales e industriales.<\/p>\n","protected":false},"excerpt":{"rendered":"<p>Valvulita 1\/2 FV: Control y Eficiencia en una sola aplicaci\u00f3n.<\/p>\n","protected":false},"featured_media":8056,"comment_status":"open","ping_status":"closed","template":"","meta":{"_uag_custom_page_level_css":""},"product_cat":[170,22],"product_tag":[313,322,545,324,513,530,1560,1559],"jetpack_sharing_enabled":true,"uagb_featured_image_src":{"full":["https:\/\/centroferreterofarvel.com\/wp-content\/uploads\/2024\/03\/VALVULITA-12-FV.png",1080,1350,false],"thumbnail":["https:\/\/centroferreterofarvel.com\/wp-content\/uploads\/2024\/03\/VALVULITA-12-FV-150x150.png",150,150,true],"medium":["https:\/\/centroferreterofarvel.com\/wp-content\/uploads\/2024\/03\/VALVULITA-12-FV-240x300.png",240,300,true],"medium_large":["https:\/\/centroferreterofarvel.com\/wp-content\/uploads\/2024\/03\/VALVULITA-12-FV-768x960.png",768,960,true],"large":["https:\/\/centroferreterofarvel.com\/wp-content\/uploads\/2024\/03\/VALVULITA-12-FV-819x1024.png",819,1024,true],"1536x1536":["https:\/\/centroferreterofarvel.com\/wp-content\/uploads\/2024\/03\/VALVULITA-12-FV.png",1080,1350,false],"2048x2048":["https:\/\/centroferreterofarvel.com\/wp-content\/uploads\/2024\/03\/VALVULITA-12-FV.png",1080,1350,false],"mailpoet_newsletter_max":["https:\/\/centroferreterofarvel.com\/wp-content\/uploads\/2024\/03\/VALVULITA-12-FV.png",1080,1350,false],"woocommerce_thumbnail":["https:\/\/centroferreterofarvel.com\/wp-content\/uploads\/2024\/03\/VALVULITA-12-FV-450x450.png",450,450,true],"woocommerce_single":["https:\/\/centroferreterofarvel.com\/wp-content\/uploads\/2024\/03\/VALVULITA-12-FV-600x750.png",600,750,true],"woocommerce_gallery_thumbnail":["https:\/\/centroferreterofarvel.com\/wp-content\/uploads\/2024\/03\/VALVULITA-12-FV-100x100.png",100,100,true]},"uagb_author_info":{"display_name":"centroferreterofarvel","author_link":"https:\/\/centroferreterofarvel.com\/index.php\/author\/"},"uagb_comment_info":0,"uagb_excerpt":"Valvulita 1\/2 FV: Control y Eficiencia en una sola aplicaci\u00f3n.","_links":{"self":[{"href":"https:\/\/centroferreterofarvel.com\/index.php\/wp-json\/wp\/v2\/product\/8055"}],"collection":[{"href":"https:\/\/centroferreterofarvel.com\/index.php\/wp-json\/wp\/v2\/product"}],"about":[{"href":"https:\/\/centroferreterofarvel.com\/index.php\/wp-json\/wp\/v2\/types\/product"}],"replies":[{"embeddable":true,"href":"https:\/\/centroferreterofarvel.com\/index.php\/wp-json\/wp\/v2\/comments?post=8055"}],"version-history":[{"count":3,"href":"https:\/\/centroferreterofarvel.com\/index.php\/wp-json\/wp\/v2\/product\/8055\/revisions"}],"predecessor-version":[{"id":10102,"href":"https:\/\/centroferreterofarvel.com\/index.php\/wp-json\/wp\/v2\/product\/8055\/revisions\/10102"}],"wp:featuredmedia":[{"embeddable":true,"href":"https:\/\/centroferreterofarvel.com\/index.php\/wp-json\/wp\/v2\/media\/8056"}],"wp:attachment":[{"href":"https:\/\/centroferreterofarvel.com\/index.php\/wp-json\/wp\/v2\/media?parent=8055"}],"wp:term":[{"taxonomy":"product_cat","embeddable":true,"href":"https:\/\/centroferreterofarvel.com\/index.php\/wp-json\/wp\/v2\/product_cat?post=8055"},{"taxonomy":"product_tag","embeddable":true,"href":"https:\/\/centroferreterofarvel.com\/index.php\/wp-json\/wp\/v2\/product_tag?post=8055"}],"curies":[{"name":"wp","href":"https:\/\/api.w.org\/{rel}","templated":true}]}}