{"id":8064,"date":"2024-03-01T16:47:27","date_gmt":"2024-03-01T21:47:27","guid":{"rendered":"https:\/\/centroferreterofarvel.com\/?post_type=product&#038;p=8064"},"modified":"2024-07-24T15:47:26","modified_gmt":"2024-07-24T20:47:26","slug":"viruta-n-8-don-brillo-10-und","status":"publish","type":"product","link":"https:\/\/centroferreterofarvel.com\/index.php\/producto\/viruta-n-8-don-brillo-10-und\/","title":{"rendered":"VIRUTA"},"content":{"rendered":"<p>Las virutas Don Brillo est\u00e1n dise\u00f1adas espec\u00edficamente para limpiar superficies dif\u00edciles y eliminar la suciedad incrustada, manchas y residuos de manera efectiva. Se pueden utilizar con agua y detergentes o limpiadores espec\u00edficos para obtener mejores resultados. Se recomienda seguir las instrucciones del fabricante para un uso seguro y efectivo. Se pueden utilizar con agua y detergentes o limpiadores espec\u00edficos para obtener mejores resultados. Se recomienda seguir las instrucciones del fabricante para un uso seguro y efectivo.<\/p>\n","protected":false},"excerpt":{"rendered":"<p>Viruta de Limpieza: Eficiente y Confiable para tus Proyectos de Construcci\u00f3n.<\/p>\n","protected":false},"featured_media":9400,"comment_status":"open","ping_status":"closed","template":"","meta":{"_uag_custom_page_level_css":""},"product_cat":[15,124],"product_tag":[1636,1634,1635,642,478,1633],"jetpack_sharing_enabled":true,"uagb_featured_image_src":{"full":["https:\/\/centroferreterofarvel.com\/wp-content\/uploads\/2024\/03\/VIRUTA-N-8-DON-BRILLO-10-UND-1.png",1080,1350,false],"thumbnail":["https:\/\/centroferreterofarvel.com\/wp-content\/uploads\/2024\/03\/VIRUTA-N-8-DON-BRILLO-10-UND-1-150x150.png",150,150,true],"medium":["https:\/\/centroferreterofarvel.com\/wp-content\/uploads\/2024\/03\/VIRUTA-N-8-DON-BRILLO-10-UND-1-240x300.png",240,300,true],"medium_large":["https:\/\/centroferreterofarvel.com\/wp-content\/uploads\/2024\/03\/VIRUTA-N-8-DON-BRILLO-10-UND-1-768x960.png",768,960,true],"large":["https:\/\/centroferreterofarvel.com\/wp-content\/uploads\/2024\/03\/VIRUTA-N-8-DON-BRILLO-10-UND-1-819x1024.png",819,1024,true],"1536x1536":["https:\/\/centroferreterofarvel.com\/wp-content\/uploads\/2024\/03\/VIRUTA-N-8-DON-BRILLO-10-UND-1.png",1080,1350,false],"2048x2048":["https:\/\/centroferreterofarvel.com\/wp-content\/uploads\/2024\/03\/VIRUTA-N-8-DON-BRILLO-10-UND-1.png",1080,1350,false],"mailpoet_newsletter_max":["https:\/\/centroferreterofarvel.com\/wp-content\/uploads\/2024\/03\/VIRUTA-N-8-DON-BRILLO-10-UND-1.png",1080,1350,false],"woocommerce_thumbnail":["https:\/\/centroferreterofarvel.com\/wp-content\/uploads\/2024\/03\/VIRUTA-N-8-DON-BRILLO-10-UND-1-450x450.png",450,450,true],"woocommerce_single":["https:\/\/centroferreterofarvel.com\/wp-content\/uploads\/2024\/03\/VIRUTA-N-8-DON-BRILLO-10-UND-1-600x750.png",600,750,true],"woocommerce_gallery_thumbnail":["https:\/\/centroferreterofarvel.com\/wp-content\/uploads\/2024\/03\/VIRUTA-N-8-DON-BRILLO-10-UND-1-100x100.png",100,100,true]},"uagb_author_info":{"display_name":"centroferreterofarvel","author_link":"https:\/\/centroferreterofarvel.com\/index.php\/author\/"},"uagb_comment_info":0,"uagb_excerpt":"Viruta de Limpieza: Eficiente y Confiable para tus Proyectos de Construcci\u00f3n.","_links":{"self":[{"href":"https:\/\/centroferreterofarvel.com\/index.php\/wp-json\/wp\/v2\/product\/8064"}],"collection":[{"href":"https:\/\/centroferreterofarvel.com\/index.php\/wp-json\/wp\/v2\/product"}],"about":[{"href":"https:\/\/centroferreterofarvel.com\/index.php\/wp-json\/wp\/v2\/types\/product"}],"replies":[{"embeddable":true,"href":"https:\/\/centroferreterofarvel.com\/index.php\/wp-json\/wp\/v2\/comments?post=8064"}],"version-history":[{"count":6,"href":"https:\/\/centroferreterofarvel.com\/index.php\/wp-json\/wp\/v2\/product\/8064\/revisions"}],"predecessor-version":[{"id":11254,"href":"https:\/\/centroferreterofarvel.com\/index.php\/wp-json\/wp\/v2\/product\/8064\/revisions\/11254"}],"wp:featuredmedia":[{"embeddable":true,"href":"https:\/\/centroferreterofarvel.com\/index.php\/wp-json\/wp\/v2\/media\/9400"}],"wp:attachment":[{"href":"https:\/\/centroferreterofarvel.com\/index.php\/wp-json\/wp\/v2\/media?parent=8064"}],"wp:term":[{"taxonomy":"product_cat","embeddable":true,"href":"https:\/\/centroferreterofarvel.com\/index.php\/wp-json\/wp\/v2\/product_cat?post=8064"},{"taxonomy":"product_tag","embeddable":true,"href":"https:\/\/centroferreterofarvel.com\/index.php\/wp-json\/wp\/v2\/product_tag?post=8064"}],"curies":[{"name":"wp","href":"https:\/\/api.w.org\/{rel}","templated":true}]}}