{"id":8351,"date":"2024-03-08T14:30:47","date_gmt":"2024-03-08T19:30:47","guid":{"rendered":"https:\/\/centroferreterofarvel.com\/?post_type=product&#038;p=8351"},"modified":"2024-04-09T11:44:19","modified_gmt":"2024-04-09T16:44:19","slug":"tomacorriente-d-sobrepo-dobl-pola125v15a-volteck","status":"publish","type":"product","link":"https:\/\/centroferreterofarvel.com\/index.php\/producto\/tomacorriente-d-sobrepo-dobl-pola125v15a-volteck\/","title":{"rendered":"TOMACORRIENTE SOBREPUESTO DOBLE VOLTECK"},"content":{"rendered":"<p>El tomacorriente sobrepuesto doble polaridad 125v 15a volteck es una soluci\u00f3n confiable para la distribuci\u00f3n de energ\u00eda en entornos residenciales o comerciales. Producido por volteck, una marca reconocida por sus productos el\u00e9ctricos de alta calidad, este tomacorriente cuenta con un dise\u00f1o que combina eficiencia y durabilidad. El tomacorriente sobrepuesto doble polaridad 125v 15a volteck es una opci\u00f3n confiable para satisfacer tus necesidades de energ\u00eda el\u00e9ctrica. Con la garant\u00eda de calidad de la marca volteck, este tomacorriente ofrece un rendimiento duradero y seguro para diversas aplicaciones en el hogar o el lugar de trabajo.<\/p>\n","protected":false},"excerpt":{"rendered":"<p>Tomacorriente Sobrepuesto Doble Polaridad 125v 15a Volteck: Eficiencia Y Confiabilidad El\u00e9ctrica.<\/p>\n","protected":false},"featured_media":8352,"comment_status":"open","ping_status":"closed","template":"","meta":{"_uag_custom_page_level_css":""},"product_cat":[33,119],"product_tag":[1503,273,275,1499,264,747],"jetpack_sharing_enabled":true,"uagb_featured_image_src":{"full":["https:\/\/centroferreterofarvel.com\/wp-content\/uploads\/2024\/03\/TOMACORRIENTE-D-SOBREPO-DOBL-POLA125V15A-VOLTECK.png",1080,1350,false],"thumbnail":["https:\/\/centroferreterofarvel.com\/wp-content\/uploads\/2024\/03\/TOMACORRIENTE-D-SOBREPO-DOBL-POLA125V15A-VOLTECK-150x150.png",150,150,true],"medium":["https:\/\/centroferreterofarvel.com\/wp-content\/uploads\/2024\/03\/TOMACORRIENTE-D-SOBREPO-DOBL-POLA125V15A-VOLTECK-240x300.png",240,300,true],"medium_large":["https:\/\/centroferreterofarvel.com\/wp-content\/uploads\/2024\/03\/TOMACORRIENTE-D-SOBREPO-DOBL-POLA125V15A-VOLTECK-768x960.png",768,960,true],"large":["https:\/\/centroferreterofarvel.com\/wp-content\/uploads\/2024\/03\/TOMACORRIENTE-D-SOBREPO-DOBL-POLA125V15A-VOLTECK-819x1024.png",819,1024,true],"1536x1536":["https:\/\/centroferreterofarvel.com\/wp-content\/uploads\/2024\/03\/TOMACORRIENTE-D-SOBREPO-DOBL-POLA125V15A-VOLTECK.png",1080,1350,false],"2048x2048":["https:\/\/centroferreterofarvel.com\/wp-content\/uploads\/2024\/03\/TOMACORRIENTE-D-SOBREPO-DOBL-POLA125V15A-VOLTECK.png",1080,1350,false],"mailpoet_newsletter_max":["https:\/\/centroferreterofarvel.com\/wp-content\/uploads\/2024\/03\/TOMACORRIENTE-D-SOBREPO-DOBL-POLA125V15A-VOLTECK.png",1080,1350,false],"woocommerce_thumbnail":["https:\/\/centroferreterofarvel.com\/wp-content\/uploads\/2024\/03\/TOMACORRIENTE-D-SOBREPO-DOBL-POLA125V15A-VOLTECK-450x450.png",450,450,true],"woocommerce_single":["https:\/\/centroferreterofarvel.com\/wp-content\/uploads\/2024\/03\/TOMACORRIENTE-D-SOBREPO-DOBL-POLA125V15A-VOLTECK-600x750.png",600,750,true],"woocommerce_gallery_thumbnail":["https:\/\/centroferreterofarvel.com\/wp-content\/uploads\/2024\/03\/TOMACORRIENTE-D-SOBREPO-DOBL-POLA125V15A-VOLTECK-100x100.png",100,100,true]},"uagb_author_info":{"display_name":"centroferreterofarvel","author_link":"https:\/\/centroferreterofarvel.com\/index.php\/author\/"},"uagb_comment_info":0,"uagb_excerpt":"Tomacorriente Sobrepuesto Doble Polaridad 125v 15a Volteck: Eficiencia Y Confiabilidad El\u00e9ctrica.","_links":{"self":[{"href":"https:\/\/centroferreterofarvel.com\/index.php\/wp-json\/wp\/v2\/product\/8351"}],"collection":[{"href":"https:\/\/centroferreterofarvel.com\/index.php\/wp-json\/wp\/v2\/product"}],"about":[{"href":"https:\/\/centroferreterofarvel.com\/index.php\/wp-json\/wp\/v2\/types\/product"}],"replies":[{"embeddable":true,"href":"https:\/\/centroferreterofarvel.com\/index.php\/wp-json\/wp\/v2\/comments?post=8351"}],"version-history":[{"count":4,"href":"https:\/\/centroferreterofarvel.com\/index.php\/wp-json\/wp\/v2\/product\/8351\/revisions"}],"predecessor-version":[{"id":9471,"href":"https:\/\/centroferreterofarvel.com\/index.php\/wp-json\/wp\/v2\/product\/8351\/revisions\/9471"}],"wp:featuredmedia":[{"embeddable":true,"href":"https:\/\/centroferreterofarvel.com\/index.php\/wp-json\/wp\/v2\/media\/8352"}],"wp:attachment":[{"href":"https:\/\/centroferreterofarvel.com\/index.php\/wp-json\/wp\/v2\/media?parent=8351"}],"wp:term":[{"taxonomy":"product_cat","embeddable":true,"href":"https:\/\/centroferreterofarvel.com\/index.php\/wp-json\/wp\/v2\/product_cat?post=8351"},{"taxonomy":"product_tag","embeddable":true,"href":"https:\/\/centroferreterofarvel.com\/index.php\/wp-json\/wp\/v2\/product_tag?post=8351"}],"curies":[{"name":"wp","href":"https:\/\/api.w.org\/{rel}","templated":true}]}}