{"id":8448,"date":"2024-03-11T17:24:39","date_gmt":"2024-03-11T22:24:39","guid":{"rendered":"https:\/\/centroferreterofarvel.com\/?post_type=product&#038;p=8448"},"modified":"2024-05-21T14:04:08","modified_gmt":"2024-05-21T19:04:08","slug":"tubo-roscable-1-2-agua-presion-rival-ac","status":"publish","type":"product","link":"https:\/\/centroferreterofarvel.com\/index.php\/producto\/tubo-roscable-1-2-agua-presion-rival-ac\/","title":{"rendered":"TUBO ROSCABLE 1\/2 AGUA PRESI\u00d3N RIVAL AC"},"content":{"rendered":"<p>Nuestro tubo roscable 1\/2&#8243; agua presi\u00f3n rival ac es la opci\u00f3n ideal para garantizar un suministro de agua a presi\u00f3n confiable y duradero. Dise\u00f1ado espec\u00edficamente para sistemas de alta presi\u00f3n, este tubo rival ac asegura un flujo constante y confiable en condiciones exigentes. Adecuado para una variedad de aplicaciones, desde sistemas de suministro de agua en hogares hasta proyectos comerciales e industriales. Con el tubo roscable 1\/2&#8243; agua presi\u00f3n rival ac, puedes confiar en una soluci\u00f3n resistente y eficiente para tu sistema hidr\u00e1ulico.<\/p>\n","protected":false},"excerpt":{"rendered":"<p>Tubo Roscable 1\/2&#8243; Agua Presi\u00f3n Rival Ac: Soluci\u00f3n Confiable Para Tu Sistema Hidr\u00e1ulico.<\/p>\n","protected":false},"featured_media":8449,"comment_status":"open","ping_status":"closed","template":"","meta":{"_uag_custom_page_level_css":""},"product_cat":[22,172],"product_tag":[313,312,1194,1529,1533,1531,1532],"jetpack_sharing_enabled":true,"uagb_featured_image_src":{"full":["https:\/\/centroferreterofarvel.com\/wp-content\/uploads\/2024\/03\/TUBO-ROSCABLE-1-2-AGUA-PRESION-RIVAL-AC.png",1080,1350,false],"thumbnail":["https:\/\/centroferreterofarvel.com\/wp-content\/uploads\/2024\/03\/TUBO-ROSCABLE-1-2-AGUA-PRESION-RIVAL-AC-150x150.png",150,150,true],"medium":["https:\/\/centroferreterofarvel.com\/wp-content\/uploads\/2024\/03\/TUBO-ROSCABLE-1-2-AGUA-PRESION-RIVAL-AC-240x300.png",240,300,true],"medium_large":["https:\/\/centroferreterofarvel.com\/wp-content\/uploads\/2024\/03\/TUBO-ROSCABLE-1-2-AGUA-PRESION-RIVAL-AC-768x960.png",768,960,true],"large":["https:\/\/centroferreterofarvel.com\/wp-content\/uploads\/2024\/03\/TUBO-ROSCABLE-1-2-AGUA-PRESION-RIVAL-AC-819x1024.png",819,1024,true],"1536x1536":["https:\/\/centroferreterofarvel.com\/wp-content\/uploads\/2024\/03\/TUBO-ROSCABLE-1-2-AGUA-PRESION-RIVAL-AC.png",1080,1350,false],"2048x2048":["https:\/\/centroferreterofarvel.com\/wp-content\/uploads\/2024\/03\/TUBO-ROSCABLE-1-2-AGUA-PRESION-RIVAL-AC.png",1080,1350,false],"mailpoet_newsletter_max":["https:\/\/centroferreterofarvel.com\/wp-content\/uploads\/2024\/03\/TUBO-ROSCABLE-1-2-AGUA-PRESION-RIVAL-AC.png",1080,1350,false],"woocommerce_thumbnail":["https:\/\/centroferreterofarvel.com\/wp-content\/uploads\/2024\/03\/TUBO-ROSCABLE-1-2-AGUA-PRESION-RIVAL-AC-450x450.png",450,450,true],"woocommerce_single":["https:\/\/centroferreterofarvel.com\/wp-content\/uploads\/2024\/03\/TUBO-ROSCABLE-1-2-AGUA-PRESION-RIVAL-AC-600x750.png",600,750,true],"woocommerce_gallery_thumbnail":["https:\/\/centroferreterofarvel.com\/wp-content\/uploads\/2024\/03\/TUBO-ROSCABLE-1-2-AGUA-PRESION-RIVAL-AC-100x100.png",100,100,true]},"uagb_author_info":{"display_name":"centroferreterofarvel","author_link":"https:\/\/centroferreterofarvel.com\/index.php\/author\/"},"uagb_comment_info":0,"uagb_excerpt":"Tubo Roscable 1\/2\" Agua Presi\u00f3n Rival Ac: Soluci\u00f3n Confiable Para Tu Sistema Hidr\u00e1ulico.","_links":{"self":[{"href":"https:\/\/centroferreterofarvel.com\/index.php\/wp-json\/wp\/v2\/product\/8448"}],"collection":[{"href":"https:\/\/centroferreterofarvel.com\/index.php\/wp-json\/wp\/v2\/product"}],"about":[{"href":"https:\/\/centroferreterofarvel.com\/index.php\/wp-json\/wp\/v2\/types\/product"}],"replies":[{"embeddable":true,"href":"https:\/\/centroferreterofarvel.com\/index.php\/wp-json\/wp\/v2\/comments?post=8448"}],"version-history":[{"count":4,"href":"https:\/\/centroferreterofarvel.com\/index.php\/wp-json\/wp\/v2\/product\/8448\/revisions"}],"predecessor-version":[{"id":9071,"href":"https:\/\/centroferreterofarvel.com\/index.php\/wp-json\/wp\/v2\/product\/8448\/revisions\/9071"}],"wp:featuredmedia":[{"embeddable":true,"href":"https:\/\/centroferreterofarvel.com\/index.php\/wp-json\/wp\/v2\/media\/8449"}],"wp:attachment":[{"href":"https:\/\/centroferreterofarvel.com\/index.php\/wp-json\/wp\/v2\/media?parent=8448"}],"wp:term":[{"taxonomy":"product_cat","embeddable":true,"href":"https:\/\/centroferreterofarvel.com\/index.php\/wp-json\/wp\/v2\/product_cat?post=8448"},{"taxonomy":"product_tag","embeddable":true,"href":"https:\/\/centroferreterofarvel.com\/index.php\/wp-json\/wp\/v2\/product_tag?post=8448"}],"curies":[{"name":"wp","href":"https:\/\/api.w.org\/{rel}","templated":true}]}}