{"id":8519,"date":"2024-03-12T16:03:12","date_gmt":"2024-03-12T21:03:12","guid":{"rendered":"https:\/\/centroferreterofarvel.com\/?post_type=product&#038;p=8519"},"modified":"2024-04-09T11:30:36","modified_gmt":"2024-04-09T16:30:36","slug":"afloja-todo-liquido-penetrante-3-70z-truper","status":"publish","type":"product","link":"https:\/\/centroferreterofarvel.com\/index.php\/producto\/afloja-todo-liquido-penetrante-3-70z-truper\/","title":{"rendered":"AFLOJA TODO L\u00cdQUIDO PENETRANTE TRUPER"},"content":{"rendered":"<p>El Aflojatodo L\u00edquido Truper es el aliado perfecto para tus proyectos de mantenimiento y reparaci\u00f3n. Formulado con la m\u00e1s alta calidad, este lubricante industrial ofrece un rendimiento excepcional al aflojar tornillos, tuercas y piezas oxidadas con facilidad. Su f\u00f3rmula especial garantiza una penetraci\u00f3n profunda y una acci\u00f3n r\u00e1pida, ahorr\u00e1ndote tiempo y esfuerzo en cada trabajo. Conf\u00eda en el Aflojatodo L\u00edquido Truper para desafiar incluso las tareas m\u00e1s dif\u00edciles con resultados \u00f3ptimos.<\/p>\n","protected":false},"excerpt":{"rendered":"<p>Aflojatodo L\u00edquido Truper: La Soluci\u00f3n Eficiente para Todo Tipo de Trabajos.<\/p>\n","protected":false},"featured_media":8520,"comment_status":"open","ping_status":"closed","template":"","meta":{"_uag_custom_page_level_css":""},"product_cat":[15,131],"product_tag":[1616,1617,1618,623,1615,379,832],"jetpack_sharing_enabled":true,"uagb_featured_image_src":{"full":["https:\/\/centroferreterofarvel.com\/wp-content\/uploads\/2024\/03\/AFLOJA-TODO-LIQUIDO-PENETRANTE-3.70Z-TRUPER.png",1080,1350,false],"thumbnail":["https:\/\/centroferreterofarvel.com\/wp-content\/uploads\/2024\/03\/AFLOJA-TODO-LIQUIDO-PENETRANTE-3.70Z-TRUPER-150x150.png",150,150,true],"medium":["https:\/\/centroferreterofarvel.com\/wp-content\/uploads\/2024\/03\/AFLOJA-TODO-LIQUIDO-PENETRANTE-3.70Z-TRUPER-240x300.png",240,300,true],"medium_large":["https:\/\/centroferreterofarvel.com\/wp-content\/uploads\/2024\/03\/AFLOJA-TODO-LIQUIDO-PENETRANTE-3.70Z-TRUPER-768x960.png",768,960,true],"large":["https:\/\/centroferreterofarvel.com\/wp-content\/uploads\/2024\/03\/AFLOJA-TODO-LIQUIDO-PENETRANTE-3.70Z-TRUPER-819x1024.png",819,1024,true],"1536x1536":["https:\/\/centroferreterofarvel.com\/wp-content\/uploads\/2024\/03\/AFLOJA-TODO-LIQUIDO-PENETRANTE-3.70Z-TRUPER.png",1080,1350,false],"2048x2048":["https:\/\/centroferreterofarvel.com\/wp-content\/uploads\/2024\/03\/AFLOJA-TODO-LIQUIDO-PENETRANTE-3.70Z-TRUPER.png",1080,1350,false],"mailpoet_newsletter_max":["https:\/\/centroferreterofarvel.com\/wp-content\/uploads\/2024\/03\/AFLOJA-TODO-LIQUIDO-PENETRANTE-3.70Z-TRUPER.png",1080,1350,false],"woocommerce_thumbnail":["https:\/\/centroferreterofarvel.com\/wp-content\/uploads\/2024\/03\/AFLOJA-TODO-LIQUIDO-PENETRANTE-3.70Z-TRUPER-450x450.png",450,450,true],"woocommerce_single":["https:\/\/centroferreterofarvel.com\/wp-content\/uploads\/2024\/03\/AFLOJA-TODO-LIQUIDO-PENETRANTE-3.70Z-TRUPER-600x750.png",600,750,true],"woocommerce_gallery_thumbnail":["https:\/\/centroferreterofarvel.com\/wp-content\/uploads\/2024\/03\/AFLOJA-TODO-LIQUIDO-PENETRANTE-3.70Z-TRUPER-100x100.png",100,100,true]},"uagb_author_info":{"display_name":"centroferreterofarvel","author_link":"https:\/\/centroferreterofarvel.com\/index.php\/author\/"},"uagb_comment_info":0,"uagb_excerpt":"Aflojatodo L\u00edquido Truper: La Soluci\u00f3n Eficiente para Todo Tipo de Trabajos.","_links":{"self":[{"href":"https:\/\/centroferreterofarvel.com\/index.php\/wp-json\/wp\/v2\/product\/8519"}],"collection":[{"href":"https:\/\/centroferreterofarvel.com\/index.php\/wp-json\/wp\/v2\/product"}],"about":[{"href":"https:\/\/centroferreterofarvel.com\/index.php\/wp-json\/wp\/v2\/types\/product"}],"replies":[{"embeddable":true,"href":"https:\/\/centroferreterofarvel.com\/index.php\/wp-json\/wp\/v2\/comments?post=8519"}],"version-history":[{"count":3,"href":"https:\/\/centroferreterofarvel.com\/index.php\/wp-json\/wp\/v2\/product\/8519\/revisions"}],"predecessor-version":[{"id":9772,"href":"https:\/\/centroferreterofarvel.com\/index.php\/wp-json\/wp\/v2\/product\/8519\/revisions\/9772"}],"wp:featuredmedia":[{"embeddable":true,"href":"https:\/\/centroferreterofarvel.com\/index.php\/wp-json\/wp\/v2\/media\/8520"}],"wp:attachment":[{"href":"https:\/\/centroferreterofarvel.com\/index.php\/wp-json\/wp\/v2\/media?parent=8519"}],"wp:term":[{"taxonomy":"product_cat","embeddable":true,"href":"https:\/\/centroferreterofarvel.com\/index.php\/wp-json\/wp\/v2\/product_cat?post=8519"},{"taxonomy":"product_tag","embeddable":true,"href":"https:\/\/centroferreterofarvel.com\/index.php\/wp-json\/wp\/v2\/product_tag?post=8519"}],"curies":[{"name":"wp","href":"https:\/\/api.w.org\/{rel}","templated":true}]}}