{"id":8715,"date":"2024-03-15T16:37:25","date_gmt":"2024-03-15T21:37:25","guid":{"rendered":"https:\/\/centroferreterofarvel.com\/?post_type=product&#038;p=8715"},"modified":"2024-04-09T11:09:56","modified_gmt":"2024-04-09T16:09:56","slug":"cautin-t-lapiz-80w","status":"publish","type":"product","link":"https:\/\/centroferreterofarvel.com\/index.php\/producto\/cautin-t-lapiz-80w\/","title":{"rendered":"CAUT\u00cdN L\u00c1PIZ 80W"},"content":{"rendered":"<p>El caut\u00edn tipo l\u00e1piz de 80W es una herramienta el\u00e9ctrica esencial para trabajos de soldadura precisa y eficiente. Este caut\u00edn tipo l\u00e1piz de 80W te proporcionar\u00e1 la potencia necesaria y la precisi\u00f3n requerida para tus proyectos de soldadura. Ya sea que seas un aficionado o un profesional, esta herramienta confiable facilitar\u00e1 tus tareas de soldadura con resultados consistentes y de calidad. Ya sea que seas un aficionado o un profesional, esta herramienta confiable facilitar\u00e1 tus tareas de soldadura con resultados consistentes y de calidad.<\/p>\n","protected":false},"excerpt":{"rendered":"<p>Caut\u00edn tipo L\u00e1piz de 80W: Herramienta de Soldadura Potente y Precisa.<\/p>\n","protected":false},"featured_media":8709,"comment_status":"open","ping_status":"closed","template":"","meta":{"_uag_custom_page_level_css":""},"product_cat":[134,132],"product_tag":[830,826,828,623,834,833,832],"jetpack_sharing_enabled":true,"uagb_featured_image_src":{"full":["https:\/\/centroferreterofarvel.com\/wp-content\/uploads\/2024\/02\/CAUTIN-T-LAPIZ-80W.png",1080,1350,false],"thumbnail":["https:\/\/centroferreterofarvel.com\/wp-content\/uploads\/2024\/02\/CAUTIN-T-LAPIZ-80W-150x150.png",150,150,true],"medium":["https:\/\/centroferreterofarvel.com\/wp-content\/uploads\/2024\/02\/CAUTIN-T-LAPIZ-80W-240x300.png",240,300,true],"medium_large":["https:\/\/centroferreterofarvel.com\/wp-content\/uploads\/2024\/02\/CAUTIN-T-LAPIZ-80W-768x960.png",768,960,true],"large":["https:\/\/centroferreterofarvel.com\/wp-content\/uploads\/2024\/02\/CAUTIN-T-LAPIZ-80W-819x1024.png",819,1024,true],"1536x1536":["https:\/\/centroferreterofarvel.com\/wp-content\/uploads\/2024\/02\/CAUTIN-T-LAPIZ-80W.png",1080,1350,false],"2048x2048":["https:\/\/centroferreterofarvel.com\/wp-content\/uploads\/2024\/02\/CAUTIN-T-LAPIZ-80W.png",1080,1350,false],"mailpoet_newsletter_max":["https:\/\/centroferreterofarvel.com\/wp-content\/uploads\/2024\/02\/CAUTIN-T-LAPIZ-80W.png",1080,1350,false],"woocommerce_thumbnail":["https:\/\/centroferreterofarvel.com\/wp-content\/uploads\/2024\/02\/CAUTIN-T-LAPIZ-80W-450x450.png",450,450,true],"woocommerce_single":["https:\/\/centroferreterofarvel.com\/wp-content\/uploads\/2024\/02\/CAUTIN-T-LAPIZ-80W-600x750.png",600,750,true],"woocommerce_gallery_thumbnail":["https:\/\/centroferreterofarvel.com\/wp-content\/uploads\/2024\/02\/CAUTIN-T-LAPIZ-80W-100x100.png",100,100,true]},"uagb_author_info":{"display_name":"centroferreterofarvel","author_link":"https:\/\/centroferreterofarvel.com\/index.php\/author\/"},"uagb_comment_info":0,"uagb_excerpt":"Caut\u00edn tipo L\u00e1piz de 80W: Herramienta de Soldadura Potente y Precisa.","_links":{"self":[{"href":"https:\/\/centroferreterofarvel.com\/index.php\/wp-json\/wp\/v2\/product\/8715"}],"collection":[{"href":"https:\/\/centroferreterofarvel.com\/index.php\/wp-json\/wp\/v2\/product"}],"about":[{"href":"https:\/\/centroferreterofarvel.com\/index.php\/wp-json\/wp\/v2\/types\/product"}],"replies":[{"embeddable":true,"href":"https:\/\/centroferreterofarvel.com\/index.php\/wp-json\/wp\/v2\/comments?post=8715"}],"version-history":[{"count":3,"href":"https:\/\/centroferreterofarvel.com\/index.php\/wp-json\/wp\/v2\/product\/8715\/revisions"}],"predecessor-version":[{"id":9762,"href":"https:\/\/centroferreterofarvel.com\/index.php\/wp-json\/wp\/v2\/product\/8715\/revisions\/9762"}],"wp:featuredmedia":[{"embeddable":true,"href":"https:\/\/centroferreterofarvel.com\/index.php\/wp-json\/wp\/v2\/media\/8709"}],"wp:attachment":[{"href":"https:\/\/centroferreterofarvel.com\/index.php\/wp-json\/wp\/v2\/media?parent=8715"}],"wp:term":[{"taxonomy":"product_cat","embeddable":true,"href":"https:\/\/centroferreterofarvel.com\/index.php\/wp-json\/wp\/v2\/product_cat?post=8715"},{"taxonomy":"product_tag","embeddable":true,"href":"https:\/\/centroferreterofarvel.com\/index.php\/wp-json\/wp\/v2\/product_tag?post=8715"}],"curies":[{"name":"wp","href":"https:\/\/api.w.org\/{rel}","templated":true}]}}