{"id":8909,"date":"2024-03-17T22:45:35","date_gmt":"2024-03-18T03:45:35","guid":{"rendered":"https:\/\/centroferreterofarvel.com\/?post_type=product&#038;p=8909"},"modified":"2024-04-09T11:03:19","modified_gmt":"2024-04-09T16:03:19","slug":"extension-2x18-5m-amarilla-2","status":"publish","type":"product","link":"https:\/\/centroferreterofarvel.com\/index.php\/producto\/extension-2x18-5m-amarilla-2\/","title":{"rendered":"EXTENSI\u00d3N AMARILLA"},"content":{"rendered":"<p>La Extensi\u00f3n El\u00e9ctrica 2&#215;18 5m Amarilla es la soluci\u00f3n perfecta para proporcionar energ\u00eda adicional de manera eficiente y segura. Adecuada para uso en interiores, esta extensi\u00f3n el\u00e9ctrica es ideal para conectar l\u00e1mparas, electrodom\u00e9sticos, cargadores y otros dispositivos electr\u00f3nicos en cualquier rinc\u00f3n de tu hogar, oficina o taller. Su dise\u00f1o compacto y caracter\u00edsticas de seguridad la convierten en una opci\u00f3n conveniente para satisfacer tus necesidades el\u00e9ctricas.<\/p>\n","protected":false},"excerpt":{"rendered":"<p>Extensi\u00f3n El\u00e9ctrica Amarilla: Potencia y Seguridad en un Cable Compacto.<\/p>\n","protected":false},"featured_media":8910,"comment_status":"open","ping_status":"closed","template":"","meta":{"_uag_custom_page_level_css":""},"product_cat":[113,33],"product_tag":[1077,772,1078,1076,1075,1079],"jetpack_sharing_enabled":true,"uagb_featured_image_src":{"full":["https:\/\/centroferreterofarvel.com\/wp-content\/uploads\/2024\/03\/EXTENSION-2X18-5M-AMARILLA.png",1080,1350,false],"thumbnail":["https:\/\/centroferreterofarvel.com\/wp-content\/uploads\/2024\/03\/EXTENSION-2X18-5M-AMARILLA-150x150.png",150,150,true],"medium":["https:\/\/centroferreterofarvel.com\/wp-content\/uploads\/2024\/03\/EXTENSION-2X18-5M-AMARILLA-240x300.png",240,300,true],"medium_large":["https:\/\/centroferreterofarvel.com\/wp-content\/uploads\/2024\/03\/EXTENSION-2X18-5M-AMARILLA-768x960.png",768,960,true],"large":["https:\/\/centroferreterofarvel.com\/wp-content\/uploads\/2024\/03\/EXTENSION-2X18-5M-AMARILLA-819x1024.png",819,1024,true],"1536x1536":["https:\/\/centroferreterofarvel.com\/wp-content\/uploads\/2024\/03\/EXTENSION-2X18-5M-AMARILLA.png",1080,1350,false],"2048x2048":["https:\/\/centroferreterofarvel.com\/wp-content\/uploads\/2024\/03\/EXTENSION-2X18-5M-AMARILLA.png",1080,1350,false],"mailpoet_newsletter_max":["https:\/\/centroferreterofarvel.com\/wp-content\/uploads\/2024\/03\/EXTENSION-2X18-5M-AMARILLA.png",1080,1350,false],"woocommerce_thumbnail":["https:\/\/centroferreterofarvel.com\/wp-content\/uploads\/2024\/03\/EXTENSION-2X18-5M-AMARILLA-450x450.png",450,450,true],"woocommerce_single":["https:\/\/centroferreterofarvel.com\/wp-content\/uploads\/2024\/03\/EXTENSION-2X18-5M-AMARILLA-600x750.png",600,750,true],"woocommerce_gallery_thumbnail":["https:\/\/centroferreterofarvel.com\/wp-content\/uploads\/2024\/03\/EXTENSION-2X18-5M-AMARILLA-100x100.png",100,100,true]},"uagb_author_info":{"display_name":"centroferreterofarvel","author_link":"https:\/\/centroferreterofarvel.com\/index.php\/author\/"},"uagb_comment_info":0,"uagb_excerpt":"Extensi\u00f3n El\u00e9ctrica Amarilla: Potencia y Seguridad en un Cable Compacto.","_links":{"self":[{"href":"https:\/\/centroferreterofarvel.com\/index.php\/wp-json\/wp\/v2\/product\/8909"}],"collection":[{"href":"https:\/\/centroferreterofarvel.com\/index.php\/wp-json\/wp\/v2\/product"}],"about":[{"href":"https:\/\/centroferreterofarvel.com\/index.php\/wp-json\/wp\/v2\/types\/product"}],"replies":[{"embeddable":true,"href":"https:\/\/centroferreterofarvel.com\/index.php\/wp-json\/wp\/v2\/comments?post=8909"}],"version-history":[{"count":4,"href":"https:\/\/centroferreterofarvel.com\/index.php\/wp-json\/wp\/v2\/product\/8909\/revisions"}],"predecessor-version":[{"id":9771,"href":"https:\/\/centroferreterofarvel.com\/index.php\/wp-json\/wp\/v2\/product\/8909\/revisions\/9771"}],"wp:featuredmedia":[{"embeddable":true,"href":"https:\/\/centroferreterofarvel.com\/index.php\/wp-json\/wp\/v2\/media\/8910"}],"wp:attachment":[{"href":"https:\/\/centroferreterofarvel.com\/index.php\/wp-json\/wp\/v2\/media?parent=8909"}],"wp:term":[{"taxonomy":"product_cat","embeddable":true,"href":"https:\/\/centroferreterofarvel.com\/index.php\/wp-json\/wp\/v2\/product_cat?post=8909"},{"taxonomy":"product_tag","embeddable":true,"href":"https:\/\/centroferreterofarvel.com\/index.php\/wp-json\/wp\/v2\/product_tag?post=8909"}],"curies":[{"name":"wp","href":"https:\/\/api.w.org\/{rel}","templated":true}]}}